{"id":111593,"date":"2022-02-22T23:55:31","date_gmt":"2022-02-22T22:55:31","guid":{"rendered":"https:\/\/garazyki.pl\/?post_type=product&#038;p=111593"},"modified":"2024-01-06T14:01:00","modified_gmt":"2024-01-06T13:01:00","slug":"garbage-shed-3-00x6-00-wooden-gw-2","status":"publish","type":"product","link":"https:\/\/garazyki.pl\/en\/producent\/garbage-sheds\/garbage-shed-3-00x6-00-wooden-gw-2\/","title":{"rendered":"Garbage shed 3.00\u00d76.00 wooden GW-2"},"content":{"rendered":"<h2 style=\"text-align: center;\"><strong>Wooden garbage shed 3x6m<\/strong><\/h2>\n<p>Wooden garbage shed with the dimensions of 3m wide x 6m deep. The structure is made of a closed section lined with pine boards measuring 170x10x2cm. Above then boards powder coated welded steel mesh. Roof pitch to the rear (2.30\/2.10). In addition, a second gate on the left and a partition wall in the middle of the shed.<\/p>\n<p>Details of the 3\u00d76 shed :<br \/>\nconstruction from closed profiles<br \/>\nSheathing in treated pine 170x100x20mm.<br \/>\n2x double-leaf gate with lock and ears for padlocks<br \/>\nroof pitch: to the rear (2.30\/2.10m)<br \/>\npartition wall in the middle<\/p>\n","protected":false},"excerpt":{"rendered":"<p>Wooden garbage shed 3x6m Wooden garbage shed with the dimensions of 3m wide x 6m deep. The structure is made of a closed section lined with pine boards measuring 170x10x2cm. Above then boards powder coated welded steel mesh. Roof pitch to the rear (2.30\/2.10). In addition, a second gate on the left and a partition [&hellip;]<\/p>\n","protected":false},"featured_media":109786,"comment_status":"closed","ping_status":"closed","template":"","meta":{"_et_pb_use_builder":"","_et_pb_old_content":"","_et_gb_content_width":""},"product_brand":[],"product_cat":[324],"product_tag":[],"class_list":{"0":"post-111593","1":"product","2":"type-product","3":"status-publish","4":"has-post-thumbnail","6":"product_cat-garbage-sheds","8":"first","9":"instock","10":"taxable","11":"shipping-taxable","12":"purchasable","13":"product-type-simple"},"yoast_head":"<!-- This site is optimized with the Yoast SEO plugin v27.0 - https:\/\/yoast.com\/product\/yoast-seo-wordpress\/ -->\n<title>Garbage shed 3.00\u00d76.00 wooden GW-2 - Producent kontener\u00f3w biurowych, wiat \u015bmietnikowych, gara\u017ce z p\u0142ty warstwowej<\/title>\n<meta name=\"robots\" content=\"index, follow, max-snippet:-1, max-image-preview:large, max-video-preview:-1\" \/>\n<link rel=\"canonical\" href=\"https:\/\/garazyki.pl\/en\/producent\/garbage-sheds\/garbage-shed-3-00x6-00-wooden-gw-2\/\" \/>\n<meta property=\"og:locale\" content=\"en_US\" \/>\n<meta property=\"og:type\" content=\"article\" \/>\n<meta property=\"og:title\" content=\"Garbage shed 3.00\u00d76.00 wooden GW-2 - Producent kontener\u00f3w biurowych, wiat \u015bmietnikowych, gara\u017ce z p\u0142ty warstwowej\" \/>\n<meta property=\"og:description\" content=\"Wooden garbage shed 3x6m Wooden garbage shed with the dimensions of 3m wide x 6m deep. The structure is made of a closed section lined with pine boards measuring 170x10x2cm. Above then boards powder coated welded steel mesh. Roof pitch to the rear (2.30\/2.10). In addition, a second gate on the left and a partition [&hellip;]\" \/>\n<meta property=\"og:url\" content=\"https:\/\/garazyki.pl\/en\/producent\/garbage-sheds\/garbage-shed-3-00x6-00-wooden-gw-2\/\" \/>\n<meta property=\"og:site_name\" content=\"Producent kontener\u00f3w biurowych, wiat \u015bmietnikowych, gara\u017ce z p\u0142ty warstwowej\" \/>\n<meta property=\"article:publisher\" content=\"https:\/\/www.facebook.com\/garazyki\" \/>\n<meta property=\"article:modified_time\" content=\"2024-01-06T13:01:00+00:00\" \/>\n<meta property=\"og:image\" content=\"https:\/\/garazyki.pl\/wp-content\/uploads\/2022\/02\/15min.jpg\" \/>\n\t<meta property=\"og:image:width\" content=\"740\" \/>\n\t<meta property=\"og:image:height\" content=\"520\" \/>\n\t<meta property=\"og:image:type\" content=\"image\/jpeg\" \/>\n<meta name=\"twitter:card\" content=\"summary_large_image\" \/>\n<script type=\"application\/ld+json\" class=\"yoast-schema-graph\">{\"@context\":\"https:\/\/schema.org\",\"@graph\":[{\"@type\":\"WebPage\",\"@id\":\"https:\/\/garazyki.pl\/en\/producent\/garbage-sheds\/garbage-shed-3-00x6-00-wooden-gw-2\/\",\"url\":\"https:\/\/garazyki.pl\/en\/producent\/garbage-sheds\/garbage-shed-3-00x6-00-wooden-gw-2\/\",\"name\":\"Garbage shed 3.00\u00d76.00 wooden GW-2 - Producent kontener\u00f3w biurowych, wiat \u015bmietnikowych, gara\u017ce z p\u0142ty warstwowej\",\"isPartOf\":{\"@id\":\"https:\/\/garazyki.pl\/en\/#website\"},\"primaryImageOfPage\":{\"@id\":\"https:\/\/garazyki.pl\/en\/producent\/garbage-sheds\/garbage-shed-3-00x6-00-wooden-gw-2\/#primaryimage\"},\"image\":{\"@id\":\"https:\/\/garazyki.pl\/en\/producent\/garbage-sheds\/garbage-shed-3-00x6-00-wooden-gw-2\/#primaryimage\"},\"thumbnailUrl\":\"https:\/\/garazyki.pl\/wp-content\/uploads\/2022\/02\/15min.jpg\",\"datePublished\":\"2022-02-22T22:55:31+00:00\",\"dateModified\":\"2024-01-06T13:01:00+00:00\",\"breadcrumb\":{\"@id\":\"https:\/\/garazyki.pl\/en\/producent\/garbage-sheds\/garbage-shed-3-00x6-00-wooden-gw-2\/#breadcrumb\"},\"inLanguage\":\"en-US\",\"potentialAction\":[{\"@type\":\"ReadAction\",\"target\":[\"https:\/\/garazyki.pl\/en\/producent\/garbage-sheds\/garbage-shed-3-00x6-00-wooden-gw-2\/\"]}]},{\"@type\":\"ImageObject\",\"inLanguage\":\"en-US\",\"@id\":\"https:\/\/garazyki.pl\/en\/producent\/garbage-sheds\/garbage-shed-3-00x6-00-wooden-gw-2\/#primaryimage\",\"url\":\"https:\/\/garazyki.pl\/wp-content\/uploads\/2022\/02\/15min.jpg\",\"contentUrl\":\"https:\/\/garazyki.pl\/wp-content\/uploads\/2022\/02\/15min.jpg\",\"width\":740,\"height\":520,\"caption\":\"Wiata \u015bmietnikowa 3,00\u00d76,00 drewniana\"},{\"@type\":\"BreadcrumbList\",\"@id\":\"https:\/\/garazyki.pl\/en\/producent\/garbage-sheds\/garbage-shed-3-00x6-00-wooden-gw-2\/#breadcrumb\",\"itemListElement\":[{\"@type\":\"ListItem\",\"position\":1,\"name\":\"Strona g\u0142\u00f3wna\",\"item\":\"https:\/\/garazyki.pl\/en\/\"},{\"@type\":\"ListItem\",\"position\":2,\"name\":\"Products\",\"item\":\"https:\/\/garazyki.pl\/en\/shop\/\"},{\"@type\":\"ListItem\",\"position\":3,\"name\":\"Garbage shed 3.00\u00d76.00 wooden GW-2\"}]},{\"@type\":\"WebSite\",\"@id\":\"https:\/\/garazyki.pl\/en\/#website\",\"url\":\"https:\/\/garazyki.pl\/en\/\",\"name\":\"Producent kontener\u00f3w biurowych, wiat \u015bmietnikowych, gara\u017ce z p\u0142ty warstwowej\",\"description\":\"Kontenery biurowe, wiaty \u015bmietnikowe, hale, gara\u017ce blaszane od producenta.\",\"publisher\":{\"@id\":\"https:\/\/garazyki.pl\/en\/#organization\"},\"potentialAction\":[{\"@type\":\"SearchAction\",\"target\":{\"@type\":\"EntryPoint\",\"urlTemplate\":\"https:\/\/garazyki.pl\/en\/?s={search_term_string}\"},\"query-input\":{\"@type\":\"PropertyValueSpecification\",\"valueRequired\":true,\"valueName\":\"search_term_string\"}}],\"inLanguage\":\"en-US\"},{\"@type\":\"Organization\",\"@id\":\"https:\/\/garazyki.pl\/en\/#organization\",\"name\":\"Garazyki.pl Producent gara\u017cy i kontener\u00f3w biurowych i wiat\",\"url\":\"https:\/\/garazyki.pl\/en\/\",\"logo\":{\"@type\":\"ImageObject\",\"inLanguage\":\"en-US\",\"@id\":\"https:\/\/garazyki.pl\/en\/#\/schema\/logo\/image\/\",\"url\":\"https:\/\/garazyki.pl\/wp-content\/uploads\/2022\/02\/logo_garazyki_pl.png\",\"contentUrl\":\"https:\/\/garazyki.pl\/wp-content\/uploads\/2022\/02\/logo_garazyki_pl.png\",\"width\":120,\"height\":64,\"caption\":\"Garazyki.pl Producent gara\u017cy i kontener\u00f3w biurowych i wiat\"},\"image\":{\"@id\":\"https:\/\/garazyki.pl\/en\/#\/schema\/logo\/image\/\"},\"sameAs\":[\"https:\/\/www.facebook.com\/garazyki\",\"https:\/\/www.instagram.com\/garazyki.pl\/\",\"https:\/\/www.linkedin.com\/company\/alicja-garazyki\/\"]}]}<\/script>\n<!-- \/ Yoast SEO plugin. -->","yoast_head_json":{"title":"Garbage shed 3.00\u00d76.00 wooden GW-2 - Producent kontener\u00f3w biurowych, wiat \u015bmietnikowych, gara\u017ce z p\u0142ty warstwowej","robots":{"index":"index","follow":"follow","max-snippet":"max-snippet:-1","max-image-preview":"max-image-preview:large","max-video-preview":"max-video-preview:-1"},"canonical":"https:\/\/garazyki.pl\/en\/producent\/garbage-sheds\/garbage-shed-3-00x6-00-wooden-gw-2\/","og_locale":"en_US","og_type":"article","og_title":"Garbage shed 3.00\u00d76.00 wooden GW-2 - Producent kontener\u00f3w biurowych, wiat \u015bmietnikowych, gara\u017ce z p\u0142ty warstwowej","og_description":"Wooden garbage shed 3x6m Wooden garbage shed with the dimensions of 3m wide x 6m deep. The structure is made of a closed section lined with pine boards measuring 170x10x2cm. Above then boards powder coated welded steel mesh. Roof pitch to the rear (2.30\/2.10). In addition, a second gate on the left and a partition [&hellip;]","og_url":"https:\/\/garazyki.pl\/en\/producent\/garbage-sheds\/garbage-shed-3-00x6-00-wooden-gw-2\/","og_site_name":"Producent kontener\u00f3w biurowych, wiat \u015bmietnikowych, gara\u017ce z p\u0142ty warstwowej","article_publisher":"https:\/\/www.facebook.com\/garazyki","article_modified_time":"2024-01-06T13:01:00+00:00","og_image":[{"width":740,"height":520,"url":"https:\/\/garazyki.pl\/wp-content\/uploads\/2022\/02\/15min.jpg","type":"image\/jpeg"}],"twitter_card":"summary_large_image","schema":{"@context":"https:\/\/schema.org","@graph":[{"@type":"WebPage","@id":"https:\/\/garazyki.pl\/en\/producent\/garbage-sheds\/garbage-shed-3-00x6-00-wooden-gw-2\/","url":"https:\/\/garazyki.pl\/en\/producent\/garbage-sheds\/garbage-shed-3-00x6-00-wooden-gw-2\/","name":"Garbage shed 3.00\u00d76.00 wooden GW-2 - Producent kontener\u00f3w biurowych, wiat \u015bmietnikowych, gara\u017ce z p\u0142ty warstwowej","isPartOf":{"@id":"https:\/\/garazyki.pl\/en\/#website"},"primaryImageOfPage":{"@id":"https:\/\/garazyki.pl\/en\/producent\/garbage-sheds\/garbage-shed-3-00x6-00-wooden-gw-2\/#primaryimage"},"image":{"@id":"https:\/\/garazyki.pl\/en\/producent\/garbage-sheds\/garbage-shed-3-00x6-00-wooden-gw-2\/#primaryimage"},"thumbnailUrl":"https:\/\/garazyki.pl\/wp-content\/uploads\/2022\/02\/15min.jpg","datePublished":"2022-02-22T22:55:31+00:00","dateModified":"2024-01-06T13:01:00+00:00","breadcrumb":{"@id":"https:\/\/garazyki.pl\/en\/producent\/garbage-sheds\/garbage-shed-3-00x6-00-wooden-gw-2\/#breadcrumb"},"inLanguage":"en-US","potentialAction":[{"@type":"ReadAction","target":["https:\/\/garazyki.pl\/en\/producent\/garbage-sheds\/garbage-shed-3-00x6-00-wooden-gw-2\/"]}]},{"@type":"ImageObject","inLanguage":"en-US","@id":"https:\/\/garazyki.pl\/en\/producent\/garbage-sheds\/garbage-shed-3-00x6-00-wooden-gw-2\/#primaryimage","url":"https:\/\/garazyki.pl\/wp-content\/uploads\/2022\/02\/15min.jpg","contentUrl":"https:\/\/garazyki.pl\/wp-content\/uploads\/2022\/02\/15min.jpg","width":740,"height":520,"caption":"Wiata \u015bmietnikowa 3,00\u00d76,00 drewniana"},{"@type":"BreadcrumbList","@id":"https:\/\/garazyki.pl\/en\/producent\/garbage-sheds\/garbage-shed-3-00x6-00-wooden-gw-2\/#breadcrumb","itemListElement":[{"@type":"ListItem","position":1,"name":"Strona g\u0142\u00f3wna","item":"https:\/\/garazyki.pl\/en\/"},{"@type":"ListItem","position":2,"name":"Products","item":"https:\/\/garazyki.pl\/en\/shop\/"},{"@type":"ListItem","position":3,"name":"Garbage shed 3.00\u00d76.00 wooden GW-2"}]},{"@type":"WebSite","@id":"https:\/\/garazyki.pl\/en\/#website","url":"https:\/\/garazyki.pl\/en\/","name":"Producent kontener\u00f3w biurowych, wiat \u015bmietnikowych, gara\u017ce z p\u0142ty warstwowej","description":"Kontenery biurowe, wiaty \u015bmietnikowe, hale, gara\u017ce blaszane od producenta.","publisher":{"@id":"https:\/\/garazyki.pl\/en\/#organization"},"potentialAction":[{"@type":"SearchAction","target":{"@type":"EntryPoint","urlTemplate":"https:\/\/garazyki.pl\/en\/?s={search_term_string}"},"query-input":{"@type":"PropertyValueSpecification","valueRequired":true,"valueName":"search_term_string"}}],"inLanguage":"en-US"},{"@type":"Organization","@id":"https:\/\/garazyki.pl\/en\/#organization","name":"Garazyki.pl Producent gara\u017cy i kontener\u00f3w biurowych i wiat","url":"https:\/\/garazyki.pl\/en\/","logo":{"@type":"ImageObject","inLanguage":"en-US","@id":"https:\/\/garazyki.pl\/en\/#\/schema\/logo\/image\/","url":"https:\/\/garazyki.pl\/wp-content\/uploads\/2022\/02\/logo_garazyki_pl.png","contentUrl":"https:\/\/garazyki.pl\/wp-content\/uploads\/2022\/02\/logo_garazyki_pl.png","width":120,"height":64,"caption":"Garazyki.pl Producent gara\u017cy i kontener\u00f3w biurowych i wiat"},"image":{"@id":"https:\/\/garazyki.pl\/en\/#\/schema\/logo\/image\/"},"sameAs":["https:\/\/www.facebook.com\/garazyki","https:\/\/www.instagram.com\/garazyki.pl\/","https:\/\/www.linkedin.com\/company\/alicja-garazyki\/"]}]}},"_links":{"self":[{"href":"https:\/\/garazyki.pl\/en\/wp-json\/wp\/v2\/product\/111593","targetHints":{"allow":["GET"]}}],"collection":[{"href":"https:\/\/garazyki.pl\/en\/wp-json\/wp\/v2\/product"}],"about":[{"href":"https:\/\/garazyki.pl\/en\/wp-json\/wp\/v2\/types\/product"}],"replies":[{"embeddable":true,"href":"https:\/\/garazyki.pl\/en\/wp-json\/wp\/v2\/comments?post=111593"}],"wp:featuredmedia":[{"embeddable":true,"href":"https:\/\/garazyki.pl\/en\/wp-json\/wp\/v2\/media\/109786"}],"wp:attachment":[{"href":"https:\/\/garazyki.pl\/en\/wp-json\/wp\/v2\/media?parent=111593"}],"wp:term":[{"taxonomy":"product_brand","embeddable":true,"href":"https:\/\/garazyki.pl\/en\/wp-json\/wp\/v2\/product_brand?post=111593"},{"taxonomy":"product_cat","embeddable":true,"href":"https:\/\/garazyki.pl\/en\/wp-json\/wp\/v2\/product_cat?post=111593"},{"taxonomy":"product_tag","embeddable":true,"href":"https:\/\/garazyki.pl\/en\/wp-json\/wp\/v2\/product_tag?post=111593"}],"curies":[{"name":"wp","href":"https:\/\/api.w.org\/{rel}","templated":true}]}}