{"id":111204,"date":"2022-03-01T19:09:15","date_gmt":"2022-03-01T18:09:15","guid":{"rendered":"https:\/\/garazyki.pl\/contact\/"},"modified":"2024-01-08T15:17:52","modified_gmt":"2024-01-08T14:17:52","slug":"contact","status":"publish","type":"page","link":"https:\/\/garazyki.pl\/en\/contact\/","title":{"rendered":"Contact"},"content":{"rendered":"<p>[et_pb_section fb_built=&#8221;1&#8243; _builder_version=&#8221;4.16&#8243; _module_preset=&#8221;default&#8221; custom_padding=&#8221;2px|||||&#8221; global_colors_info=&#8221;{}&#8221;][et_pb_row _builder_version=&#8221;4.16&#8243; _module_preset=&#8221;default&#8221; custom_padding=&#8221;||2px|||&#8221; global_colors_info=&#8221;{}&#8221;][et_pb_column type=&#8221;4_4&#8243; _builder_version=&#8221;4.16&#8243; _module_preset=&#8221;default&#8221; global_colors_info=&#8221;{}&#8221;][et_pb_text _builder_version=&#8221;4.16&#8243; _module_preset=&#8221;default&#8221; hover_enabled=&#8221;0&#8243; global_colors_info=&#8221;{}&#8221; sticky_enabled=&#8221;0&#8243;]<\/p>\n<h2>Contact<\/h2>\n<p>[\/et_pb_text][\/et_pb_column][\/et_pb_row][et_pb_row column_structure=&#8221;1_2,1_2&#8243; _builder_version=&#8221;4.16&#8243; _module_preset=&#8221;default&#8221; global_colors_info=&#8221;{}&#8221;][et_pb_column type=&#8221;1_2&#8243; _builder_version=&#8221;4.16&#8243; _module_preset=&#8221;default&#8221; global_colors_info=&#8221;{}&#8221;][et_pb_text _builder_version=&#8221;4.23.1&#8243; _module_preset=&#8221;default&#8221; hover_enabled=&#8221;0&#8243; global_colors_info=&#8221;{}&#8221; sticky_enabled=&#8221;0&#8243;]<\/p>\n<p>tel. <a href=\"tel:+48585351596\">(58)-535-15-96<\/a><br \/>tel.\u00a0<a href=\"tel:+48523327575\">(52)-332-75-75<\/a><br \/><a href=\"mailto:biuro@garazyki.pl\">biuro@garazyki.pl<\/a><\/p>\n<p>&#8212;&#8212;&#8212;&#8212;&#8212;&#8212;&#8212;&#8212;&#8212;&#8212;&#8212;&#8212;&#8211;<\/p>\n<p>Do you require a measurement? Call us:<\/p>\n<p>tel.<a href=\"tel:+48607651887\">607-651-887<\/a>\u00a0 PN-PT (7:00 am &#8211; 3:00 pm)<\/p>\n<p>&#8212;&#8212;&#8212;&#8212;&#8212;&#8212;&#8212;&#8212;&#8212;&#8212;&#8212;&#8212;&#8211;<\/p>\n<h3>Office<\/h3>\n<p>Alicja Gara\u017cyki Krzysztof G\u0119bala<br \/>Pieni\u0105\u017ckowo 4b<br \/>83-135 Ma\u0142a Karczma<br \/>NIP PL 559-186-47-51<\/p>\n<h3>Opening hours<\/h3>\n<p>Monday &#8211; Thursday 7:00 a.m. &#8211; 3:15 p.m.<br \/>Friday 7:00 a.m. &#8211; 2:00 p.m.<\/p>\n<h3>DELIVERIES AND COLLECTIONS UNTIL 13:30<\/h3>\n<p>&#8212;&#8212;&#8212;&#8212;&#8212;&#8212;&#8212;&#8212;&#8212;&#8212;&#8212;&#8212;&#8211;<\/p>\n<h3>Sales points:<\/h3>\n<p>Pomeranian voivodship:<br \/>ERAPOL<br \/>ul.Hutnicza 4A<br \/>81-061 Gdynia<br \/>tel.<a href=\"tel:+48587833548\">(58)-783-35-48<\/a><\/p>\n<p>&nbsp;<\/p>\n<p>Production facility is located in Pieni\u0105\u017ckowo (Pomorskie Voivodeship) (7 km north on route 91 from Nowe)<br \/>We invite you to contact the company ALICJA GARA\u017bYKI Krzysztof G\u0119bala. We manufacture and sell new garages of various types, garbage sheds and customised tin gatehouses. Our production facility is located in Pieni\u0105\u017ckowo in the Pomeranian Voivodship, but you can also view and purchase our products at our authorised sales point in Gdynia. If you are interested in our offer but our authorised sales point is not located in your area, please contact our sales representatives who work in the majority of the voivodeships.<\/p>\n<p>&#8212;&#8212;&#8212;&#8212;&#8212;&#8212;&#8212;&#8212;&#8212;&#8212;&#8212;&#8212;&#8212;&#8212;&#8212;&#8212;&#8212;&#8212;&#8212;&#8212;&#8212;&#8212;&#8212;&#8212;&#8212;&#8212;&#8211;<\/p>\n<p>The data you provide will only be processed for the purpose of sending you an e-mail from ALICJA GARA\u017bYKI Krzysztof G\u0119bala, which contains information about our products and company, as well as favourable, personalised offers and proposals. We act on the basis of your consent. We do not sell your data anywhere, nor do we make it available to unauthorised persons. We store your data in a database. We will store your data until you withdraw your consent. You always have the right to access your data and you may wish to rectify it. You can also always object to our processing of your data. You can always withdraw the consent you have given us &#8211; at any time. The submission of your data does not result from any legal obligation, it is voluntary. This allows us to send you later the information that is most useful and interesting for you.<\/p>\n<p>[\/et_pb_text][\/et_pb_column][et_pb_column type=&#8221;1_2&#8243; _builder_version=&#8221;4.16&#8243; _module_preset=&#8221;default&#8221; global_colors_info=&#8221;{}&#8221;][et_pb_text _builder_version=&#8221;4.23.1&#8243; _module_preset=&#8221;default&#8221; global_colors_info=&#8221;{}&#8221;]<\/p>\n<h3>Contact form<\/h3>\n<p>If you have any questions, you can use the contact form.<\/p>\n<p>[\/et_pb_text][et_pb_contact_form email=&#8221;biuro@garazyki.pl&#8221; submit_button_text=&#8221;Send&#8221; _builder_version=&#8221;4.23.1&#8243; _module_preset=&#8221;default&#8221; _unique_id=&#8221;69952162-5759-44c6-91ae-2c75b847e94d&#8221; custom_margin=&#8221;||75px|||&#8221; global_colors_info=&#8221;{}&#8221;][et_pb_contact_field field_id=&#8221;Name&#8221; field_title=&#8221;Name&#8221; _builder_version=&#8221;4.16&#8243; global_colors_info=&#8221;{}&#8221; button_text_size__hover_enabled=&#8221;off&#8221; button_one_text_size__hover_enabled=&#8221;off&#8221; button_two_text_size__hover_enabled=&#8221;off&#8221; button_text_color__hover_enabled=&#8221;off&#8221; button_one_text_color__hover_enabled=&#8221;off&#8221; button_two_text_color__hover_enabled=&#8221;off&#8221; button_border_width__hover_enabled=&#8221;off&#8221; button_one_border_width__hover_enabled=&#8221;off&#8221; button_two_border_width__hover_enabled=&#8221;off&#8221; button_border_color__hover_enabled=&#8221;off&#8221; button_one_border_color__hover_enabled=&#8221;off&#8221; button_two_border_color__hover_enabled=&#8221;off&#8221; button_border_radius__hover_enabled=&#8221;off&#8221; button_one_border_radius__hover_enabled=&#8221;off&#8221; button_two_border_radius__hover_enabled=&#8221;off&#8221; button_letter_spacing__hover_enabled=&#8221;off&#8221; button_one_letter_spacing__hover_enabled=&#8221;off&#8221; button_two_letter_spacing__hover_enabled=&#8221;off&#8221; button_bg_color__hover_enabled=&#8221;off&#8221; button_one_bg_color__hover_enabled=&#8221;off&#8221; button_two_bg_color__hover_enabled=&#8221;off&#8221;][\/et_pb_contact_field][et_pb_contact_field field_id=&#8221;Nazwisko&#8221; field_title=&#8221;surname&#8221; _builder_version=&#8221;4.23.1&#8243; global_colors_info=&#8221;{}&#8221; button_text_size__hover_enabled=&#8221;off&#8221; button_one_text_size__hover_enabled=&#8221;off&#8221; button_two_text_size__hover_enabled=&#8221;off&#8221; button_text_color__hover_enabled=&#8221;off&#8221; button_one_text_color__hover_enabled=&#8221;off&#8221; button_two_text_color__hover_enabled=&#8221;off&#8221; button_border_width__hover_enabled=&#8221;off&#8221; button_one_border_width__hover_enabled=&#8221;off&#8221; button_two_border_width__hover_enabled=&#8221;off&#8221; button_border_color__hover_enabled=&#8221;off&#8221; button_one_border_color__hover_enabled=&#8221;off&#8221; button_two_border_color__hover_enabled=&#8221;off&#8221; button_border_radius__hover_enabled=&#8221;off&#8221; button_one_border_radius__hover_enabled=&#8221;off&#8221; button_two_border_radius__hover_enabled=&#8221;off&#8221; button_letter_spacing__hover_enabled=&#8221;off&#8221; button_one_letter_spacing__hover_enabled=&#8221;off&#8221; button_two_letter_spacing__hover_enabled=&#8221;off&#8221; button_bg_color__hover_enabled=&#8221;off&#8221; button_one_bg_color__hover_enabled=&#8221;off&#8221; button_two_bg_color__hover_enabled=&#8221;off&#8221;][\/et_pb_contact_field][et_pb_contact_field field_id=&#8221;telefon&#8221; field_title=&#8221;Phone&#8221; _builder_version=&#8221;4.23.1&#8243; _module_preset=&#8221;default&#8221; global_colors_info=&#8221;{}&#8221;][\/et_pb_contact_field][et_pb_contact_field field_id=&#8221;Email&#8221; field_title=&#8221;E-mail address&#8221; field_type=&#8221;email&#8221; _builder_version=&#8221;4.23.1&#8243; global_colors_info=&#8221;{}&#8221; button_text_size__hover_enabled=&#8221;off&#8221; button_one_text_size__hover_enabled=&#8221;off&#8221; button_two_text_size__hover_enabled=&#8221;off&#8221; button_text_color__hover_enabled=&#8221;off&#8221; button_one_text_color__hover_enabled=&#8221;off&#8221; button_two_text_color__hover_enabled=&#8221;off&#8221; button_border_width__hover_enabled=&#8221;off&#8221; button_one_border_width__hover_enabled=&#8221;off&#8221; button_two_border_width__hover_enabled=&#8221;off&#8221; button_border_color__hover_enabled=&#8221;off&#8221; button_one_border_color__hover_enabled=&#8221;off&#8221; button_two_border_color__hover_enabled=&#8221;off&#8221; button_border_radius__hover_enabled=&#8221;off&#8221; button_one_border_radius__hover_enabled=&#8221;off&#8221; button_two_border_radius__hover_enabled=&#8221;off&#8221; button_letter_spacing__hover_enabled=&#8221;off&#8221; button_one_letter_spacing__hover_enabled=&#8221;off&#8221; button_two_letter_spacing__hover_enabled=&#8221;off&#8221; button_bg_color__hover_enabled=&#8221;off&#8221; button_one_bg_color__hover_enabled=&#8221;off&#8221; button_two_bg_color__hover_enabled=&#8221;off&#8221;][\/et_pb_contact_field][et_pb_contact_field field_id=&#8221;Message&#8221; field_title=&#8221;Message&#8221; field_type=&#8221;text&#8221; fullwidth_field=&#8221;on&#8221; _builder_version=&#8221;4.16&#8243; global_colors_info=&#8221;{}&#8221; button_text_size__hover_enabled=&#8221;off&#8221; button_one_text_size__hover_enabled=&#8221;off&#8221; button_two_text_size__hover_enabled=&#8221;off&#8221; button_text_color__hover_enabled=&#8221;off&#8221; button_one_text_color__hover_enabled=&#8221;off&#8221; button_two_text_color__hover_enabled=&#8221;off&#8221; button_border_width__hover_enabled=&#8221;off&#8221; button_one_border_width__hover_enabled=&#8221;off&#8221; button_two_border_width__hover_enabled=&#8221;off&#8221; button_border_color__hover_enabled=&#8221;off&#8221; button_one_border_color__hover_enabled=&#8221;off&#8221; button_two_border_color__hover_enabled=&#8221;off&#8221; button_border_radius__hover_enabled=&#8221;off&#8221; button_one_border_radius__hover_enabled=&#8221;off&#8221; button_two_border_radius__hover_enabled=&#8221;off&#8221; button_letter_spacing__hover_enabled=&#8221;off&#8221; button_one_letter_spacing__hover_enabled=&#8221;off&#8221; button_two_letter_spacing__hover_enabled=&#8221;off&#8221; button_bg_color__hover_enabled=&#8221;off&#8221; button_one_bg_color__hover_enabled=&#8221;off&#8221; button_two_bg_color__hover_enabled=&#8221;off&#8221;][\/et_pb_contact_field][\/et_pb_contact_form][et_pb_code _builder_version=&#8221;4.19.5&#8243; _module_preset=&#8221;default&#8221; min_height=&#8221;1000px&#8221; height=&#8221;1000px&#8221; custom_margin=&#8221;61px|||||&#8221; global_colors_info=&#8221;{}&#8221;]<iframe loading=\"lazy\" style=\"border: 0;\" tabindex=\"0\" src=\"https:\/\/www.google.com\/maps\/embed?pb=!1m18!1m12!1m3!1d37785.8914327414!2d18.802960060151804!3d53.70724847777428!2m3!1f0!2f0!3f0!3m2!1i1024!2i768!4f13.1!3m3!1m2!1s0x4702b8cd69007efd%3A0xbab5f58f331b3afb!2sAlicja!5e0!3m2!1spl!2spl!4v1639496819528!5m2!1spl!2spl\" width=\"100%\" height=\"250\" frameborder=\"0\" allowfullscreen=\"allowfullscreen\" aria-hidden=\"false\"><\/iframe>[\/et_pb_code][\/et_pb_column][\/et_pb_row][\/et_pb_section]<\/p>\n","protected":false},"excerpt":{"rendered":"<p>Contacttel. (58)-535-15-96tel.\u00a0(52)-332-75-75biuro@garazyki.pl &#8212;&#8212;&#8212;&#8212;&#8212;&#8212;&#8212;&#8212;&#8212;&#8212;&#8212;&#8212;&#8211; Do you require a measurement? Call us: tel.607-651-887\u00a0 PN-PT (7:00 am &#8211; 3:00 pm) &#8212;&#8212;&#8212;&#8212;&#8212;&#8212;&#8212;&#8212;&#8212;&#8212;&#8212;&#8212;&#8211; Office Alicja Gara\u017cyki Krzysztof G\u0119balaPieni\u0105\u017ckowo 4b83-135 Ma\u0142a KarczmaNIP PL 559-186-47-51 Opening hours Monday &#8211; Thursday 7:00 a.m. &#8211; 3:15 p.m.Friday 7:00 a.m. &#8211; 2:00 p.m. DELIVERIES AND COLLECTIONS UNTIL 13:30 &#8212;&#8212;&#8212;&#8212;&#8212;&#8212;&#8212;&#8212;&#8212;&#8212;&#8212;&#8212;&#8211; Sales points: Pomeranian voivodship:ERAPOLul.Hutnicza 4A81-061 Gdyniatel.(58)-783-35-48 &nbsp; Production facility is located in Pieni\u0105\u017ckowo (Pomorskie Voivodeship) (7 km north on route 91 from Nowe)We invite you to contact the company ALICJA GARA\u017bYKI Krzysztof G\u0119bala. We manufacture and sell new garages of various types, garbage sheds and customised tin gatehouses. Our production facility is located in Pieni\u0105\u017ckowo in the Pomeranian Voivodship, but you can also view and purchase our products at our authorised sales point in Gdynia. If you are interested in our offer but our authorised sales point is not located in your area, please contact our sales representatives who work in the majority of the voivodeships. &#8212;&#8212;&#8212;&#8212;&#8212;&#8212;&#8212;&#8212;&#8212;&#8212;&#8212;&#8212;&#8212;&#8212;&#8212;&#8212;&#8212;&#8212;&#8212;&#8212;&#8212;&#8212;&#8212;&#8212;&#8212;&#8212;&#8211; The data you provide will only be processed for the purpose of sending you an e-mail from ALICJA GARA\u017bYKI Krzysztof G\u0119bala, which contains information about our products and company, as well as favourable, personalised offers and proposals. We act on the basis of your [&hellip;]<\/p>\n","protected":false},"author":1,"featured_media":0,"parent":0,"menu_order":0,"comment_status":"closed","ping_status":"closed","template":"","meta":{"_et_pb_use_builder":"on","_et_pb_old_content":"","_et_gb_content_width":"","footnotes":""},"class_list":["post-111204","page","type-page","status-publish","hentry"],"yoast_head":"<!-- This site is optimized with the Yoast SEO plugin v27.0 - https:\/\/yoast.com\/product\/yoast-seo-wordpress\/ -->\n<title>Contact - Producent kontener\u00f3w biurowych, wiat \u015bmietnikowych, gara\u017ce z p\u0142ty warstwowej<\/title>\n<meta name=\"robots\" content=\"index, follow, max-snippet:-1, max-image-preview:large, max-video-preview:-1\" \/>\n<link rel=\"canonical\" href=\"https:\/\/garazyki.pl\/en\/contact\/\" \/>\n<meta property=\"og:locale\" content=\"en_US\" \/>\n<meta property=\"og:type\" content=\"article\" \/>\n<meta property=\"og:title\" content=\"Contact - Producent kontener\u00f3w biurowych, wiat \u015bmietnikowych, gara\u017ce z p\u0142ty warstwowej\" \/>\n<meta property=\"og:description\" content=\"Contacttel. (58)-535-15-96tel.\u00a0(52)-332-75-75biuro@garazyki.pl -------------------------------------- Do you require a measurement? Call us: tel.607-651-887\u00a0 PN-PT (7:00 am - 3:00 pm) -------------------------------------- Office Alicja Gara\u017cyki Krzysztof G\u0119balaPieni\u0105\u017ckowo 4b83-135 Ma\u0142a KarczmaNIP PL 559-186-47-51 Opening hours Monday - Thursday 7:00 a.m. - 3:15 p.m.Friday 7:00 a.m. - 2:00 p.m. DELIVERIES AND COLLECTIONS UNTIL 13:30 -------------------------------------- Sales points: Pomeranian voivodship:ERAPOLul.Hutnicza 4A81-061 Gdyniatel.(58)-783-35-48 &nbsp; Production facility is located in Pieni\u0105\u017ckowo (Pomorskie Voivodeship) (7 km north on route 91 from Nowe)We invite you to contact the company ALICJA GARA\u017bYKI Krzysztof G\u0119bala. We manufacture and sell new garages of various types, garbage sheds and customised tin gatehouses. Our production facility is located in Pieni\u0105\u017ckowo in the Pomeranian Voivodship, but you can also view and purchase our products at our authorised sales point in Gdynia. If you are interested in our offer but our authorised sales point is not located in your area, please contact our sales representatives who work in the majority of the voivodeships. -------------------------------------------------------------------------------- The data you provide will only be processed for the purpose of sending you an e-mail from ALICJA GARA\u017bYKI Krzysztof G\u0119bala, which contains information about our products and company, as well as favourable, personalised offers and proposals. We act on the basis of your [&hellip;]\" \/>\n<meta property=\"og:url\" content=\"https:\/\/garazyki.pl\/en\/contact\/\" \/>\n<meta property=\"og:site_name\" content=\"Producent kontener\u00f3w biurowych, wiat \u015bmietnikowych, gara\u017ce z p\u0142ty warstwowej\" \/>\n<meta property=\"article:publisher\" content=\"https:\/\/www.facebook.com\/garazyki\" \/>\n<meta property=\"article:modified_time\" content=\"2024-01-08T14:17:52+00:00\" \/>\n<meta name=\"twitter:card\" content=\"summary_large_image\" \/>\n<meta name=\"twitter:label1\" content=\"Est. reading time\" \/>\n\t<meta name=\"twitter:data1\" content=\"6 minutes\" \/>\n<script type=\"application\/ld+json\" class=\"yoast-schema-graph\">{\"@context\":\"https:\/\/schema.org\",\"@graph\":[{\"@type\":\"WebPage\",\"@id\":\"https:\/\/garazyki.pl\/en\/contact\/\",\"url\":\"https:\/\/garazyki.pl\/en\/contact\/\",\"name\":\"Contact - Producent kontener\u00f3w biurowych, wiat \u015bmietnikowych, gara\u017ce z p\u0142ty warstwowej\",\"isPartOf\":{\"@id\":\"https:\/\/garazyki.pl\/en\/#website\"},\"datePublished\":\"2022-03-01T18:09:15+00:00\",\"dateModified\":\"2024-01-08T14:17:52+00:00\",\"breadcrumb\":{\"@id\":\"https:\/\/garazyki.pl\/en\/contact\/#breadcrumb\"},\"inLanguage\":\"en-US\",\"potentialAction\":[{\"@type\":\"ReadAction\",\"target\":[\"https:\/\/garazyki.pl\/en\/contact\/\"]}]},{\"@type\":\"BreadcrumbList\",\"@id\":\"https:\/\/garazyki.pl\/en\/contact\/#breadcrumb\",\"itemListElement\":[{\"@type\":\"ListItem\",\"position\":1,\"name\":\"Strona g\u0142\u00f3wna\",\"item\":\"https:\/\/garazyki.pl\/en\/\"},{\"@type\":\"ListItem\",\"position\":2,\"name\":\"Contact\"}]},{\"@type\":\"WebSite\",\"@id\":\"https:\/\/garazyki.pl\/en\/#website\",\"url\":\"https:\/\/garazyki.pl\/en\/\",\"name\":\"Producent kontener\u00f3w biurowych, wiat \u015bmietnikowych, gara\u017ce z p\u0142ty warstwowej\",\"description\":\"Kontenery biurowe, wiaty \u015bmietnikowe, hale, gara\u017ce blaszane od producenta.\",\"publisher\":{\"@id\":\"https:\/\/garazyki.pl\/en\/#organization\"},\"potentialAction\":[{\"@type\":\"SearchAction\",\"target\":{\"@type\":\"EntryPoint\",\"urlTemplate\":\"https:\/\/garazyki.pl\/en\/?s={search_term_string}\"},\"query-input\":{\"@type\":\"PropertyValueSpecification\",\"valueRequired\":true,\"valueName\":\"search_term_string\"}}],\"inLanguage\":\"en-US\"},{\"@type\":\"Organization\",\"@id\":\"https:\/\/garazyki.pl\/en\/#organization\",\"name\":\"Garazyki.pl Producent gara\u017cy i kontener\u00f3w biurowych i wiat\",\"url\":\"https:\/\/garazyki.pl\/en\/\",\"logo\":{\"@type\":\"ImageObject\",\"inLanguage\":\"en-US\",\"@id\":\"https:\/\/garazyki.pl\/en\/#\/schema\/logo\/image\/\",\"url\":\"https:\/\/garazyki.pl\/wp-content\/uploads\/2022\/02\/logo_garazyki_pl.png\",\"contentUrl\":\"https:\/\/garazyki.pl\/wp-content\/uploads\/2022\/02\/logo_garazyki_pl.png\",\"width\":120,\"height\":64,\"caption\":\"Garazyki.pl Producent gara\u017cy i kontener\u00f3w biurowych i wiat\"},\"image\":{\"@id\":\"https:\/\/garazyki.pl\/en\/#\/schema\/logo\/image\/\"},\"sameAs\":[\"https:\/\/www.facebook.com\/garazyki\",\"https:\/\/www.instagram.com\/garazyki.pl\/\",\"https:\/\/www.linkedin.com\/company\/alicja-garazyki\/\"]}]}<\/script>\n<!-- \/ Yoast SEO plugin. -->","yoast_head_json":{"title":"Contact - Producent kontener\u00f3w biurowych, wiat \u015bmietnikowych, gara\u017ce z p\u0142ty warstwowej","robots":{"index":"index","follow":"follow","max-snippet":"max-snippet:-1","max-image-preview":"max-image-preview:large","max-video-preview":"max-video-preview:-1"},"canonical":"https:\/\/garazyki.pl\/en\/contact\/","og_locale":"en_US","og_type":"article","og_title":"Contact - Producent kontener\u00f3w biurowych, wiat \u015bmietnikowych, gara\u017ce z p\u0142ty warstwowej","og_description":"Contacttel. (58)-535-15-96tel.\u00a0(52)-332-75-75biuro@garazyki.pl -------------------------------------- Do you require a measurement? Call us: tel.607-651-887\u00a0 PN-PT (7:00 am - 3:00 pm) -------------------------------------- Office Alicja Gara\u017cyki Krzysztof G\u0119balaPieni\u0105\u017ckowo 4b83-135 Ma\u0142a KarczmaNIP PL 559-186-47-51 Opening hours Monday - Thursday 7:00 a.m. - 3:15 p.m.Friday 7:00 a.m. - 2:00 p.m. DELIVERIES AND COLLECTIONS UNTIL 13:30 -------------------------------------- Sales points: Pomeranian voivodship:ERAPOLul.Hutnicza 4A81-061 Gdyniatel.(58)-783-35-48 &nbsp; Production facility is located in Pieni\u0105\u017ckowo (Pomorskie Voivodeship) (7 km north on route 91 from Nowe)We invite you to contact the company ALICJA GARA\u017bYKI Krzysztof G\u0119bala. We manufacture and sell new garages of various types, garbage sheds and customised tin gatehouses. Our production facility is located in Pieni\u0105\u017ckowo in the Pomeranian Voivodship, but you can also view and purchase our products at our authorised sales point in Gdynia. If you are interested in our offer but our authorised sales point is not located in your area, please contact our sales representatives who work in the majority of the voivodeships. -------------------------------------------------------------------------------- The data you provide will only be processed for the purpose of sending you an e-mail from ALICJA GARA\u017bYKI Krzysztof G\u0119bala, which contains information about our products and company, as well as favourable, personalised offers and proposals. We act on the basis of your [&hellip;]","og_url":"https:\/\/garazyki.pl\/en\/contact\/","og_site_name":"Producent kontener\u00f3w biurowych, wiat \u015bmietnikowych, gara\u017ce z p\u0142ty warstwowej","article_publisher":"https:\/\/www.facebook.com\/garazyki","article_modified_time":"2024-01-08T14:17:52+00:00","twitter_card":"summary_large_image","twitter_misc":{"Est. reading time":"6 minutes"},"schema":{"@context":"https:\/\/schema.org","@graph":[{"@type":"WebPage","@id":"https:\/\/garazyki.pl\/en\/contact\/","url":"https:\/\/garazyki.pl\/en\/contact\/","name":"Contact - Producent kontener\u00f3w biurowych, wiat \u015bmietnikowych, gara\u017ce z p\u0142ty warstwowej","isPartOf":{"@id":"https:\/\/garazyki.pl\/en\/#website"},"datePublished":"2022-03-01T18:09:15+00:00","dateModified":"2024-01-08T14:17:52+00:00","breadcrumb":{"@id":"https:\/\/garazyki.pl\/en\/contact\/#breadcrumb"},"inLanguage":"en-US","potentialAction":[{"@type":"ReadAction","target":["https:\/\/garazyki.pl\/en\/contact\/"]}]},{"@type":"BreadcrumbList","@id":"https:\/\/garazyki.pl\/en\/contact\/#breadcrumb","itemListElement":[{"@type":"ListItem","position":1,"name":"Strona g\u0142\u00f3wna","item":"https:\/\/garazyki.pl\/en\/"},{"@type":"ListItem","position":2,"name":"Contact"}]},{"@type":"WebSite","@id":"https:\/\/garazyki.pl\/en\/#website","url":"https:\/\/garazyki.pl\/en\/","name":"Producent kontener\u00f3w biurowych, wiat \u015bmietnikowych, gara\u017ce z p\u0142ty warstwowej","description":"Kontenery biurowe, wiaty \u015bmietnikowe, hale, gara\u017ce blaszane od producenta.","publisher":{"@id":"https:\/\/garazyki.pl\/en\/#organization"},"potentialAction":[{"@type":"SearchAction","target":{"@type":"EntryPoint","urlTemplate":"https:\/\/garazyki.pl\/en\/?s={search_term_string}"},"query-input":{"@type":"PropertyValueSpecification","valueRequired":true,"valueName":"search_term_string"}}],"inLanguage":"en-US"},{"@type":"Organization","@id":"https:\/\/garazyki.pl\/en\/#organization","name":"Garazyki.pl Producent gara\u017cy i kontener\u00f3w biurowych i wiat","url":"https:\/\/garazyki.pl\/en\/","logo":{"@type":"ImageObject","inLanguage":"en-US","@id":"https:\/\/garazyki.pl\/en\/#\/schema\/logo\/image\/","url":"https:\/\/garazyki.pl\/wp-content\/uploads\/2022\/02\/logo_garazyki_pl.png","contentUrl":"https:\/\/garazyki.pl\/wp-content\/uploads\/2022\/02\/logo_garazyki_pl.png","width":120,"height":64,"caption":"Garazyki.pl Producent gara\u017cy i kontener\u00f3w biurowych i wiat"},"image":{"@id":"https:\/\/garazyki.pl\/en\/#\/schema\/logo\/image\/"},"sameAs":["https:\/\/www.facebook.com\/garazyki","https:\/\/www.instagram.com\/garazyki.pl\/","https:\/\/www.linkedin.com\/company\/alicja-garazyki\/"]}]}},"_links":{"self":[{"href":"https:\/\/garazyki.pl\/en\/wp-json\/wp\/v2\/pages\/111204","targetHints":{"allow":["GET"]}}],"collection":[{"href":"https:\/\/garazyki.pl\/en\/wp-json\/wp\/v2\/pages"}],"about":[{"href":"https:\/\/garazyki.pl\/en\/wp-json\/wp\/v2\/types\/page"}],"author":[{"embeddable":true,"href":"https:\/\/garazyki.pl\/en\/wp-json\/wp\/v2\/users\/1"}],"replies":[{"embeddable":true,"href":"https:\/\/garazyki.pl\/en\/wp-json\/wp\/v2\/comments?post=111204"}],"version-history":[{"count":10,"href":"https:\/\/garazyki.pl\/en\/wp-json\/wp\/v2\/pages\/111204\/revisions"}],"predecessor-version":[{"id":111678,"href":"https:\/\/garazyki.pl\/en\/wp-json\/wp\/v2\/pages\/111204\/revisions\/111678"}],"wp:attachment":[{"href":"https:\/\/garazyki.pl\/en\/wp-json\/wp\/v2\/media?parent=111204"}],"curies":[{"name":"wp","href":"https:\/\/api.w.org\/{rel}","templated":true}]}}