{"id":111202,"date":"2022-01-30T12:19:18","date_gmt":"2022-01-30T11:19:18","guid":{"rendered":"https:\/\/garazyki.pl\/preparing-the-ground-for-tin-garages\/"},"modified":"2024-01-11T21:25:18","modified_gmt":"2024-01-11T20:25:18","slug":"preparing-the-ground-for-tin-garages","status":"publish","type":"page","link":"https:\/\/garazyki.pl\/en\/preparing-the-ground-for-tin-garages\/","title":{"rendered":"Preparing the ground for tin garages"},"content":{"rendered":"<p>The foundation for the garage must be leveled. The minimum is 6 concrete blocks laid around the perimeter, 4 in the corners and the other 2 in the middle of the wall.<br \/>\nAnother option is to build a foundation, make a concrete floor or lay paving stones.<br \/>\nBelow is a drawing with the arrangement of concrete blocks for a standard tin garage measuring 3 m wide by 5 m deep.<\/p>\n<p>It is the customer&#8217;s responsibility to prepare the foundation before installation.<\/p>\n<p>GROUND FOR TIN GARAGES &#8211; NOTE<\/p>\n<p>In our garages there is an angle bar in the threshold as standard. In case of a flat base (floor, paving stones) it is recommended to use a flat bar. This is a paid option. Each garage must be fixed to the ground. The fixing can be done by the customer himself or by our company. Metal anchors are used for fixing to the ground, and metal-plastic dowels for the floor. It is also possible to fix the structure with chemical anchors.<\/p>\n<p>Steel halls to individual order in any size. Apart from our own design of watchtowers and tin garages, Alicja&#8221;s offer includes custom-made halls. We are able to produce virtually any hall according to a customer&#8217;s project. We build halls constructed from closed angles, coated with corrugated sheet metal in a wide range of colours, with various types of roofs and gates.<\/p>\n","protected":false},"excerpt":{"rendered":"<p>The foundation for the garage must be leveled. The minimum is 6 concrete blocks laid around the perimeter, 4 in the corners and the other 2 in the middle of the wall. Another option is to build a foundation, make a concrete floor or lay paving stones. Below is a drawing with the arrangement of [&hellip;]<\/p>\n","protected":false},"author":1,"featured_media":0,"parent":0,"menu_order":0,"comment_status":"closed","ping_status":"closed","template":"","meta":{"_et_pb_use_builder":"","_et_pb_old_content":"","_et_gb_content_width":"","footnotes":""},"class_list":["post-111202","page","type-page","status-publish","hentry"],"yoast_head":"<!-- This site is optimized with the Yoast SEO plugin v27.0 - https:\/\/yoast.com\/product\/yoast-seo-wordpress\/ -->\n<title>Preparing the ground for metal garages - Garage manufacturer<\/title>\n<meta name=\"description\" content=\"It is the customer&#039;s responsibility to prepare the ground for metal garages before installation. Mandatory leveling, flooring, paving stones.\" \/>\n<meta name=\"robots\" content=\"index, follow, max-snippet:-1, max-image-preview:large, max-video-preview:-1\" \/>\n<link rel=\"canonical\" href=\"https:\/\/garazyki.pl\/en\/preparing-the-ground-for-tin-garages\/\" \/>\n<meta property=\"og:locale\" content=\"en_US\" \/>\n<meta property=\"og:type\" content=\"article\" \/>\n<meta property=\"og:title\" content=\"Preparing the ground for metal garages - Garage manufacturer\" \/>\n<meta property=\"og:description\" content=\"It is the customer&#039;s responsibility to prepare the ground for metal garages before installation. Mandatory leveling, flooring, paving stones.\" \/>\n<meta property=\"og:url\" content=\"https:\/\/garazyki.pl\/en\/preparing-the-ground-for-tin-garages\/\" \/>\n<meta property=\"og:site_name\" content=\"Producent kontener\u00f3w biurowych, wiat \u015bmietnikowych, gara\u017ce z p\u0142ty warstwowej\" \/>\n<meta property=\"article:publisher\" content=\"https:\/\/www.facebook.com\/garazyki\" \/>\n<meta property=\"article:modified_time\" content=\"2024-01-11T20:25:18+00:00\" \/>\n<meta name=\"twitter:card\" content=\"summary_large_image\" \/>\n<meta name=\"twitter:label1\" content=\"Est. reading time\" \/>\n\t<meta name=\"twitter:data1\" content=\"1 minute\" \/>\n<script type=\"application\/ld+json\" class=\"yoast-schema-graph\">{\"@context\":\"https:\/\/schema.org\",\"@graph\":[{\"@type\":\"WebPage\",\"@id\":\"https:\/\/garazyki.pl\/en\/preparing-the-ground-for-tin-garages\/\",\"url\":\"https:\/\/garazyki.pl\/en\/preparing-the-ground-for-tin-garages\/\",\"name\":\"Preparing the ground for metal garages - Garage manufacturer\",\"isPartOf\":{\"@id\":\"https:\/\/garazyki.pl\/en\/#website\"},\"datePublished\":\"2022-01-30T11:19:18+00:00\",\"dateModified\":\"2024-01-11T20:25:18+00:00\",\"description\":\"It is the customer's responsibility to prepare the ground for metal garages before installation. Mandatory leveling, flooring, paving stones.\",\"breadcrumb\":{\"@id\":\"https:\/\/garazyki.pl\/en\/preparing-the-ground-for-tin-garages\/#breadcrumb\"},\"inLanguage\":\"en-US\",\"potentialAction\":[{\"@type\":\"ReadAction\",\"target\":[\"https:\/\/garazyki.pl\/en\/preparing-the-ground-for-tin-garages\/\"]}]},{\"@type\":\"BreadcrumbList\",\"@id\":\"https:\/\/garazyki.pl\/en\/preparing-the-ground-for-tin-garages\/#breadcrumb\",\"itemListElement\":[{\"@type\":\"ListItem\",\"position\":1,\"name\":\"Strona g\u0142\u00f3wna\",\"item\":\"https:\/\/garazyki.pl\/en\/\"},{\"@type\":\"ListItem\",\"position\":2,\"name\":\"Preparing the ground for tin garages\"}]},{\"@type\":\"WebSite\",\"@id\":\"https:\/\/garazyki.pl\/en\/#website\",\"url\":\"https:\/\/garazyki.pl\/en\/\",\"name\":\"Producent kontener\u00f3w biurowych, wiat \u015bmietnikowych, gara\u017ce z p\u0142ty warstwowej\",\"description\":\"Kontenery biurowe, wiaty \u015bmietnikowe, hale, gara\u017ce blaszane od producenta.\",\"publisher\":{\"@id\":\"https:\/\/garazyki.pl\/en\/#organization\"},\"potentialAction\":[{\"@type\":\"SearchAction\",\"target\":{\"@type\":\"EntryPoint\",\"urlTemplate\":\"https:\/\/garazyki.pl\/en\/?s={search_term_string}\"},\"query-input\":{\"@type\":\"PropertyValueSpecification\",\"valueRequired\":true,\"valueName\":\"search_term_string\"}}],\"inLanguage\":\"en-US\"},{\"@type\":\"Organization\",\"@id\":\"https:\/\/garazyki.pl\/en\/#organization\",\"name\":\"Garazyki.pl Producent gara\u017cy i kontener\u00f3w biurowych i wiat\",\"url\":\"https:\/\/garazyki.pl\/en\/\",\"logo\":{\"@type\":\"ImageObject\",\"inLanguage\":\"en-US\",\"@id\":\"https:\/\/garazyki.pl\/en\/#\/schema\/logo\/image\/\",\"url\":\"https:\/\/garazyki.pl\/wp-content\/uploads\/2022\/02\/logo_garazyki_pl.png\",\"contentUrl\":\"https:\/\/garazyki.pl\/wp-content\/uploads\/2022\/02\/logo_garazyki_pl.png\",\"width\":120,\"height\":64,\"caption\":\"Garazyki.pl Producent gara\u017cy i kontener\u00f3w biurowych i wiat\"},\"image\":{\"@id\":\"https:\/\/garazyki.pl\/en\/#\/schema\/logo\/image\/\"},\"sameAs\":[\"https:\/\/www.facebook.com\/garazyki\",\"https:\/\/www.instagram.com\/garazyki.pl\/\",\"https:\/\/www.linkedin.com\/company\/alicja-garazyki\/\"]}]}<\/script>\n<!-- \/ Yoast SEO plugin. -->","yoast_head_json":{"title":"Preparing the ground for metal garages - Garage manufacturer","description":"It is the customer's responsibility to prepare the ground for metal garages before installation. Mandatory leveling, flooring, paving stones.","robots":{"index":"index","follow":"follow","max-snippet":"max-snippet:-1","max-image-preview":"max-image-preview:large","max-video-preview":"max-video-preview:-1"},"canonical":"https:\/\/garazyki.pl\/en\/preparing-the-ground-for-tin-garages\/","og_locale":"en_US","og_type":"article","og_title":"Preparing the ground for metal garages - Garage manufacturer","og_description":"It is the customer's responsibility to prepare the ground for metal garages before installation. Mandatory leveling, flooring, paving stones.","og_url":"https:\/\/garazyki.pl\/en\/preparing-the-ground-for-tin-garages\/","og_site_name":"Producent kontener\u00f3w biurowych, wiat \u015bmietnikowych, gara\u017ce z p\u0142ty warstwowej","article_publisher":"https:\/\/www.facebook.com\/garazyki","article_modified_time":"2024-01-11T20:25:18+00:00","twitter_card":"summary_large_image","twitter_misc":{"Est. reading time":"1 minute"},"schema":{"@context":"https:\/\/schema.org","@graph":[{"@type":"WebPage","@id":"https:\/\/garazyki.pl\/en\/preparing-the-ground-for-tin-garages\/","url":"https:\/\/garazyki.pl\/en\/preparing-the-ground-for-tin-garages\/","name":"Preparing the ground for metal garages - Garage manufacturer","isPartOf":{"@id":"https:\/\/garazyki.pl\/en\/#website"},"datePublished":"2022-01-30T11:19:18+00:00","dateModified":"2024-01-11T20:25:18+00:00","description":"It is the customer's responsibility to prepare the ground for metal garages before installation. Mandatory leveling, flooring, paving stones.","breadcrumb":{"@id":"https:\/\/garazyki.pl\/en\/preparing-the-ground-for-tin-garages\/#breadcrumb"},"inLanguage":"en-US","potentialAction":[{"@type":"ReadAction","target":["https:\/\/garazyki.pl\/en\/preparing-the-ground-for-tin-garages\/"]}]},{"@type":"BreadcrumbList","@id":"https:\/\/garazyki.pl\/en\/preparing-the-ground-for-tin-garages\/#breadcrumb","itemListElement":[{"@type":"ListItem","position":1,"name":"Strona g\u0142\u00f3wna","item":"https:\/\/garazyki.pl\/en\/"},{"@type":"ListItem","position":2,"name":"Preparing the ground for tin garages"}]},{"@type":"WebSite","@id":"https:\/\/garazyki.pl\/en\/#website","url":"https:\/\/garazyki.pl\/en\/","name":"Producent kontener\u00f3w biurowych, wiat \u015bmietnikowych, gara\u017ce z p\u0142ty warstwowej","description":"Kontenery biurowe, wiaty \u015bmietnikowe, hale, gara\u017ce blaszane od producenta.","publisher":{"@id":"https:\/\/garazyki.pl\/en\/#organization"},"potentialAction":[{"@type":"SearchAction","target":{"@type":"EntryPoint","urlTemplate":"https:\/\/garazyki.pl\/en\/?s={search_term_string}"},"query-input":{"@type":"PropertyValueSpecification","valueRequired":true,"valueName":"search_term_string"}}],"inLanguage":"en-US"},{"@type":"Organization","@id":"https:\/\/garazyki.pl\/en\/#organization","name":"Garazyki.pl Producent gara\u017cy i kontener\u00f3w biurowych i wiat","url":"https:\/\/garazyki.pl\/en\/","logo":{"@type":"ImageObject","inLanguage":"en-US","@id":"https:\/\/garazyki.pl\/en\/#\/schema\/logo\/image\/","url":"https:\/\/garazyki.pl\/wp-content\/uploads\/2022\/02\/logo_garazyki_pl.png","contentUrl":"https:\/\/garazyki.pl\/wp-content\/uploads\/2022\/02\/logo_garazyki_pl.png","width":120,"height":64,"caption":"Garazyki.pl Producent gara\u017cy i kontener\u00f3w biurowych i wiat"},"image":{"@id":"https:\/\/garazyki.pl\/en\/#\/schema\/logo\/image\/"},"sameAs":["https:\/\/www.facebook.com\/garazyki","https:\/\/www.instagram.com\/garazyki.pl\/","https:\/\/www.linkedin.com\/company\/alicja-garazyki\/"]}]}},"_links":{"self":[{"href":"https:\/\/garazyki.pl\/en\/wp-json\/wp\/v2\/pages\/111202","targetHints":{"allow":["GET"]}}],"collection":[{"href":"https:\/\/garazyki.pl\/en\/wp-json\/wp\/v2\/pages"}],"about":[{"href":"https:\/\/garazyki.pl\/en\/wp-json\/wp\/v2\/types\/page"}],"author":[{"embeddable":true,"href":"https:\/\/garazyki.pl\/en\/wp-json\/wp\/v2\/users\/1"}],"replies":[{"embeddable":true,"href":"https:\/\/garazyki.pl\/en\/wp-json\/wp\/v2\/comments?post=111202"}],"version-history":[{"count":1,"href":"https:\/\/garazyki.pl\/en\/wp-json\/wp\/v2\/pages\/111202\/revisions"}],"predecessor-version":[{"id":111758,"href":"https:\/\/garazyki.pl\/en\/wp-json\/wp\/v2\/pages\/111202\/revisions\/111758"}],"wp:attachment":[{"href":"https:\/\/garazyki.pl\/en\/wp-json\/wp\/v2\/media?parent=111202"}],"curies":[{"name":"wp","href":"https:\/\/api.w.org\/{rel}","templated":true}]}}