{"id":107812,"date":"2023-10-06T19:21:28","date_gmt":"2023-10-06T17:21:28","guid":{"rendered":"https:\/\/garazyki.pl\/?post_type=product&#038;p=107812"},"modified":"2026-02-11T11:49:39","modified_gmt":"2026-02-11T10:49:39","slug":"garaz-blaszany-5x6-dwuspadowy-orzech","status":"publish","type":"product","link":"https:\/\/garazyki.pl\/de\/producent\/blechgaragen\/garagen-mit-beschichtung\/garaz-blaszany-5x6-dwuspadowy-orzech\/","title":{"rendered":"Gara\u017c blaszany 5&#215;6 dwuspadowy orzech"},"content":{"rendered":"<h1 style=\"text-align: center;\">Gara\u017c blaszany 5&#215;6 m dach dwuspadowy kolor orzech<\/h1>\n<p>Gara\u017c blaszany wysoko\u015b\u0107 213-245, dach dwuspadowy, konstrukcja z k\u0105townik\u00f3w malowanych dwusk\u0142adnikow\u0105 farb\u0105 nawierzchniow\u0105. Poszycie \u015bcian kolor orzech &#8211; przet\u0142oczenie pionowe, brama i drzwi kolor orzech przet\u0142oczenie szerokie poziome, dach RAL 8004 ceg\u0142a z membran\u0105. Na froncie po prawej brama uchylna z automatem, po lewej drzwi pojedyncze. Na prawej \u015bcianie okno PCV 80&#215;60, dodatkowa za\u0142o\u017cona rynna.<\/p>\n","protected":false},"excerpt":{"rendered":"<p>Gara\u017c blaszany 5&#215;6 m dach dwuspadowy kolor orzech Gara\u017c blaszany wysoko\u015b\u0107 213-245, dach dwuspadowy, konstrukcja z k\u0105townik\u00f3w malowanych dwusk\u0142adnikow\u0105 farb\u0105 nawierzchniow\u0105. Poszycie \u015bcian kolor orzech &#8211; przet\u0142oczenie pionowe, brama i drzwi kolor orzech przet\u0142oczenie szerokie poziome, dach RAL 8004 ceg\u0142a z membran\u0105. Na froncie po prawej brama uchylna z automatem, po lewej drzwi pojedyncze. Na [&hellip;]<\/p>\n","protected":false},"featured_media":107813,"comment_status":"open","ping_status":"closed","template":"","meta":{"_et_pb_use_builder":"","_et_pb_old_content":"","_et_gb_content_width":""},"product_brand":[],"product_cat":[46,48],"product_tag":[176,163,392,217,161],"class_list":{"0":"post-107812","1":"product","2":"type-product","3":"status-publish","4":"has-post-thumbnail","6":"product_cat-garaze-blaszane","7":"product_cat-garaze-blaszane-powlekane","8":"product_tag-garaz-5x6","9":"product_tag-garaz-blaszany","10":"product_tag-garaze-drewnopodobne","11":"product_tag-pomieszczenia-gospodarcze","12":"product_tag-pomieszczenie-gospodarcze","14":"first","15":"instock","16":"taxable","17":"shipping-taxable","18":"purchasable","19":"product-type-simple"},"yoast_head":"<!-- This site is optimized with the Yoast SEO plugin v27.0 - https:\/\/yoast.com\/product\/yoast-seo-wordpress\/ -->\n<title>Gara\u017c blaszany 5x6 m dach dwuspadowy orzech - Alicja Gara\u017cyki<\/title>\n<meta name=\"description\" content=\"Gara\u017ce blaszane w dowolnym wymiarze i kolorze RAL na zam\u00f3wienie. Gara\u017c blaszany 5x6 m dach dwuspadowy kolor orzech producent Alicja Gara\u017cyki\" \/>\n<meta name=\"robots\" content=\"index, follow, max-snippet:-1, max-image-preview:large, max-video-preview:-1\" \/>\n<link rel=\"canonical\" href=\"https:\/\/garazyki.pl\/de\/producent\/blechgaragen\/garagen-mit-beschichtung\/garaz-blaszany-5x6-dwuspadowy-orzech\/\" \/>\n<meta property=\"og:locale\" content=\"de_DE\" \/>\n<meta property=\"og:type\" content=\"article\" \/>\n<meta property=\"og:title\" content=\"Gara\u017c blaszany 5x6 m dach dwuspadowy orzech - Alicja Gara\u017cyki\" \/>\n<meta property=\"og:description\" content=\"Gara\u017ce blaszane w dowolnym wymiarze i kolorze RAL na zam\u00f3wienie. Gara\u017c blaszany 5x6 m dach dwuspadowy kolor orzech producent Alicja Gara\u017cyki\" \/>\n<meta property=\"og:url\" content=\"https:\/\/garazyki.pl\/de\/producent\/blechgaragen\/garagen-mit-beschichtung\/garaz-blaszany-5x6-dwuspadowy-orzech\/\" \/>\n<meta property=\"og:site_name\" content=\"Producent kontener\u00f3w biurowych, wiat \u015bmietnikowych, gara\u017ce z p\u0142ty warstwowej\" \/>\n<meta property=\"article:publisher\" content=\"https:\/\/www.facebook.com\/garazyki\" \/>\n<meta property=\"article:modified_time\" content=\"2026-02-11T10:49:39+00:00\" \/>\n<meta property=\"og:image\" content=\"https:\/\/garazyki.pl\/wp-content\/uploads\/2023\/10\/garaz-blaszany-5x6-dwuspadowy-orzech.jpg\" \/>\n\t<meta property=\"og:image:width\" content=\"1170\" \/>\n\t<meta property=\"og:image:height\" content=\"660\" \/>\n\t<meta property=\"og:image:type\" content=\"image\/jpeg\" \/>\n<meta name=\"twitter:card\" content=\"summary_large_image\" \/>\n<script type=\"application\/ld+json\" class=\"yoast-schema-graph\">{\"@context\":\"https:\/\/schema.org\",\"@graph\":[{\"@type\":\"WebPage\",\"@id\":\"https:\/\/garazyki.pl\/de\/producent\/blechgaragen\/garagen-mit-beschichtung\/garaz-blaszany-5x6-dwuspadowy-orzech\/\",\"url\":\"https:\/\/garazyki.pl\/de\/producent\/blechgaragen\/garagen-mit-beschichtung\/garaz-blaszany-5x6-dwuspadowy-orzech\/\",\"name\":\"Gara\u017c blaszany 5x6 m dach dwuspadowy orzech - Alicja Gara\u017cyki\",\"isPartOf\":{\"@id\":\"https:\/\/garazyki.pl\/de\/#website\"},\"primaryImageOfPage\":{\"@id\":\"https:\/\/garazyki.pl\/de\/producent\/blechgaragen\/garagen-mit-beschichtung\/garaz-blaszany-5x6-dwuspadowy-orzech\/#primaryimage\"},\"image\":{\"@id\":\"https:\/\/garazyki.pl\/de\/producent\/blechgaragen\/garagen-mit-beschichtung\/garaz-blaszany-5x6-dwuspadowy-orzech\/#primaryimage\"},\"thumbnailUrl\":\"https:\/\/garazyki.pl\/wp-content\/uploads\/2023\/10\/garaz-blaszany-5x6-dwuspadowy-orzech.jpg\",\"datePublished\":\"2023-10-06T17:21:28+00:00\",\"dateModified\":\"2026-02-11T10:49:39+00:00\",\"description\":\"Gara\u017ce blaszane w dowolnym wymiarze i kolorze RAL na zam\u00f3wienie. Gara\u017c blaszany 5x6 m dach dwuspadowy kolor orzech producent Alicja Gara\u017cyki\",\"breadcrumb\":{\"@id\":\"https:\/\/garazyki.pl\/de\/producent\/blechgaragen\/garagen-mit-beschichtung\/garaz-blaszany-5x6-dwuspadowy-orzech\/#breadcrumb\"},\"inLanguage\":\"de\",\"potentialAction\":[{\"@type\":\"ReadAction\",\"target\":[\"https:\/\/garazyki.pl\/de\/producent\/blechgaragen\/garagen-mit-beschichtung\/garaz-blaszany-5x6-dwuspadowy-orzech\/\"]}]},{\"@type\":\"ImageObject\",\"inLanguage\":\"de\",\"@id\":\"https:\/\/garazyki.pl\/de\/producent\/blechgaragen\/garagen-mit-beschichtung\/garaz-blaszany-5x6-dwuspadowy-orzech\/#primaryimage\",\"url\":\"https:\/\/garazyki.pl\/wp-content\/uploads\/2023\/10\/garaz-blaszany-5x6-dwuspadowy-orzech.jpg\",\"contentUrl\":\"https:\/\/garazyki.pl\/wp-content\/uploads\/2023\/10\/garaz-blaszany-5x6-dwuspadowy-orzech.jpg\",\"width\":1170,\"height\":660,\"caption\":\"Gara\u017c blaszany 5x6 m dach dwuspadowy kolor orzech\"},{\"@type\":\"BreadcrumbList\",\"@id\":\"https:\/\/garazyki.pl\/de\/producent\/blechgaragen\/garagen-mit-beschichtung\/garaz-blaszany-5x6-dwuspadowy-orzech\/#breadcrumb\",\"itemListElement\":[{\"@type\":\"ListItem\",\"position\":1,\"name\":\"Strona g\u0142\u00f3wna\",\"item\":\"https:\/\/garazyki.pl\/de\/\"},{\"@type\":\"ListItem\",\"position\":2,\"name\":\"Produkte\",\"item\":\"https:\/\/garazyki.pl\/de\/shop\/\"},{\"@type\":\"ListItem\",\"position\":3,\"name\":\"Gara\u017c blaszany 5&#215;6 dwuspadowy orzech\"}]},{\"@type\":\"WebSite\",\"@id\":\"https:\/\/garazyki.pl\/de\/#website\",\"url\":\"https:\/\/garazyki.pl\/de\/\",\"name\":\"Producent kontener\u00f3w biurowych, wiat \u015bmietnikowych, gara\u017ce z p\u0142ty warstwowej\",\"description\":\"Kontenery biurowe, wiaty \u015bmietnikowe, hale, gara\u017ce blaszane od producenta.\",\"publisher\":{\"@id\":\"https:\/\/garazyki.pl\/de\/#organization\"},\"potentialAction\":[{\"@type\":\"SearchAction\",\"target\":{\"@type\":\"EntryPoint\",\"urlTemplate\":\"https:\/\/garazyki.pl\/de\/?s={search_term_string}\"},\"query-input\":{\"@type\":\"PropertyValueSpecification\",\"valueRequired\":true,\"valueName\":\"search_term_string\"}}],\"inLanguage\":\"de\"},{\"@type\":\"Organization\",\"@id\":\"https:\/\/garazyki.pl\/de\/#organization\",\"name\":\"Garazyki.pl Producent gara\u017cy i kontener\u00f3w biurowych i wiat\",\"url\":\"https:\/\/garazyki.pl\/de\/\",\"logo\":{\"@type\":\"ImageObject\",\"inLanguage\":\"de\",\"@id\":\"https:\/\/garazyki.pl\/de\/#\/schema\/logo\/image\/\",\"url\":\"https:\/\/garazyki.pl\/wp-content\/uploads\/2022\/02\/logo_garazyki_pl.png\",\"contentUrl\":\"https:\/\/garazyki.pl\/wp-content\/uploads\/2022\/02\/logo_garazyki_pl.png\",\"width\":120,\"height\":64,\"caption\":\"Garazyki.pl Producent gara\u017cy i kontener\u00f3w biurowych i wiat\"},\"image\":{\"@id\":\"https:\/\/garazyki.pl\/de\/#\/schema\/logo\/image\/\"},\"sameAs\":[\"https:\/\/www.facebook.com\/garazyki\",\"https:\/\/www.instagram.com\/garazyki.pl\/\",\"https:\/\/www.linkedin.com\/company\/alicja-garazyki\/\"]}]}<\/script>\n<!-- \/ Yoast SEO plugin. -->","yoast_head_json":{"title":"Gara\u017c blaszany 5x6 m dach dwuspadowy orzech - Alicja Gara\u017cyki","description":"Gara\u017ce blaszane w dowolnym wymiarze i kolorze RAL na zam\u00f3wienie. Gara\u017c blaszany 5x6 m dach dwuspadowy kolor orzech producent Alicja Gara\u017cyki","robots":{"index":"index","follow":"follow","max-snippet":"max-snippet:-1","max-image-preview":"max-image-preview:large","max-video-preview":"max-video-preview:-1"},"canonical":"https:\/\/garazyki.pl\/de\/producent\/blechgaragen\/garagen-mit-beschichtung\/garaz-blaszany-5x6-dwuspadowy-orzech\/","og_locale":"de_DE","og_type":"article","og_title":"Gara\u017c blaszany 5x6 m dach dwuspadowy orzech - Alicja Gara\u017cyki","og_description":"Gara\u017ce blaszane w dowolnym wymiarze i kolorze RAL na zam\u00f3wienie. Gara\u017c blaszany 5x6 m dach dwuspadowy kolor orzech producent Alicja Gara\u017cyki","og_url":"https:\/\/garazyki.pl\/de\/producent\/blechgaragen\/garagen-mit-beschichtung\/garaz-blaszany-5x6-dwuspadowy-orzech\/","og_site_name":"Producent kontener\u00f3w biurowych, wiat \u015bmietnikowych, gara\u017ce z p\u0142ty warstwowej","article_publisher":"https:\/\/www.facebook.com\/garazyki","article_modified_time":"2026-02-11T10:49:39+00:00","og_image":[{"width":1170,"height":660,"url":"https:\/\/garazyki.pl\/wp-content\/uploads\/2023\/10\/garaz-blaszany-5x6-dwuspadowy-orzech.jpg","type":"image\/jpeg"}],"twitter_card":"summary_large_image","schema":{"@context":"https:\/\/schema.org","@graph":[{"@type":"WebPage","@id":"https:\/\/garazyki.pl\/de\/producent\/blechgaragen\/garagen-mit-beschichtung\/garaz-blaszany-5x6-dwuspadowy-orzech\/","url":"https:\/\/garazyki.pl\/de\/producent\/blechgaragen\/garagen-mit-beschichtung\/garaz-blaszany-5x6-dwuspadowy-orzech\/","name":"Gara\u017c blaszany 5x6 m dach dwuspadowy orzech - Alicja Gara\u017cyki","isPartOf":{"@id":"https:\/\/garazyki.pl\/de\/#website"},"primaryImageOfPage":{"@id":"https:\/\/garazyki.pl\/de\/producent\/blechgaragen\/garagen-mit-beschichtung\/garaz-blaszany-5x6-dwuspadowy-orzech\/#primaryimage"},"image":{"@id":"https:\/\/garazyki.pl\/de\/producent\/blechgaragen\/garagen-mit-beschichtung\/garaz-blaszany-5x6-dwuspadowy-orzech\/#primaryimage"},"thumbnailUrl":"https:\/\/garazyki.pl\/wp-content\/uploads\/2023\/10\/garaz-blaszany-5x6-dwuspadowy-orzech.jpg","datePublished":"2023-10-06T17:21:28+00:00","dateModified":"2026-02-11T10:49:39+00:00","description":"Gara\u017ce blaszane w dowolnym wymiarze i kolorze RAL na zam\u00f3wienie. Gara\u017c blaszany 5x6 m dach dwuspadowy kolor orzech producent Alicja Gara\u017cyki","breadcrumb":{"@id":"https:\/\/garazyki.pl\/de\/producent\/blechgaragen\/garagen-mit-beschichtung\/garaz-blaszany-5x6-dwuspadowy-orzech\/#breadcrumb"},"inLanguage":"de","potentialAction":[{"@type":"ReadAction","target":["https:\/\/garazyki.pl\/de\/producent\/blechgaragen\/garagen-mit-beschichtung\/garaz-blaszany-5x6-dwuspadowy-orzech\/"]}]},{"@type":"ImageObject","inLanguage":"de","@id":"https:\/\/garazyki.pl\/de\/producent\/blechgaragen\/garagen-mit-beschichtung\/garaz-blaszany-5x6-dwuspadowy-orzech\/#primaryimage","url":"https:\/\/garazyki.pl\/wp-content\/uploads\/2023\/10\/garaz-blaszany-5x6-dwuspadowy-orzech.jpg","contentUrl":"https:\/\/garazyki.pl\/wp-content\/uploads\/2023\/10\/garaz-blaszany-5x6-dwuspadowy-orzech.jpg","width":1170,"height":660,"caption":"Gara\u017c blaszany 5x6 m dach dwuspadowy kolor orzech"},{"@type":"BreadcrumbList","@id":"https:\/\/garazyki.pl\/de\/producent\/blechgaragen\/garagen-mit-beschichtung\/garaz-blaszany-5x6-dwuspadowy-orzech\/#breadcrumb","itemListElement":[{"@type":"ListItem","position":1,"name":"Strona g\u0142\u00f3wna","item":"https:\/\/garazyki.pl\/de\/"},{"@type":"ListItem","position":2,"name":"Produkte","item":"https:\/\/garazyki.pl\/de\/shop\/"},{"@type":"ListItem","position":3,"name":"Gara\u017c blaszany 5&#215;6 dwuspadowy orzech"}]},{"@type":"WebSite","@id":"https:\/\/garazyki.pl\/de\/#website","url":"https:\/\/garazyki.pl\/de\/","name":"Producent kontener\u00f3w biurowych, wiat \u015bmietnikowych, gara\u017ce z p\u0142ty warstwowej","description":"Kontenery biurowe, wiaty \u015bmietnikowe, hale, gara\u017ce blaszane od producenta.","publisher":{"@id":"https:\/\/garazyki.pl\/de\/#organization"},"potentialAction":[{"@type":"SearchAction","target":{"@type":"EntryPoint","urlTemplate":"https:\/\/garazyki.pl\/de\/?s={search_term_string}"},"query-input":{"@type":"PropertyValueSpecification","valueRequired":true,"valueName":"search_term_string"}}],"inLanguage":"de"},{"@type":"Organization","@id":"https:\/\/garazyki.pl\/de\/#organization","name":"Garazyki.pl Producent gara\u017cy i kontener\u00f3w biurowych i wiat","url":"https:\/\/garazyki.pl\/de\/","logo":{"@type":"ImageObject","inLanguage":"de","@id":"https:\/\/garazyki.pl\/de\/#\/schema\/logo\/image\/","url":"https:\/\/garazyki.pl\/wp-content\/uploads\/2022\/02\/logo_garazyki_pl.png","contentUrl":"https:\/\/garazyki.pl\/wp-content\/uploads\/2022\/02\/logo_garazyki_pl.png","width":120,"height":64,"caption":"Garazyki.pl Producent gara\u017cy i kontener\u00f3w biurowych i wiat"},"image":{"@id":"https:\/\/garazyki.pl\/de\/#\/schema\/logo\/image\/"},"sameAs":["https:\/\/www.facebook.com\/garazyki","https:\/\/www.instagram.com\/garazyki.pl\/","https:\/\/www.linkedin.com\/company\/alicja-garazyki\/"]}]}},"_links":{"self":[{"href":"https:\/\/garazyki.pl\/de\/wp-json\/wp\/v2\/product\/107812","targetHints":{"allow":["GET"]}}],"collection":[{"href":"https:\/\/garazyki.pl\/de\/wp-json\/wp\/v2\/product"}],"about":[{"href":"https:\/\/garazyki.pl\/de\/wp-json\/wp\/v2\/types\/product"}],"replies":[{"embeddable":true,"href":"https:\/\/garazyki.pl\/de\/wp-json\/wp\/v2\/comments?post=107812"}],"wp:featuredmedia":[{"embeddable":true,"href":"https:\/\/garazyki.pl\/de\/wp-json\/wp\/v2\/media\/107813"}],"wp:attachment":[{"href":"https:\/\/garazyki.pl\/de\/wp-json\/wp\/v2\/media?parent=107812"}],"wp:term":[{"taxonomy":"product_brand","embeddable":true,"href":"https:\/\/garazyki.pl\/de\/wp-json\/wp\/v2\/product_brand?post=107812"},{"taxonomy":"product_cat","embeddable":true,"href":"https:\/\/garazyki.pl\/de\/wp-json\/wp\/v2\/product_cat?post=107812"},{"taxonomy":"product_tag","embeddable":true,"href":"https:\/\/garazyki.pl\/de\/wp-json\/wp\/v2\/product_tag?post=107812"}],"curies":[{"name":"wp","href":"https:\/\/api.w.org\/{rel}","templated":true}]}}