{"id":107665,"date":"2023-07-06T10:06:53","date_gmt":"2023-07-06T08:06:53","guid":{"rendered":"https:\/\/garazyki.pl\/?post_type=product&#038;p=107665"},"modified":"2023-11-05T23:23:24","modified_gmt":"2023-11-05T22:23:24","slug":"kontener-magazynowy-blaszany","status":"publish","type":"product","link":"https:\/\/garazyki.pl\/de\/producent\/container\/lagerungs-container\/kontener-magazynowy-blaszany\/","title":{"rendered":"Kontener magazynowy blaszany"},"content":{"rendered":"<p><strong><em>Wymiary konstrukcji 2,40 m szeroko<\/em><\/strong><strong><em>\u015bci x 3,00 m g\u0142\u0119boko\u015bci x 2,80 m wys. (ca\u0142kowita).<\/em><\/strong><\/p>\n<p>Dach jednospadowy wys. na \u015bcianie frontowej 2,80 m, wys. na \u015bcianie tylnej 2,60 m.<\/p>\n<p>Konstrukcja wykonana z ocynkowanych kszta\u0142townik\u00f3w zamkni\u0119tych.<\/p>\n<p>Poszycie \u015bcian stanowi ocynkowana blacha trapezowa o gr. 0,7 mm.<\/p>\n<p>Na \u015bcianach trapez T14, na dachu trapez T18.<\/p>\n<p>W kontenerze na \u015bcianie frontowej 2,40 m zamontowana ryglowana brama dwuskrzyd\u0142owa z zamkiem i klamk\u0105.<\/p>\n<p>Konstrukcja posiada obr\u00f3bki w postaci naro\u017cnik\u00f3w i wiatrownic.<\/p>\n<p>Dodatkowo zamontowane kratki wentylacyjne 140 mm x 140 mm \u2013 2 szt. (wentylacja grawitacyjna) oraz zawiesia linowe wkcane tzw. uszy do roz\u0142adunku d\u017awigiem.<\/p>\n<p>Pod\u0142oga wykonana z profili zamkni\u0119tych ocynkowanych oraz p\u0142yty OSB gr. 22 mm.<\/p>\n<p>Konstrukcja wykonana zgodnie z norm\u0105 PN EN 1090-1+A1:2012 oraz klas\u0105 wykonania EXC2.<br \/>\nNa gotowy wyr\u00f3b wystawiana jest deklaracja w\u0142a\u015bciwo\u015bci u\u017cytkowych &#8211; CE.<\/p>\n","protected":false},"excerpt":{"rendered":"<p>Wymiary konstrukcji 2,40 m szeroko\u015bci x 3,00 m g\u0142\u0119boko\u015bci x 2,80 m wys. (ca\u0142kowita). Dach jednospadowy wys. na \u015bcianie frontowej 2,80 m, wys. na \u015bcianie tylnej 2,60 m. Konstrukcja wykonana z ocynkowanych kszta\u0142townik\u00f3w zamkni\u0119tych. Poszycie \u015bcian stanowi ocynkowana blacha trapezowa o gr. 0,7 mm. Na \u015bcianach trapez T14, na dachu trapez T18. W kontenerze na [&hellip;]<\/p>\n","protected":false},"featured_media":107670,"comment_status":"open","ping_status":"closed","template":"","meta":{"_et_pb_use_builder":"","_et_pb_old_content":"","_et_gb_content_width":""},"product_brand":[],"product_cat":[57],"product_tag":[188,141],"class_list":{"0":"post-107665","1":"product","2":"type-product","3":"status-publish","4":"has-post-thumbnail","6":"product_cat-kontenery-magazynowe","7":"product_tag-blaszany-kontener-magazynowy","8":"product_tag-kontener-magazynowy","10":"first","11":"instock","12":"taxable","13":"shipping-taxable","14":"purchasable","15":"product-type-simple"},"yoast_head":"<!-- This site is optimized with the Yoast SEO plugin v27.0 - https:\/\/yoast.com\/product\/yoast-seo-wordpress\/ -->\n<title>Kontener magazynowy blaszany - Producent Alicja Gara\u017cyki<\/title>\n<meta name=\"description\" content=\"Producent kontener\u00f3w magazynowych w dowolnym wymiarze. Certyfikowane konstrukcje stalowe. Kontener magazynowy blaszany zapraszamy do kontaktu.\" \/>\n<meta name=\"robots\" content=\"index, follow, max-snippet:-1, max-image-preview:large, max-video-preview:-1\" \/>\n<link rel=\"canonical\" href=\"https:\/\/garazyki.pl\/de\/producent\/container\/lagerungs-container\/kontener-magazynowy-blaszany\/\" \/>\n<meta property=\"og:locale\" content=\"de_DE\" \/>\n<meta property=\"og:type\" content=\"article\" \/>\n<meta property=\"og:title\" content=\"Kontener magazynowy blaszany - Producent Alicja Gara\u017cyki\" \/>\n<meta property=\"og:description\" content=\"Producent kontener\u00f3w magazynowych w dowolnym wymiarze. Certyfikowane konstrukcje stalowe. Kontener magazynowy blaszany zapraszamy do kontaktu.\" \/>\n<meta property=\"og:url\" content=\"https:\/\/garazyki.pl\/de\/producent\/container\/lagerungs-container\/kontener-magazynowy-blaszany\/\" \/>\n<meta property=\"og:site_name\" content=\"Producent kontener\u00f3w biurowych, wiat \u015bmietnikowych, gara\u017ce z p\u0142ty warstwowej\" \/>\n<meta property=\"article:publisher\" content=\"https:\/\/www.facebook.com\/garazyki\" \/>\n<meta property=\"article:modified_time\" content=\"2023-11-05T22:23:24+00:00\" \/>\n<meta property=\"og:image\" content=\"https:\/\/garazyki.pl\/wp-content\/uploads\/2023\/07\/Kontener-magazynowy-blaszany-240x300-2.jpg\" \/>\n\t<meta property=\"og:image:width\" content=\"768\" \/>\n\t<meta property=\"og:image:height\" content=\"1024\" \/>\n\t<meta property=\"og:image:type\" content=\"image\/jpeg\" \/>\n<meta name=\"twitter:card\" content=\"summary_large_image\" \/>\n<meta name=\"twitter:label1\" content=\"Gesch\u00e4tzte Lesezeit\" \/>\n\t<meta name=\"twitter:data1\" content=\"1\u00a0Minute\" \/>\n<script type=\"application\/ld+json\" class=\"yoast-schema-graph\">{\"@context\":\"https:\/\/schema.org\",\"@graph\":[{\"@type\":\"WebPage\",\"@id\":\"https:\/\/garazyki.pl\/de\/producent\/container\/lagerungs-container\/kontener-magazynowy-blaszany\/\",\"url\":\"https:\/\/garazyki.pl\/de\/producent\/container\/lagerungs-container\/kontener-magazynowy-blaszany\/\",\"name\":\"Kontener magazynowy blaszany - Producent Alicja Gara\u017cyki\",\"isPartOf\":{\"@id\":\"https:\/\/garazyki.pl\/de\/#website\"},\"primaryImageOfPage\":{\"@id\":\"https:\/\/garazyki.pl\/de\/producent\/container\/lagerungs-container\/kontener-magazynowy-blaszany\/#primaryimage\"},\"image\":{\"@id\":\"https:\/\/garazyki.pl\/de\/producent\/container\/lagerungs-container\/kontener-magazynowy-blaszany\/#primaryimage\"},\"thumbnailUrl\":\"https:\/\/garazyki.pl\/wp-content\/uploads\/2023\/07\/Kontener-magazynowy-blaszany-240x300-2.jpg\",\"datePublished\":\"2023-07-06T08:06:53+00:00\",\"dateModified\":\"2023-11-05T22:23:24+00:00\",\"description\":\"Producent kontener\u00f3w magazynowych w dowolnym wymiarze. Certyfikowane konstrukcje stalowe. Kontener magazynowy blaszany zapraszamy do kontaktu.\",\"breadcrumb\":{\"@id\":\"https:\/\/garazyki.pl\/de\/producent\/container\/lagerungs-container\/kontener-magazynowy-blaszany\/#breadcrumb\"},\"inLanguage\":\"de\",\"potentialAction\":[{\"@type\":\"ReadAction\",\"target\":[\"https:\/\/garazyki.pl\/de\/producent\/container\/lagerungs-container\/kontener-magazynowy-blaszany\/\"]}]},{\"@type\":\"ImageObject\",\"inLanguage\":\"de\",\"@id\":\"https:\/\/garazyki.pl\/de\/producent\/container\/lagerungs-container\/kontener-magazynowy-blaszany\/#primaryimage\",\"url\":\"https:\/\/garazyki.pl\/wp-content\/uploads\/2023\/07\/Kontener-magazynowy-blaszany-240x300-2.jpg\",\"contentUrl\":\"https:\/\/garazyki.pl\/wp-content\/uploads\/2023\/07\/Kontener-magazynowy-blaszany-240x300-2.jpg\",\"width\":768,\"height\":1024,\"caption\":\"Kontener magazynowy metalowy 2.40x3\"},{\"@type\":\"BreadcrumbList\",\"@id\":\"https:\/\/garazyki.pl\/de\/producent\/container\/lagerungs-container\/kontener-magazynowy-blaszany\/#breadcrumb\",\"itemListElement\":[{\"@type\":\"ListItem\",\"position\":1,\"name\":\"Strona g\u0142\u00f3wna\",\"item\":\"https:\/\/garazyki.pl\/de\/\"},{\"@type\":\"ListItem\",\"position\":2,\"name\":\"Produkte\",\"item\":\"https:\/\/garazyki.pl\/de\/shop\/\"},{\"@type\":\"ListItem\",\"position\":3,\"name\":\"Kontener magazynowy blaszany\"}]},{\"@type\":\"WebSite\",\"@id\":\"https:\/\/garazyki.pl\/de\/#website\",\"url\":\"https:\/\/garazyki.pl\/de\/\",\"name\":\"Producent kontener\u00f3w biurowych, wiat \u015bmietnikowych, gara\u017ce z p\u0142ty warstwowej\",\"description\":\"Kontenery biurowe, wiaty \u015bmietnikowe, hale, gara\u017ce blaszane od producenta.\",\"publisher\":{\"@id\":\"https:\/\/garazyki.pl\/de\/#organization\"},\"potentialAction\":[{\"@type\":\"SearchAction\",\"target\":{\"@type\":\"EntryPoint\",\"urlTemplate\":\"https:\/\/garazyki.pl\/de\/?s={search_term_string}\"},\"query-input\":{\"@type\":\"PropertyValueSpecification\",\"valueRequired\":true,\"valueName\":\"search_term_string\"}}],\"inLanguage\":\"de\"},{\"@type\":\"Organization\",\"@id\":\"https:\/\/garazyki.pl\/de\/#organization\",\"name\":\"Garazyki.pl Producent gara\u017cy i kontener\u00f3w biurowych i wiat\",\"url\":\"https:\/\/garazyki.pl\/de\/\",\"logo\":{\"@type\":\"ImageObject\",\"inLanguage\":\"de\",\"@id\":\"https:\/\/garazyki.pl\/de\/#\/schema\/logo\/image\/\",\"url\":\"https:\/\/garazyki.pl\/wp-content\/uploads\/2022\/02\/logo_garazyki_pl.png\",\"contentUrl\":\"https:\/\/garazyki.pl\/wp-content\/uploads\/2022\/02\/logo_garazyki_pl.png\",\"width\":120,\"height\":64,\"caption\":\"Garazyki.pl Producent gara\u017cy i kontener\u00f3w biurowych i wiat\"},\"image\":{\"@id\":\"https:\/\/garazyki.pl\/de\/#\/schema\/logo\/image\/\"},\"sameAs\":[\"https:\/\/www.facebook.com\/garazyki\",\"https:\/\/www.instagram.com\/garazyki.pl\/\",\"https:\/\/www.linkedin.com\/company\/alicja-garazyki\/\"]}]}<\/script>\n<!-- \/ Yoast SEO plugin. -->","yoast_head_json":{"title":"Kontener magazynowy blaszany - Producent Alicja Gara\u017cyki","description":"Producent kontener\u00f3w magazynowych w dowolnym wymiarze. Certyfikowane konstrukcje stalowe. Kontener magazynowy blaszany zapraszamy do kontaktu.","robots":{"index":"index","follow":"follow","max-snippet":"max-snippet:-1","max-image-preview":"max-image-preview:large","max-video-preview":"max-video-preview:-1"},"canonical":"https:\/\/garazyki.pl\/de\/producent\/container\/lagerungs-container\/kontener-magazynowy-blaszany\/","og_locale":"de_DE","og_type":"article","og_title":"Kontener magazynowy blaszany - Producent Alicja Gara\u017cyki","og_description":"Producent kontener\u00f3w magazynowych w dowolnym wymiarze. Certyfikowane konstrukcje stalowe. Kontener magazynowy blaszany zapraszamy do kontaktu.","og_url":"https:\/\/garazyki.pl\/de\/producent\/container\/lagerungs-container\/kontener-magazynowy-blaszany\/","og_site_name":"Producent kontener\u00f3w biurowych, wiat \u015bmietnikowych, gara\u017ce z p\u0142ty warstwowej","article_publisher":"https:\/\/www.facebook.com\/garazyki","article_modified_time":"2023-11-05T22:23:24+00:00","og_image":[{"width":768,"height":1024,"url":"https:\/\/garazyki.pl\/wp-content\/uploads\/2023\/07\/Kontener-magazynowy-blaszany-240x300-2.jpg","type":"image\/jpeg"}],"twitter_card":"summary_large_image","twitter_misc":{"Gesch\u00e4tzte Lesezeit":"1\u00a0Minute"},"schema":{"@context":"https:\/\/schema.org","@graph":[{"@type":"WebPage","@id":"https:\/\/garazyki.pl\/de\/producent\/container\/lagerungs-container\/kontener-magazynowy-blaszany\/","url":"https:\/\/garazyki.pl\/de\/producent\/container\/lagerungs-container\/kontener-magazynowy-blaszany\/","name":"Kontener magazynowy blaszany - Producent Alicja Gara\u017cyki","isPartOf":{"@id":"https:\/\/garazyki.pl\/de\/#website"},"primaryImageOfPage":{"@id":"https:\/\/garazyki.pl\/de\/producent\/container\/lagerungs-container\/kontener-magazynowy-blaszany\/#primaryimage"},"image":{"@id":"https:\/\/garazyki.pl\/de\/producent\/container\/lagerungs-container\/kontener-magazynowy-blaszany\/#primaryimage"},"thumbnailUrl":"https:\/\/garazyki.pl\/wp-content\/uploads\/2023\/07\/Kontener-magazynowy-blaszany-240x300-2.jpg","datePublished":"2023-07-06T08:06:53+00:00","dateModified":"2023-11-05T22:23:24+00:00","description":"Producent kontener\u00f3w magazynowych w dowolnym wymiarze. Certyfikowane konstrukcje stalowe. Kontener magazynowy blaszany zapraszamy do kontaktu.","breadcrumb":{"@id":"https:\/\/garazyki.pl\/de\/producent\/container\/lagerungs-container\/kontener-magazynowy-blaszany\/#breadcrumb"},"inLanguage":"de","potentialAction":[{"@type":"ReadAction","target":["https:\/\/garazyki.pl\/de\/producent\/container\/lagerungs-container\/kontener-magazynowy-blaszany\/"]}]},{"@type":"ImageObject","inLanguage":"de","@id":"https:\/\/garazyki.pl\/de\/producent\/container\/lagerungs-container\/kontener-magazynowy-blaszany\/#primaryimage","url":"https:\/\/garazyki.pl\/wp-content\/uploads\/2023\/07\/Kontener-magazynowy-blaszany-240x300-2.jpg","contentUrl":"https:\/\/garazyki.pl\/wp-content\/uploads\/2023\/07\/Kontener-magazynowy-blaszany-240x300-2.jpg","width":768,"height":1024,"caption":"Kontener magazynowy metalowy 2.40x3"},{"@type":"BreadcrumbList","@id":"https:\/\/garazyki.pl\/de\/producent\/container\/lagerungs-container\/kontener-magazynowy-blaszany\/#breadcrumb","itemListElement":[{"@type":"ListItem","position":1,"name":"Strona g\u0142\u00f3wna","item":"https:\/\/garazyki.pl\/de\/"},{"@type":"ListItem","position":2,"name":"Produkte","item":"https:\/\/garazyki.pl\/de\/shop\/"},{"@type":"ListItem","position":3,"name":"Kontener magazynowy blaszany"}]},{"@type":"WebSite","@id":"https:\/\/garazyki.pl\/de\/#website","url":"https:\/\/garazyki.pl\/de\/","name":"Producent kontener\u00f3w biurowych, wiat \u015bmietnikowych, gara\u017ce z p\u0142ty warstwowej","description":"Kontenery biurowe, wiaty \u015bmietnikowe, hale, gara\u017ce blaszane od producenta.","publisher":{"@id":"https:\/\/garazyki.pl\/de\/#organization"},"potentialAction":[{"@type":"SearchAction","target":{"@type":"EntryPoint","urlTemplate":"https:\/\/garazyki.pl\/de\/?s={search_term_string}"},"query-input":{"@type":"PropertyValueSpecification","valueRequired":true,"valueName":"search_term_string"}}],"inLanguage":"de"},{"@type":"Organization","@id":"https:\/\/garazyki.pl\/de\/#organization","name":"Garazyki.pl Producent gara\u017cy i kontener\u00f3w biurowych i wiat","url":"https:\/\/garazyki.pl\/de\/","logo":{"@type":"ImageObject","inLanguage":"de","@id":"https:\/\/garazyki.pl\/de\/#\/schema\/logo\/image\/","url":"https:\/\/garazyki.pl\/wp-content\/uploads\/2022\/02\/logo_garazyki_pl.png","contentUrl":"https:\/\/garazyki.pl\/wp-content\/uploads\/2022\/02\/logo_garazyki_pl.png","width":120,"height":64,"caption":"Garazyki.pl Producent gara\u017cy i kontener\u00f3w biurowych i wiat"},"image":{"@id":"https:\/\/garazyki.pl\/de\/#\/schema\/logo\/image\/"},"sameAs":["https:\/\/www.facebook.com\/garazyki","https:\/\/www.instagram.com\/garazyki.pl\/","https:\/\/www.linkedin.com\/company\/alicja-garazyki\/"]}]}},"_links":{"self":[{"href":"https:\/\/garazyki.pl\/de\/wp-json\/wp\/v2\/product\/107665","targetHints":{"allow":["GET"]}}],"collection":[{"href":"https:\/\/garazyki.pl\/de\/wp-json\/wp\/v2\/product"}],"about":[{"href":"https:\/\/garazyki.pl\/de\/wp-json\/wp\/v2\/types\/product"}],"replies":[{"embeddable":true,"href":"https:\/\/garazyki.pl\/de\/wp-json\/wp\/v2\/comments?post=107665"}],"wp:featuredmedia":[{"embeddable":true,"href":"https:\/\/garazyki.pl\/de\/wp-json\/wp\/v2\/media\/107670"}],"wp:attachment":[{"href":"https:\/\/garazyki.pl\/de\/wp-json\/wp\/v2\/media?parent=107665"}],"wp:term":[{"taxonomy":"product_brand","embeddable":true,"href":"https:\/\/garazyki.pl\/de\/wp-json\/wp\/v2\/product_brand?post=107665"},{"taxonomy":"product_cat","embeddable":true,"href":"https:\/\/garazyki.pl\/de\/wp-json\/wp\/v2\/product_cat?post=107665"},{"taxonomy":"product_tag","embeddable":true,"href":"https:\/\/garazyki.pl\/de\/wp-json\/wp\/v2\/product_tag?post=107665"}],"curies":[{"name":"wp","href":"https:\/\/api.w.org\/{rel}","templated":true}]}}