{"id":105106,"date":"2022-02-22T23:37:59","date_gmt":"2022-02-22T22:37:59","guid":{"rendered":"https:\/\/garazyki.pl\/producent\/unkategorisiert\/mullhauschen-35x45-satteldach\/"},"modified":"2022-03-17T12:08:53","modified_gmt":"2022-03-17T11:08:53","slug":"mullhauschen-35x45-satteldach","status":"publish","type":"product","link":"https:\/\/garazyki.pl\/de\/producent\/muellhaeuschen\/mullhauschen-35x45-satteldach\/","title":{"rendered":"M\u00fcllh\u00e4uschen 3,5&#215;4,5 Satteldach"},"content":{"rendered":"<p>M\u00fcllh\u00e4uschen 3,5m breit x 4,5m tief.\u00a0 Konstruktion uas pulverbeschichteten, geschlossenen Profilen. W\u00e4nde bis zu H\u00f6he 1,70m mit ziegelroten (RAL8004) Trapezblech T12 bedeckt. Ab 1,70m bis zum Dach pulverbeschichtetes Stahlnetz. Satteldach mit Trapezblech T18 beschichtet. Wandh\u00f6he 2,13m, Giebelh\u00f6he 2,80m. Zweifl\u00fcgeliges Tor mit Schlo\u00df und Knauf.<\/p>\n<p><strong><span style=\"font-family: Arial, sans-serif;\">Eigenschaften 3,5&#215;4,5 :<\/span><\/strong><\/p>\n<ul>\n<li><span style=\"font-family: Arial, sans-serif;\">Doppelfl\u00fcgel Tor, 2m.<br \/>\n<\/span><\/li>\n<li><span style=\"font-family: Arial, sans-serif;\">Konstruktion aus geschlossenen Profilen<br \/>\n<\/span><\/li>\n<li><span style=\"font-family: Arial, sans-serif;\">Blechbeschichtung in Ziegelrot (RAL8004)<br \/>\n<\/span><\/li>\n<li><span style=\"font-family: Arial, sans-serif;\">Satteldach: (2,13 m \/ 2,80 m)<\/span><\/li>\n<\/ul>\n","protected":false},"excerpt":{"rendered":"<p>M\u00fcllh\u00e4uschen 3,5m breit x 4,5m tief.\u00a0 Konstruktion uas pulverbeschichteten, geschlossenen Profilen. W\u00e4nde bis zu H\u00f6he 1,70m mit ziegelroten (RAL8004) Trapezblech T12 bedeckt. Ab 1,70m bis zum Dach pulverbeschichtetes Stahlnetz. Satteldach mit Trapezblech T18 beschichtet. Wandh\u00f6he 2,13m, Giebelh\u00f6he 2,80m. Zweifl\u00fcgeliges Tor mit Schlo\u00df und Knauf. Eigenschaften 3,5&#215;4,5 : Doppelfl\u00fcgel Tor, 2m. Konstruktion aus geschlossenen Profilen Blechbeschichtung [&hellip;]<\/p>\n","protected":false},"featured_media":104410,"comment_status":"open","ping_status":"closed","template":"","meta":{"_et_pb_use_builder":"","_et_pb_old_content":"","_et_gb_content_width":""},"product_brand":[],"product_cat":[106],"product_tag":[],"class_list":{"0":"post-105106","1":"product","2":"type-product","3":"status-publish","4":"has-post-thumbnail","6":"product_cat-muellhaeuschen","8":"first","9":"instock","10":"taxable","11":"shipping-taxable","12":"purchasable","13":"product-type-simple"},"yoast_head":"<!-- This site is optimized with the Yoast SEO plugin v27.0 - https:\/\/yoast.com\/product\/yoast-seo-wordpress\/ -->\n<title>M\u00fcllh\u00e4uschen 3,5x4,5 Satteldach - Producent kontener\u00f3w biurowych, wiat \u015bmietnikowych, gara\u017ce z p\u0142ty warstwowej<\/title>\n<meta name=\"robots\" content=\"index, follow, max-snippet:-1, max-image-preview:large, max-video-preview:-1\" \/>\n<link rel=\"canonical\" href=\"https:\/\/garazyki.pl\/de\/producent\/muellhaeuschen\/mullhauschen-35x45-satteldach\/\" \/>\n<meta property=\"og:locale\" content=\"de_DE\" \/>\n<meta property=\"og:type\" content=\"article\" \/>\n<meta property=\"og:title\" content=\"M\u00fcllh\u00e4uschen 3,5x4,5 Satteldach - Producent kontener\u00f3w biurowych, wiat \u015bmietnikowych, gara\u017ce z p\u0142ty warstwowej\" \/>\n<meta property=\"og:description\" content=\"M\u00fcllh\u00e4uschen 3,5m breit x 4,5m tief.\u00a0 Konstruktion uas pulverbeschichteten, geschlossenen Profilen. W\u00e4nde bis zu H\u00f6he 1,70m mit ziegelroten (RAL8004) Trapezblech T12 bedeckt. Ab 1,70m bis zum Dach pulverbeschichtetes Stahlnetz. Satteldach mit Trapezblech T18 beschichtet. Wandh\u00f6he 2,13m, Giebelh\u00f6he 2,80m. Zweifl\u00fcgeliges Tor mit Schlo\u00df und Knauf. Eigenschaften 3,5&#215;4,5 : Doppelfl\u00fcgel Tor, 2m. Konstruktion aus geschlossenen Profilen Blechbeschichtung [&hellip;]\" \/>\n<meta property=\"og:url\" content=\"https:\/\/garazyki.pl\/de\/producent\/muellhaeuschen\/mullhauschen-35x45-satteldach\/\" \/>\n<meta property=\"og:site_name\" content=\"Producent kontener\u00f3w biurowych, wiat \u015bmietnikowych, gara\u017ce z p\u0142ty warstwowej\" \/>\n<meta property=\"article:publisher\" content=\"https:\/\/www.facebook.com\/garazyki\" \/>\n<meta property=\"article:modified_time\" content=\"2022-03-17T11:08:53+00:00\" \/>\n<meta property=\"og:image\" content=\"https:\/\/garazyki.pl\/wp-content\/uploads\/2022\/02\/0Wiata_smietnikowa_35x45_dwuspad_kolor__1_.jpg\" \/>\n\t<meta property=\"og:image:width\" content=\"740\" \/>\n\t<meta property=\"og:image:height\" content=\"520\" \/>\n\t<meta property=\"og:image:type\" content=\"image\/jpeg\" \/>\n<meta name=\"twitter:card\" content=\"summary_large_image\" \/>\n<script type=\"application\/ld+json\" class=\"yoast-schema-graph\">{\"@context\":\"https:\/\/schema.org\",\"@graph\":[{\"@type\":\"WebPage\",\"@id\":\"https:\/\/garazyki.pl\/de\/producent\/muellhaeuschen\/mullhauschen-35x45-satteldach\/\",\"url\":\"https:\/\/garazyki.pl\/de\/producent\/muellhaeuschen\/mullhauschen-35x45-satteldach\/\",\"name\":\"M\u00fcllh\u00e4uschen 3,5x4,5 Satteldach - Producent kontener\u00f3w biurowych, wiat \u015bmietnikowych, gara\u017ce z p\u0142ty warstwowej\",\"isPartOf\":{\"@id\":\"https:\/\/garazyki.pl\/de\/#website\"},\"primaryImageOfPage\":{\"@id\":\"https:\/\/garazyki.pl\/de\/producent\/muellhaeuschen\/mullhauschen-35x45-satteldach\/#primaryimage\"},\"image\":{\"@id\":\"https:\/\/garazyki.pl\/de\/producent\/muellhaeuschen\/mullhauschen-35x45-satteldach\/#primaryimage\"},\"thumbnailUrl\":\"https:\/\/garazyki.pl\/wp-content\/uploads\/2022\/02\/0Wiata_smietnikowa_35x45_dwuspad_kolor__1_.jpg\",\"datePublished\":\"2022-02-22T22:37:59+00:00\",\"dateModified\":\"2022-03-17T11:08:53+00:00\",\"breadcrumb\":{\"@id\":\"https:\/\/garazyki.pl\/de\/producent\/muellhaeuschen\/mullhauschen-35x45-satteldach\/#breadcrumb\"},\"inLanguage\":\"de\",\"potentialAction\":[{\"@type\":\"ReadAction\",\"target\":[\"https:\/\/garazyki.pl\/de\/producent\/muellhaeuschen\/mullhauschen-35x45-satteldach\/\"]}]},{\"@type\":\"ImageObject\",\"inLanguage\":\"de\",\"@id\":\"https:\/\/garazyki.pl\/de\/producent\/muellhaeuschen\/mullhauschen-35x45-satteldach\/#primaryimage\",\"url\":\"https:\/\/garazyki.pl\/wp-content\/uploads\/2022\/02\/0Wiata_smietnikowa_35x45_dwuspad_kolor__1_.jpg\",\"contentUrl\":\"https:\/\/garazyki.pl\/wp-content\/uploads\/2022\/02\/0Wiata_smietnikowa_35x45_dwuspad_kolor__1_.jpg\",\"width\":740,\"height\":520,\"caption\":\"Wiata \u015bmietnikowa z dachem dwuspadowym 3,50\u00d74,50 kolor\"},{\"@type\":\"BreadcrumbList\",\"@id\":\"https:\/\/garazyki.pl\/de\/producent\/muellhaeuschen\/mullhauschen-35x45-satteldach\/#breadcrumb\",\"itemListElement\":[{\"@type\":\"ListItem\",\"position\":1,\"name\":\"Strona g\u0142\u00f3wna\",\"item\":\"https:\/\/garazyki.pl\/de\/\"},{\"@type\":\"ListItem\",\"position\":2,\"name\":\"Produkte\",\"item\":\"https:\/\/garazyki.pl\/de\/shop\/\"},{\"@type\":\"ListItem\",\"position\":3,\"name\":\"M\u00fcllh\u00e4uschen 3,5&#215;4,5 Satteldach\"}]},{\"@type\":\"WebSite\",\"@id\":\"https:\/\/garazyki.pl\/de\/#website\",\"url\":\"https:\/\/garazyki.pl\/de\/\",\"name\":\"Producent kontener\u00f3w biurowych, wiat \u015bmietnikowych, gara\u017ce z p\u0142ty warstwowej\",\"description\":\"Kontenery biurowe, wiaty \u015bmietnikowe, hale, gara\u017ce blaszane od producenta.\",\"publisher\":{\"@id\":\"https:\/\/garazyki.pl\/de\/#organization\"},\"potentialAction\":[{\"@type\":\"SearchAction\",\"target\":{\"@type\":\"EntryPoint\",\"urlTemplate\":\"https:\/\/garazyki.pl\/de\/?s={search_term_string}\"},\"query-input\":{\"@type\":\"PropertyValueSpecification\",\"valueRequired\":true,\"valueName\":\"search_term_string\"}}],\"inLanguage\":\"de\"},{\"@type\":\"Organization\",\"@id\":\"https:\/\/garazyki.pl\/de\/#organization\",\"name\":\"Garazyki.pl Producent gara\u017cy i kontener\u00f3w biurowych i wiat\",\"url\":\"https:\/\/garazyki.pl\/de\/\",\"logo\":{\"@type\":\"ImageObject\",\"inLanguage\":\"de\",\"@id\":\"https:\/\/garazyki.pl\/de\/#\/schema\/logo\/image\/\",\"url\":\"https:\/\/garazyki.pl\/wp-content\/uploads\/2022\/02\/logo_garazyki_pl.png\",\"contentUrl\":\"https:\/\/garazyki.pl\/wp-content\/uploads\/2022\/02\/logo_garazyki_pl.png\",\"width\":120,\"height\":64,\"caption\":\"Garazyki.pl Producent gara\u017cy i kontener\u00f3w biurowych i wiat\"},\"image\":{\"@id\":\"https:\/\/garazyki.pl\/de\/#\/schema\/logo\/image\/\"},\"sameAs\":[\"https:\/\/www.facebook.com\/garazyki\",\"https:\/\/www.instagram.com\/garazyki.pl\/\",\"https:\/\/www.linkedin.com\/company\/alicja-garazyki\/\"]}]}<\/script>\n<!-- \/ Yoast SEO plugin. -->","yoast_head_json":{"title":"M\u00fcllh\u00e4uschen 3,5x4,5 Satteldach - Producent kontener\u00f3w biurowych, wiat \u015bmietnikowych, gara\u017ce z p\u0142ty warstwowej","robots":{"index":"index","follow":"follow","max-snippet":"max-snippet:-1","max-image-preview":"max-image-preview:large","max-video-preview":"max-video-preview:-1"},"canonical":"https:\/\/garazyki.pl\/de\/producent\/muellhaeuschen\/mullhauschen-35x45-satteldach\/","og_locale":"de_DE","og_type":"article","og_title":"M\u00fcllh\u00e4uschen 3,5x4,5 Satteldach - Producent kontener\u00f3w biurowych, wiat \u015bmietnikowych, gara\u017ce z p\u0142ty warstwowej","og_description":"M\u00fcllh\u00e4uschen 3,5m breit x 4,5m tief.\u00a0 Konstruktion uas pulverbeschichteten, geschlossenen Profilen. W\u00e4nde bis zu H\u00f6he 1,70m mit ziegelroten (RAL8004) Trapezblech T12 bedeckt. Ab 1,70m bis zum Dach pulverbeschichtetes Stahlnetz. Satteldach mit Trapezblech T18 beschichtet. Wandh\u00f6he 2,13m, Giebelh\u00f6he 2,80m. Zweifl\u00fcgeliges Tor mit Schlo\u00df und Knauf. Eigenschaften 3,5&#215;4,5 : Doppelfl\u00fcgel Tor, 2m. Konstruktion aus geschlossenen Profilen Blechbeschichtung [&hellip;]","og_url":"https:\/\/garazyki.pl\/de\/producent\/muellhaeuschen\/mullhauschen-35x45-satteldach\/","og_site_name":"Producent kontener\u00f3w biurowych, wiat \u015bmietnikowych, gara\u017ce z p\u0142ty warstwowej","article_publisher":"https:\/\/www.facebook.com\/garazyki","article_modified_time":"2022-03-17T11:08:53+00:00","og_image":[{"width":740,"height":520,"url":"https:\/\/garazyki.pl\/wp-content\/uploads\/2022\/02\/0Wiata_smietnikowa_35x45_dwuspad_kolor__1_.jpg","type":"image\/jpeg"}],"twitter_card":"summary_large_image","schema":{"@context":"https:\/\/schema.org","@graph":[{"@type":"WebPage","@id":"https:\/\/garazyki.pl\/de\/producent\/muellhaeuschen\/mullhauschen-35x45-satteldach\/","url":"https:\/\/garazyki.pl\/de\/producent\/muellhaeuschen\/mullhauschen-35x45-satteldach\/","name":"M\u00fcllh\u00e4uschen 3,5x4,5 Satteldach - Producent kontener\u00f3w biurowych, wiat \u015bmietnikowych, gara\u017ce z p\u0142ty warstwowej","isPartOf":{"@id":"https:\/\/garazyki.pl\/de\/#website"},"primaryImageOfPage":{"@id":"https:\/\/garazyki.pl\/de\/producent\/muellhaeuschen\/mullhauschen-35x45-satteldach\/#primaryimage"},"image":{"@id":"https:\/\/garazyki.pl\/de\/producent\/muellhaeuschen\/mullhauschen-35x45-satteldach\/#primaryimage"},"thumbnailUrl":"https:\/\/garazyki.pl\/wp-content\/uploads\/2022\/02\/0Wiata_smietnikowa_35x45_dwuspad_kolor__1_.jpg","datePublished":"2022-02-22T22:37:59+00:00","dateModified":"2022-03-17T11:08:53+00:00","breadcrumb":{"@id":"https:\/\/garazyki.pl\/de\/producent\/muellhaeuschen\/mullhauschen-35x45-satteldach\/#breadcrumb"},"inLanguage":"de","potentialAction":[{"@type":"ReadAction","target":["https:\/\/garazyki.pl\/de\/producent\/muellhaeuschen\/mullhauschen-35x45-satteldach\/"]}]},{"@type":"ImageObject","inLanguage":"de","@id":"https:\/\/garazyki.pl\/de\/producent\/muellhaeuschen\/mullhauschen-35x45-satteldach\/#primaryimage","url":"https:\/\/garazyki.pl\/wp-content\/uploads\/2022\/02\/0Wiata_smietnikowa_35x45_dwuspad_kolor__1_.jpg","contentUrl":"https:\/\/garazyki.pl\/wp-content\/uploads\/2022\/02\/0Wiata_smietnikowa_35x45_dwuspad_kolor__1_.jpg","width":740,"height":520,"caption":"Wiata \u015bmietnikowa z dachem dwuspadowym 3,50\u00d74,50 kolor"},{"@type":"BreadcrumbList","@id":"https:\/\/garazyki.pl\/de\/producent\/muellhaeuschen\/mullhauschen-35x45-satteldach\/#breadcrumb","itemListElement":[{"@type":"ListItem","position":1,"name":"Strona g\u0142\u00f3wna","item":"https:\/\/garazyki.pl\/de\/"},{"@type":"ListItem","position":2,"name":"Produkte","item":"https:\/\/garazyki.pl\/de\/shop\/"},{"@type":"ListItem","position":3,"name":"M\u00fcllh\u00e4uschen 3,5&#215;4,5 Satteldach"}]},{"@type":"WebSite","@id":"https:\/\/garazyki.pl\/de\/#website","url":"https:\/\/garazyki.pl\/de\/","name":"Producent kontener\u00f3w biurowych, wiat \u015bmietnikowych, gara\u017ce z p\u0142ty warstwowej","description":"Kontenery biurowe, wiaty \u015bmietnikowe, hale, gara\u017ce blaszane od producenta.","publisher":{"@id":"https:\/\/garazyki.pl\/de\/#organization"},"potentialAction":[{"@type":"SearchAction","target":{"@type":"EntryPoint","urlTemplate":"https:\/\/garazyki.pl\/de\/?s={search_term_string}"},"query-input":{"@type":"PropertyValueSpecification","valueRequired":true,"valueName":"search_term_string"}}],"inLanguage":"de"},{"@type":"Organization","@id":"https:\/\/garazyki.pl\/de\/#organization","name":"Garazyki.pl Producent gara\u017cy i kontener\u00f3w biurowych i wiat","url":"https:\/\/garazyki.pl\/de\/","logo":{"@type":"ImageObject","inLanguage":"de","@id":"https:\/\/garazyki.pl\/de\/#\/schema\/logo\/image\/","url":"https:\/\/garazyki.pl\/wp-content\/uploads\/2022\/02\/logo_garazyki_pl.png","contentUrl":"https:\/\/garazyki.pl\/wp-content\/uploads\/2022\/02\/logo_garazyki_pl.png","width":120,"height":64,"caption":"Garazyki.pl Producent gara\u017cy i kontener\u00f3w biurowych i wiat"},"image":{"@id":"https:\/\/garazyki.pl\/de\/#\/schema\/logo\/image\/"},"sameAs":["https:\/\/www.facebook.com\/garazyki","https:\/\/www.instagram.com\/garazyki.pl\/","https:\/\/www.linkedin.com\/company\/alicja-garazyki\/"]}]}},"_links":{"self":[{"href":"https:\/\/garazyki.pl\/de\/wp-json\/wp\/v2\/product\/105106","targetHints":{"allow":["GET"]}}],"collection":[{"href":"https:\/\/garazyki.pl\/de\/wp-json\/wp\/v2\/product"}],"about":[{"href":"https:\/\/garazyki.pl\/de\/wp-json\/wp\/v2\/types\/product"}],"replies":[{"embeddable":true,"href":"https:\/\/garazyki.pl\/de\/wp-json\/wp\/v2\/comments?post=105106"}],"wp:featuredmedia":[{"embeddable":true,"href":"https:\/\/garazyki.pl\/de\/wp-json\/wp\/v2\/media\/104410"}],"wp:attachment":[{"href":"https:\/\/garazyki.pl\/de\/wp-json\/wp\/v2\/media?parent=105106"}],"wp:term":[{"taxonomy":"product_brand","embeddable":true,"href":"https:\/\/garazyki.pl\/de\/wp-json\/wp\/v2\/product_brand?post=105106"},{"taxonomy":"product_cat","embeddable":true,"href":"https:\/\/garazyki.pl\/de\/wp-json\/wp\/v2\/product_cat?post=105106"},{"taxonomy":"product_tag","embeddable":true,"href":"https:\/\/garazyki.pl\/de\/wp-json\/wp\/v2\/product_tag?post=105106"}],"curies":[{"name":"wp","href":"https:\/\/api.w.org\/{rel}","templated":true}]}}