{"id":105097,"date":"2022-02-22T23:04:00","date_gmt":"2022-02-22T22:04:00","guid":{"rendered":"https:\/\/garazyki.pl\/producent\/unkategorisiert\/panel-mullhauschen-340-x-480\/"},"modified":"2022-03-17T12:08:54","modified_gmt":"2022-03-17T11:08:54","slug":"panel-mullhauschen-340-x-480","status":"publish","type":"product","link":"https:\/\/garazyki.pl\/de\/producent\/muellhaeuschen\/panel-mullhauschen-340-x-480\/","title":{"rendered":"Panel-M\u00fcllh\u00e4uschen 3,40 x 4,80"},"content":{"rendered":"<p>M\u00fcllh\u00e4uschen 3,40m breit x 4,80m tief.Pultdach mit Gef\u00e4lle(2,30m\/2,10m). Konstruktion aus verzinkten geschlossenen Stahlprofilen. Zweifl\u00fcgeliges Tor 1,60m breit und mit verzinkten Stahlgitter bedeckt. W\u00e4nde bedeckt mit Panelen in den Farben Nu\u00df und Wei\u00df. Blechbearbeitungen an den Ecken und den Windabweisern in den Farbton Nuss.<\/p>\n<p><strong>Eigenschaften :<\/strong><\/p>\n<ul>\n<li>asymetrisches 1,60m Tor<\/li>\n<li>T\u00fcr mit Schlo\u00df<\/li>\n<li>Pultdach mit Gef\u00e4lle ( 2,30\/ 2,10),<\/li>\n<li>Dach aus einem St\u00fcck Blech T18<\/li>\n<li>Konstruktion aus Stahlprofilen<\/li>\n<li>Konstruktion verzinkt<\/li>\n<li>Panele aus Blech 0,7mm,<\/li>\n<li>Blechbearbeitungen an den Ecken und den Windabweisern<\/li>\n<\/ul>\n","protected":false},"excerpt":{"rendered":"<p>M\u00fcllh\u00e4uschen 3,40m breit x 4,80m tief.Pultdach mit Gef\u00e4lle(2,30m\/2,10m). Konstruktion aus verzinkten geschlossenen Stahlprofilen. Zweifl\u00fcgeliges Tor 1,60m breit und mit verzinkten Stahlgitter bedeckt. W\u00e4nde bedeckt mit Panelen in den Farben Nu\u00df und Wei\u00df. Blechbearbeitungen an den Ecken und den Windabweisern in den Farbton Nuss. Eigenschaften : asymetrisches 1,60m Tor T\u00fcr mit Schlo\u00df Pultdach mit Gef\u00e4lle ( [&hellip;]<\/p>\n","protected":false},"featured_media":104374,"comment_status":"open","ping_status":"closed","template":"","meta":{"_et_pb_use_builder":"","_et_pb_old_content":"","_et_gb_content_width":""},"product_brand":[],"product_cat":[106],"product_tag":[],"class_list":{"0":"post-105097","1":"product","2":"type-product","3":"status-publish","4":"has-post-thumbnail","6":"product_cat-muellhaeuschen","8":"first","9":"instock","10":"taxable","11":"shipping-taxable","12":"purchasable","13":"product-type-simple"},"yoast_head":"<!-- This site is optimized with the Yoast SEO plugin v27.0 - https:\/\/yoast.com\/product\/yoast-seo-wordpress\/ -->\n<title>Panel-M\u00fcllh\u00e4uschen 3,40 x 4,80 - Producent kontener\u00f3w biurowych, wiat \u015bmietnikowych, gara\u017ce z p\u0142ty warstwowej<\/title>\n<meta name=\"robots\" content=\"index, follow, max-snippet:-1, max-image-preview:large, max-video-preview:-1\" \/>\n<link rel=\"canonical\" href=\"https:\/\/garazyki.pl\/de\/producent\/muellhaeuschen\/panel-mullhauschen-340-x-480\/\" \/>\n<meta property=\"og:locale\" content=\"de_DE\" \/>\n<meta property=\"og:type\" content=\"article\" \/>\n<meta property=\"og:title\" content=\"Panel-M\u00fcllh\u00e4uschen 3,40 x 4,80 - Producent kontener\u00f3w biurowych, wiat \u015bmietnikowych, gara\u017ce z p\u0142ty warstwowej\" \/>\n<meta property=\"og:description\" content=\"M\u00fcllh\u00e4uschen 3,40m breit x 4,80m tief.Pultdach mit Gef\u00e4lle(2,30m\/2,10m). Konstruktion aus verzinkten geschlossenen Stahlprofilen. Zweifl\u00fcgeliges Tor 1,60m breit und mit verzinkten Stahlgitter bedeckt. W\u00e4nde bedeckt mit Panelen in den Farben Nu\u00df und Wei\u00df. Blechbearbeitungen an den Ecken und den Windabweisern in den Farbton Nuss. Eigenschaften : asymetrisches 1,60m Tor T\u00fcr mit Schlo\u00df Pultdach mit Gef\u00e4lle ( [&hellip;]\" \/>\n<meta property=\"og:url\" content=\"https:\/\/garazyki.pl\/de\/producent\/muellhaeuschen\/panel-mullhauschen-340-x-480\/\" \/>\n<meta property=\"og:site_name\" content=\"Producent kontener\u00f3w biurowych, wiat \u015bmietnikowych, gara\u017ce z p\u0142ty warstwowej\" \/>\n<meta property=\"article:publisher\" content=\"https:\/\/www.facebook.com\/garazyki\" \/>\n<meta property=\"article:modified_time\" content=\"2022-03-17T11:08:54+00:00\" \/>\n<meta property=\"og:image\" content=\"https:\/\/garazyki.pl\/wp-content\/uploads\/2022\/02\/26Min.jpg\" \/>\n\t<meta property=\"og:image:width\" content=\"683\" \/>\n\t<meta property=\"og:image:height\" content=\"480\" \/>\n\t<meta property=\"og:image:type\" content=\"image\/jpeg\" \/>\n<meta name=\"twitter:card\" content=\"summary_large_image\" \/>\n<script type=\"application\/ld+json\" class=\"yoast-schema-graph\">{\"@context\":\"https:\/\/schema.org\",\"@graph\":[{\"@type\":\"WebPage\",\"@id\":\"https:\/\/garazyki.pl\/de\/producent\/muellhaeuschen\/panel-mullhauschen-340-x-480\/\",\"url\":\"https:\/\/garazyki.pl\/de\/producent\/muellhaeuschen\/panel-mullhauschen-340-x-480\/\",\"name\":\"Panel-M\u00fcllh\u00e4uschen 3,40 x 4,80 - Producent kontener\u00f3w biurowych, wiat \u015bmietnikowych, gara\u017ce z p\u0142ty warstwowej\",\"isPartOf\":{\"@id\":\"https:\/\/garazyki.pl\/de\/#website\"},\"primaryImageOfPage\":{\"@id\":\"https:\/\/garazyki.pl\/de\/producent\/muellhaeuschen\/panel-mullhauschen-340-x-480\/#primaryimage\"},\"image\":{\"@id\":\"https:\/\/garazyki.pl\/de\/producent\/muellhaeuschen\/panel-mullhauschen-340-x-480\/#primaryimage\"},\"thumbnailUrl\":\"https:\/\/garazyki.pl\/wp-content\/uploads\/2022\/02\/26Min.jpg\",\"datePublished\":\"2022-02-22T22:04:00+00:00\",\"dateModified\":\"2022-03-17T11:08:54+00:00\",\"breadcrumb\":{\"@id\":\"https:\/\/garazyki.pl\/de\/producent\/muellhaeuschen\/panel-mullhauschen-340-x-480\/#breadcrumb\"},\"inLanguage\":\"de\",\"potentialAction\":[{\"@type\":\"ReadAction\",\"target\":[\"https:\/\/garazyki.pl\/de\/producent\/muellhaeuschen\/panel-mullhauschen-340-x-480\/\"]}]},{\"@type\":\"ImageObject\",\"inLanguage\":\"de\",\"@id\":\"https:\/\/garazyki.pl\/de\/producent\/muellhaeuschen\/panel-mullhauschen-340-x-480\/#primaryimage\",\"url\":\"https:\/\/garazyki.pl\/wp-content\/uploads\/2022\/02\/26Min.jpg\",\"contentUrl\":\"https:\/\/garazyki.pl\/wp-content\/uploads\/2022\/02\/26Min.jpg\",\"width\":683,\"height\":480,\"caption\":\"Wiata \u015bmietnikowa panelowa 3,40\u00d74,80\"},{\"@type\":\"BreadcrumbList\",\"@id\":\"https:\/\/garazyki.pl\/de\/producent\/muellhaeuschen\/panel-mullhauschen-340-x-480\/#breadcrumb\",\"itemListElement\":[{\"@type\":\"ListItem\",\"position\":1,\"name\":\"Strona g\u0142\u00f3wna\",\"item\":\"https:\/\/garazyki.pl\/de\/\"},{\"@type\":\"ListItem\",\"position\":2,\"name\":\"Produkte\",\"item\":\"https:\/\/garazyki.pl\/de\/shop\/\"},{\"@type\":\"ListItem\",\"position\":3,\"name\":\"Panel-M\u00fcllh\u00e4uschen 3,40 x 4,80\"}]},{\"@type\":\"WebSite\",\"@id\":\"https:\/\/garazyki.pl\/de\/#website\",\"url\":\"https:\/\/garazyki.pl\/de\/\",\"name\":\"Producent kontener\u00f3w biurowych, wiat \u015bmietnikowych, gara\u017ce z p\u0142ty warstwowej\",\"description\":\"Kontenery biurowe, wiaty \u015bmietnikowe, hale, gara\u017ce blaszane od producenta.\",\"publisher\":{\"@id\":\"https:\/\/garazyki.pl\/de\/#organization\"},\"potentialAction\":[{\"@type\":\"SearchAction\",\"target\":{\"@type\":\"EntryPoint\",\"urlTemplate\":\"https:\/\/garazyki.pl\/de\/?s={search_term_string}\"},\"query-input\":{\"@type\":\"PropertyValueSpecification\",\"valueRequired\":true,\"valueName\":\"search_term_string\"}}],\"inLanguage\":\"de\"},{\"@type\":\"Organization\",\"@id\":\"https:\/\/garazyki.pl\/de\/#organization\",\"name\":\"Garazyki.pl Producent gara\u017cy i kontener\u00f3w biurowych i wiat\",\"url\":\"https:\/\/garazyki.pl\/de\/\",\"logo\":{\"@type\":\"ImageObject\",\"inLanguage\":\"de\",\"@id\":\"https:\/\/garazyki.pl\/de\/#\/schema\/logo\/image\/\",\"url\":\"https:\/\/garazyki.pl\/wp-content\/uploads\/2022\/02\/logo_garazyki_pl.png\",\"contentUrl\":\"https:\/\/garazyki.pl\/wp-content\/uploads\/2022\/02\/logo_garazyki_pl.png\",\"width\":120,\"height\":64,\"caption\":\"Garazyki.pl Producent gara\u017cy i kontener\u00f3w biurowych i wiat\"},\"image\":{\"@id\":\"https:\/\/garazyki.pl\/de\/#\/schema\/logo\/image\/\"},\"sameAs\":[\"https:\/\/www.facebook.com\/garazyki\",\"https:\/\/www.instagram.com\/garazyki.pl\/\",\"https:\/\/www.linkedin.com\/company\/alicja-garazyki\/\"]}]}<\/script>\n<!-- \/ Yoast SEO plugin. -->","yoast_head_json":{"title":"Panel-M\u00fcllh\u00e4uschen 3,40 x 4,80 - Producent kontener\u00f3w biurowych, wiat \u015bmietnikowych, gara\u017ce z p\u0142ty warstwowej","robots":{"index":"index","follow":"follow","max-snippet":"max-snippet:-1","max-image-preview":"max-image-preview:large","max-video-preview":"max-video-preview:-1"},"canonical":"https:\/\/garazyki.pl\/de\/producent\/muellhaeuschen\/panel-mullhauschen-340-x-480\/","og_locale":"de_DE","og_type":"article","og_title":"Panel-M\u00fcllh\u00e4uschen 3,40 x 4,80 - Producent kontener\u00f3w biurowych, wiat \u015bmietnikowych, gara\u017ce z p\u0142ty warstwowej","og_description":"M\u00fcllh\u00e4uschen 3,40m breit x 4,80m tief.Pultdach mit Gef\u00e4lle(2,30m\/2,10m). Konstruktion aus verzinkten geschlossenen Stahlprofilen. Zweifl\u00fcgeliges Tor 1,60m breit und mit verzinkten Stahlgitter bedeckt. W\u00e4nde bedeckt mit Panelen in den Farben Nu\u00df und Wei\u00df. Blechbearbeitungen an den Ecken und den Windabweisern in den Farbton Nuss. Eigenschaften : asymetrisches 1,60m Tor T\u00fcr mit Schlo\u00df Pultdach mit Gef\u00e4lle ( [&hellip;]","og_url":"https:\/\/garazyki.pl\/de\/producent\/muellhaeuschen\/panel-mullhauschen-340-x-480\/","og_site_name":"Producent kontener\u00f3w biurowych, wiat \u015bmietnikowych, gara\u017ce z p\u0142ty warstwowej","article_publisher":"https:\/\/www.facebook.com\/garazyki","article_modified_time":"2022-03-17T11:08:54+00:00","og_image":[{"width":683,"height":480,"url":"https:\/\/garazyki.pl\/wp-content\/uploads\/2022\/02\/26Min.jpg","type":"image\/jpeg"}],"twitter_card":"summary_large_image","schema":{"@context":"https:\/\/schema.org","@graph":[{"@type":"WebPage","@id":"https:\/\/garazyki.pl\/de\/producent\/muellhaeuschen\/panel-mullhauschen-340-x-480\/","url":"https:\/\/garazyki.pl\/de\/producent\/muellhaeuschen\/panel-mullhauschen-340-x-480\/","name":"Panel-M\u00fcllh\u00e4uschen 3,40 x 4,80 - Producent kontener\u00f3w biurowych, wiat \u015bmietnikowych, gara\u017ce z p\u0142ty warstwowej","isPartOf":{"@id":"https:\/\/garazyki.pl\/de\/#website"},"primaryImageOfPage":{"@id":"https:\/\/garazyki.pl\/de\/producent\/muellhaeuschen\/panel-mullhauschen-340-x-480\/#primaryimage"},"image":{"@id":"https:\/\/garazyki.pl\/de\/producent\/muellhaeuschen\/panel-mullhauschen-340-x-480\/#primaryimage"},"thumbnailUrl":"https:\/\/garazyki.pl\/wp-content\/uploads\/2022\/02\/26Min.jpg","datePublished":"2022-02-22T22:04:00+00:00","dateModified":"2022-03-17T11:08:54+00:00","breadcrumb":{"@id":"https:\/\/garazyki.pl\/de\/producent\/muellhaeuschen\/panel-mullhauschen-340-x-480\/#breadcrumb"},"inLanguage":"de","potentialAction":[{"@type":"ReadAction","target":["https:\/\/garazyki.pl\/de\/producent\/muellhaeuschen\/panel-mullhauschen-340-x-480\/"]}]},{"@type":"ImageObject","inLanguage":"de","@id":"https:\/\/garazyki.pl\/de\/producent\/muellhaeuschen\/panel-mullhauschen-340-x-480\/#primaryimage","url":"https:\/\/garazyki.pl\/wp-content\/uploads\/2022\/02\/26Min.jpg","contentUrl":"https:\/\/garazyki.pl\/wp-content\/uploads\/2022\/02\/26Min.jpg","width":683,"height":480,"caption":"Wiata \u015bmietnikowa panelowa 3,40\u00d74,80"},{"@type":"BreadcrumbList","@id":"https:\/\/garazyki.pl\/de\/producent\/muellhaeuschen\/panel-mullhauschen-340-x-480\/#breadcrumb","itemListElement":[{"@type":"ListItem","position":1,"name":"Strona g\u0142\u00f3wna","item":"https:\/\/garazyki.pl\/de\/"},{"@type":"ListItem","position":2,"name":"Produkte","item":"https:\/\/garazyki.pl\/de\/shop\/"},{"@type":"ListItem","position":3,"name":"Panel-M\u00fcllh\u00e4uschen 3,40 x 4,80"}]},{"@type":"WebSite","@id":"https:\/\/garazyki.pl\/de\/#website","url":"https:\/\/garazyki.pl\/de\/","name":"Producent kontener\u00f3w biurowych, wiat \u015bmietnikowych, gara\u017ce z p\u0142ty warstwowej","description":"Kontenery biurowe, wiaty \u015bmietnikowe, hale, gara\u017ce blaszane od producenta.","publisher":{"@id":"https:\/\/garazyki.pl\/de\/#organization"},"potentialAction":[{"@type":"SearchAction","target":{"@type":"EntryPoint","urlTemplate":"https:\/\/garazyki.pl\/de\/?s={search_term_string}"},"query-input":{"@type":"PropertyValueSpecification","valueRequired":true,"valueName":"search_term_string"}}],"inLanguage":"de"},{"@type":"Organization","@id":"https:\/\/garazyki.pl\/de\/#organization","name":"Garazyki.pl Producent gara\u017cy i kontener\u00f3w biurowych i wiat","url":"https:\/\/garazyki.pl\/de\/","logo":{"@type":"ImageObject","inLanguage":"de","@id":"https:\/\/garazyki.pl\/de\/#\/schema\/logo\/image\/","url":"https:\/\/garazyki.pl\/wp-content\/uploads\/2022\/02\/logo_garazyki_pl.png","contentUrl":"https:\/\/garazyki.pl\/wp-content\/uploads\/2022\/02\/logo_garazyki_pl.png","width":120,"height":64,"caption":"Garazyki.pl Producent gara\u017cy i kontener\u00f3w biurowych i wiat"},"image":{"@id":"https:\/\/garazyki.pl\/de\/#\/schema\/logo\/image\/"},"sameAs":["https:\/\/www.facebook.com\/garazyki","https:\/\/www.instagram.com\/garazyki.pl\/","https:\/\/www.linkedin.com\/company\/alicja-garazyki\/"]}]}},"_links":{"self":[{"href":"https:\/\/garazyki.pl\/de\/wp-json\/wp\/v2\/product\/105097","targetHints":{"allow":["GET"]}}],"collection":[{"href":"https:\/\/garazyki.pl\/de\/wp-json\/wp\/v2\/product"}],"about":[{"href":"https:\/\/garazyki.pl\/de\/wp-json\/wp\/v2\/types\/product"}],"replies":[{"embeddable":true,"href":"https:\/\/garazyki.pl\/de\/wp-json\/wp\/v2\/comments?post=105097"}],"wp:featuredmedia":[{"embeddable":true,"href":"https:\/\/garazyki.pl\/de\/wp-json\/wp\/v2\/media\/104374"}],"wp:attachment":[{"href":"https:\/\/garazyki.pl\/de\/wp-json\/wp\/v2\/media?parent=105097"}],"wp:term":[{"taxonomy":"product_brand","embeddable":true,"href":"https:\/\/garazyki.pl\/de\/wp-json\/wp\/v2\/product_brand?post=105097"},{"taxonomy":"product_cat","embeddable":true,"href":"https:\/\/garazyki.pl\/de\/wp-json\/wp\/v2\/product_cat?post=105097"},{"taxonomy":"product_tag","embeddable":true,"href":"https:\/\/garazyki.pl\/de\/wp-json\/wp\/v2\/product_tag?post=105097"}],"curies":[{"name":"wp","href":"https:\/\/api.w.org\/{rel}","templated":true}]}}