{"id":105094,"date":"2022-02-22T22:47:57","date_gmt":"2022-02-22T21:47:57","guid":{"rendered":"https:\/\/garazyki.pl\/producent\/unkategorisiert\/panel-mullhauschen-400-x-500-graphit\/"},"modified":"2022-03-17T12:09:25","modified_gmt":"2022-03-17T11:09:25","slug":"panel-mullhauschen-400-x-500-graphit","status":"publish","type":"product","link":"https:\/\/garazyki.pl\/de\/producent\/muellhaeuschen\/panel-mullhauschen-400-x-500-graphit\/","title":{"rendered":"Panel-M\u00fcllh\u00e4uschen 4,00 x 5,00 Graphit"},"content":{"rendered":"<p>M\u00fcllh\u00e4uschen in den Ma\u00dfen 4m breit x 5m tief. Satteldach (2,30m Wand\u00f6he\/2,80m Giebelh\u00f6he).Konstruktion aus geschlossenen verzinkten Stahlprofilen. Doppelfl\u00fcgel Tor und zwei kleine T\u00fcren.W\u00e4nde und T\u00fcren aus panelen die aus beschichteten 0,7mm\u00a0 Blech sind. Dreieck am Dach aus verzinkten Stahlgitter. Blechbearbeitung an den Ecken und den Windabweisern.<\/p>\n<p><strong>Eigenschaften :<\/strong><\/p>\n<ul>\n<li>zweifl\u00fcgeliges Tor und zwei einzelne T\u00fcren<\/li>\n<li>T\u00fcr mit Schlo\u00df und Knauf<\/li>\n<li>Satteldach ( 2,30m \/ 2,80m),<\/li>\n<li>Dach aus einem St\u00fcck Blech T 18<\/li>\n<li>Konstruktion aus Stahlprofilen<\/li>\n<li>verzinkte Konstruktion<\/li>\n<li>Blechbearbeitungen an den Ecken und den Windabweisern<\/li>\n<\/ul>\n","protected":false},"excerpt":{"rendered":"<p>M\u00fcllh\u00e4uschen in den Ma\u00dfen 4m breit x 5m tief. Satteldach (2,30m Wand\u00f6he\/2,80m Giebelh\u00f6he).Konstruktion aus geschlossenen verzinkten Stahlprofilen. Doppelfl\u00fcgel Tor und zwei kleine T\u00fcren.W\u00e4nde und T\u00fcren aus panelen die aus beschichteten 0,7mm\u00a0 Blech sind. Dreieck am Dach aus verzinkten Stahlgitter. Blechbearbeitung an den Ecken und den Windabweisern. Eigenschaften : zweifl\u00fcgeliges Tor und zwei einzelne T\u00fcren T\u00fcr [&hellip;]<\/p>\n","protected":false},"featured_media":104356,"comment_status":"open","ping_status":"closed","template":"","meta":{"_et_pb_use_builder":"","_et_pb_old_content":"","_et_gb_content_width":""},"product_brand":[],"product_cat":[106],"product_tag":[],"class_list":{"0":"post-105094","1":"product","2":"type-product","3":"status-publish","4":"has-post-thumbnail","6":"product_cat-muellhaeuschen","8":"first","9":"instock","10":"taxable","11":"shipping-taxable","12":"purchasable","13":"product-type-simple"},"yoast_head":"<!-- This site is optimized with the Yoast SEO plugin v27.0 - https:\/\/yoast.com\/product\/yoast-seo-wordpress\/ -->\n<title>Panel-M\u00fcllh\u00e4uschen 4,00 x 5,00 Graphit - Producent kontener\u00f3w biurowych, wiat \u015bmietnikowych, gara\u017ce z p\u0142ty warstwowej<\/title>\n<meta name=\"robots\" content=\"index, follow, max-snippet:-1, max-image-preview:large, max-video-preview:-1\" \/>\n<link rel=\"canonical\" href=\"https:\/\/garazyki.pl\/de\/producent\/muellhaeuschen\/panel-mullhauschen-400-x-500-graphit\/\" \/>\n<meta property=\"og:locale\" content=\"de_DE\" \/>\n<meta property=\"og:type\" content=\"article\" \/>\n<meta property=\"og:title\" content=\"Panel-M\u00fcllh\u00e4uschen 4,00 x 5,00 Graphit - Producent kontener\u00f3w biurowych, wiat \u015bmietnikowych, gara\u017ce z p\u0142ty warstwowej\" \/>\n<meta property=\"og:description\" content=\"M\u00fcllh\u00e4uschen in den Ma\u00dfen 4m breit x 5m tief. Satteldach (2,30m Wand\u00f6he\/2,80m Giebelh\u00f6he).Konstruktion aus geschlossenen verzinkten Stahlprofilen. Doppelfl\u00fcgel Tor und zwei kleine T\u00fcren.W\u00e4nde und T\u00fcren aus panelen die aus beschichteten 0,7mm\u00a0 Blech sind. Dreieck am Dach aus verzinkten Stahlgitter. Blechbearbeitung an den Ecken und den Windabweisern. Eigenschaften : zweifl\u00fcgeliges Tor und zwei einzelne T\u00fcren T\u00fcr [&hellip;]\" \/>\n<meta property=\"og:url\" content=\"https:\/\/garazyki.pl\/de\/producent\/muellhaeuschen\/panel-mullhauschen-400-x-500-graphit\/\" \/>\n<meta property=\"og:site_name\" content=\"Producent kontener\u00f3w biurowych, wiat \u015bmietnikowych, gara\u017ce z p\u0142ty warstwowej\" \/>\n<meta property=\"article:publisher\" content=\"https:\/\/www.facebook.com\/garazyki\" \/>\n<meta property=\"article:modified_time\" content=\"2022-03-17T11:09:25+00:00\" \/>\n<meta property=\"og:image\" content=\"https:\/\/garazyki.pl\/wp-content\/uploads\/2022\/02\/99Min.jpg\" \/>\n\t<meta property=\"og:image:width\" content=\"1093\" \/>\n\t<meta property=\"og:image:height\" content=\"768\" \/>\n\t<meta property=\"og:image:type\" content=\"image\/jpeg\" \/>\n<meta name=\"twitter:card\" content=\"summary_large_image\" \/>\n<script type=\"application\/ld+json\" class=\"yoast-schema-graph\">{\"@context\":\"https:\/\/schema.org\",\"@graph\":[{\"@type\":\"WebPage\",\"@id\":\"https:\/\/garazyki.pl\/de\/producent\/muellhaeuschen\/panel-mullhauschen-400-x-500-graphit\/\",\"url\":\"https:\/\/garazyki.pl\/de\/producent\/muellhaeuschen\/panel-mullhauschen-400-x-500-graphit\/\",\"name\":\"Panel-M\u00fcllh\u00e4uschen 4,00 x 5,00 Graphit - Producent kontener\u00f3w biurowych, wiat \u015bmietnikowych, gara\u017ce z p\u0142ty warstwowej\",\"isPartOf\":{\"@id\":\"https:\/\/garazyki.pl\/de\/#website\"},\"primaryImageOfPage\":{\"@id\":\"https:\/\/garazyki.pl\/de\/producent\/muellhaeuschen\/panel-mullhauschen-400-x-500-graphit\/#primaryimage\"},\"image\":{\"@id\":\"https:\/\/garazyki.pl\/de\/producent\/muellhaeuschen\/panel-mullhauschen-400-x-500-graphit\/#primaryimage\"},\"thumbnailUrl\":\"https:\/\/garazyki.pl\/wp-content\/uploads\/2022\/02\/99Min.jpg\",\"datePublished\":\"2022-02-22T21:47:57+00:00\",\"dateModified\":\"2022-03-17T11:09:25+00:00\",\"breadcrumb\":{\"@id\":\"https:\/\/garazyki.pl\/de\/producent\/muellhaeuschen\/panel-mullhauschen-400-x-500-graphit\/#breadcrumb\"},\"inLanguage\":\"de\",\"potentialAction\":[{\"@type\":\"ReadAction\",\"target\":[\"https:\/\/garazyki.pl\/de\/producent\/muellhaeuschen\/panel-mullhauschen-400-x-500-graphit\/\"]}]},{\"@type\":\"ImageObject\",\"inLanguage\":\"de\",\"@id\":\"https:\/\/garazyki.pl\/de\/producent\/muellhaeuschen\/panel-mullhauschen-400-x-500-graphit\/#primaryimage\",\"url\":\"https:\/\/garazyki.pl\/wp-content\/uploads\/2022\/02\/99Min.jpg\",\"contentUrl\":\"https:\/\/garazyki.pl\/wp-content\/uploads\/2022\/02\/99Min.jpg\",\"width\":1093,\"height\":768,\"caption\":\"Wiata \u015bmietnikowa dwuspadowa panelowa 4,00\u00d75,00 ca\u0142o\u015b\u0107 grafit\"},{\"@type\":\"BreadcrumbList\",\"@id\":\"https:\/\/garazyki.pl\/de\/producent\/muellhaeuschen\/panel-mullhauschen-400-x-500-graphit\/#breadcrumb\",\"itemListElement\":[{\"@type\":\"ListItem\",\"position\":1,\"name\":\"Strona g\u0142\u00f3wna\",\"item\":\"https:\/\/garazyki.pl\/de\/\"},{\"@type\":\"ListItem\",\"position\":2,\"name\":\"Produkte\",\"item\":\"https:\/\/garazyki.pl\/de\/shop\/\"},{\"@type\":\"ListItem\",\"position\":3,\"name\":\"Panel-M\u00fcllh\u00e4uschen 4,00 x 5,00 Graphit\"}]},{\"@type\":\"WebSite\",\"@id\":\"https:\/\/garazyki.pl\/de\/#website\",\"url\":\"https:\/\/garazyki.pl\/de\/\",\"name\":\"Producent kontener\u00f3w biurowych, wiat \u015bmietnikowych, gara\u017ce z p\u0142ty warstwowej\",\"description\":\"Kontenery biurowe, wiaty \u015bmietnikowe, hale, gara\u017ce blaszane od producenta.\",\"publisher\":{\"@id\":\"https:\/\/garazyki.pl\/de\/#organization\"},\"potentialAction\":[{\"@type\":\"SearchAction\",\"target\":{\"@type\":\"EntryPoint\",\"urlTemplate\":\"https:\/\/garazyki.pl\/de\/?s={search_term_string}\"},\"query-input\":{\"@type\":\"PropertyValueSpecification\",\"valueRequired\":true,\"valueName\":\"search_term_string\"}}],\"inLanguage\":\"de\"},{\"@type\":\"Organization\",\"@id\":\"https:\/\/garazyki.pl\/de\/#organization\",\"name\":\"Garazyki.pl Producent gara\u017cy i kontener\u00f3w biurowych i wiat\",\"url\":\"https:\/\/garazyki.pl\/de\/\",\"logo\":{\"@type\":\"ImageObject\",\"inLanguage\":\"de\",\"@id\":\"https:\/\/garazyki.pl\/de\/#\/schema\/logo\/image\/\",\"url\":\"https:\/\/garazyki.pl\/wp-content\/uploads\/2022\/02\/logo_garazyki_pl.png\",\"contentUrl\":\"https:\/\/garazyki.pl\/wp-content\/uploads\/2022\/02\/logo_garazyki_pl.png\",\"width\":120,\"height\":64,\"caption\":\"Garazyki.pl Producent gara\u017cy i kontener\u00f3w biurowych i wiat\"},\"image\":{\"@id\":\"https:\/\/garazyki.pl\/de\/#\/schema\/logo\/image\/\"},\"sameAs\":[\"https:\/\/www.facebook.com\/garazyki\",\"https:\/\/www.instagram.com\/garazyki.pl\/\",\"https:\/\/www.linkedin.com\/company\/alicja-garazyki\/\"]}]}<\/script>\n<!-- \/ Yoast SEO plugin. -->","yoast_head_json":{"title":"Panel-M\u00fcllh\u00e4uschen 4,00 x 5,00 Graphit - Producent kontener\u00f3w biurowych, wiat \u015bmietnikowych, gara\u017ce z p\u0142ty warstwowej","robots":{"index":"index","follow":"follow","max-snippet":"max-snippet:-1","max-image-preview":"max-image-preview:large","max-video-preview":"max-video-preview:-1"},"canonical":"https:\/\/garazyki.pl\/de\/producent\/muellhaeuschen\/panel-mullhauschen-400-x-500-graphit\/","og_locale":"de_DE","og_type":"article","og_title":"Panel-M\u00fcllh\u00e4uschen 4,00 x 5,00 Graphit - Producent kontener\u00f3w biurowych, wiat \u015bmietnikowych, gara\u017ce z p\u0142ty warstwowej","og_description":"M\u00fcllh\u00e4uschen in den Ma\u00dfen 4m breit x 5m tief. Satteldach (2,30m Wand\u00f6he\/2,80m Giebelh\u00f6he).Konstruktion aus geschlossenen verzinkten Stahlprofilen. Doppelfl\u00fcgel Tor und zwei kleine T\u00fcren.W\u00e4nde und T\u00fcren aus panelen die aus beschichteten 0,7mm\u00a0 Blech sind. Dreieck am Dach aus verzinkten Stahlgitter. Blechbearbeitung an den Ecken und den Windabweisern. Eigenschaften : zweifl\u00fcgeliges Tor und zwei einzelne T\u00fcren T\u00fcr [&hellip;]","og_url":"https:\/\/garazyki.pl\/de\/producent\/muellhaeuschen\/panel-mullhauschen-400-x-500-graphit\/","og_site_name":"Producent kontener\u00f3w biurowych, wiat \u015bmietnikowych, gara\u017ce z p\u0142ty warstwowej","article_publisher":"https:\/\/www.facebook.com\/garazyki","article_modified_time":"2022-03-17T11:09:25+00:00","og_image":[{"width":1093,"height":768,"url":"https:\/\/garazyki.pl\/wp-content\/uploads\/2022\/02\/99Min.jpg","type":"image\/jpeg"}],"twitter_card":"summary_large_image","schema":{"@context":"https:\/\/schema.org","@graph":[{"@type":"WebPage","@id":"https:\/\/garazyki.pl\/de\/producent\/muellhaeuschen\/panel-mullhauschen-400-x-500-graphit\/","url":"https:\/\/garazyki.pl\/de\/producent\/muellhaeuschen\/panel-mullhauschen-400-x-500-graphit\/","name":"Panel-M\u00fcllh\u00e4uschen 4,00 x 5,00 Graphit - Producent kontener\u00f3w biurowych, wiat \u015bmietnikowych, gara\u017ce z p\u0142ty warstwowej","isPartOf":{"@id":"https:\/\/garazyki.pl\/de\/#website"},"primaryImageOfPage":{"@id":"https:\/\/garazyki.pl\/de\/producent\/muellhaeuschen\/panel-mullhauschen-400-x-500-graphit\/#primaryimage"},"image":{"@id":"https:\/\/garazyki.pl\/de\/producent\/muellhaeuschen\/panel-mullhauschen-400-x-500-graphit\/#primaryimage"},"thumbnailUrl":"https:\/\/garazyki.pl\/wp-content\/uploads\/2022\/02\/99Min.jpg","datePublished":"2022-02-22T21:47:57+00:00","dateModified":"2022-03-17T11:09:25+00:00","breadcrumb":{"@id":"https:\/\/garazyki.pl\/de\/producent\/muellhaeuschen\/panel-mullhauschen-400-x-500-graphit\/#breadcrumb"},"inLanguage":"de","potentialAction":[{"@type":"ReadAction","target":["https:\/\/garazyki.pl\/de\/producent\/muellhaeuschen\/panel-mullhauschen-400-x-500-graphit\/"]}]},{"@type":"ImageObject","inLanguage":"de","@id":"https:\/\/garazyki.pl\/de\/producent\/muellhaeuschen\/panel-mullhauschen-400-x-500-graphit\/#primaryimage","url":"https:\/\/garazyki.pl\/wp-content\/uploads\/2022\/02\/99Min.jpg","contentUrl":"https:\/\/garazyki.pl\/wp-content\/uploads\/2022\/02\/99Min.jpg","width":1093,"height":768,"caption":"Wiata \u015bmietnikowa dwuspadowa panelowa 4,00\u00d75,00 ca\u0142o\u015b\u0107 grafit"},{"@type":"BreadcrumbList","@id":"https:\/\/garazyki.pl\/de\/producent\/muellhaeuschen\/panel-mullhauschen-400-x-500-graphit\/#breadcrumb","itemListElement":[{"@type":"ListItem","position":1,"name":"Strona g\u0142\u00f3wna","item":"https:\/\/garazyki.pl\/de\/"},{"@type":"ListItem","position":2,"name":"Produkte","item":"https:\/\/garazyki.pl\/de\/shop\/"},{"@type":"ListItem","position":3,"name":"Panel-M\u00fcllh\u00e4uschen 4,00 x 5,00 Graphit"}]},{"@type":"WebSite","@id":"https:\/\/garazyki.pl\/de\/#website","url":"https:\/\/garazyki.pl\/de\/","name":"Producent kontener\u00f3w biurowych, wiat \u015bmietnikowych, gara\u017ce z p\u0142ty warstwowej","description":"Kontenery biurowe, wiaty \u015bmietnikowe, hale, gara\u017ce blaszane od producenta.","publisher":{"@id":"https:\/\/garazyki.pl\/de\/#organization"},"potentialAction":[{"@type":"SearchAction","target":{"@type":"EntryPoint","urlTemplate":"https:\/\/garazyki.pl\/de\/?s={search_term_string}"},"query-input":{"@type":"PropertyValueSpecification","valueRequired":true,"valueName":"search_term_string"}}],"inLanguage":"de"},{"@type":"Organization","@id":"https:\/\/garazyki.pl\/de\/#organization","name":"Garazyki.pl Producent gara\u017cy i kontener\u00f3w biurowych i wiat","url":"https:\/\/garazyki.pl\/de\/","logo":{"@type":"ImageObject","inLanguage":"de","@id":"https:\/\/garazyki.pl\/de\/#\/schema\/logo\/image\/","url":"https:\/\/garazyki.pl\/wp-content\/uploads\/2022\/02\/logo_garazyki_pl.png","contentUrl":"https:\/\/garazyki.pl\/wp-content\/uploads\/2022\/02\/logo_garazyki_pl.png","width":120,"height":64,"caption":"Garazyki.pl Producent gara\u017cy i kontener\u00f3w biurowych i wiat"},"image":{"@id":"https:\/\/garazyki.pl\/de\/#\/schema\/logo\/image\/"},"sameAs":["https:\/\/www.facebook.com\/garazyki","https:\/\/www.instagram.com\/garazyki.pl\/","https:\/\/www.linkedin.com\/company\/alicja-garazyki\/"]}]}},"_links":{"self":[{"href":"https:\/\/garazyki.pl\/de\/wp-json\/wp\/v2\/product\/105094","targetHints":{"allow":["GET"]}}],"collection":[{"href":"https:\/\/garazyki.pl\/de\/wp-json\/wp\/v2\/product"}],"about":[{"href":"https:\/\/garazyki.pl\/de\/wp-json\/wp\/v2\/types\/product"}],"replies":[{"embeddable":true,"href":"https:\/\/garazyki.pl\/de\/wp-json\/wp\/v2\/comments?post=105094"}],"wp:featuredmedia":[{"embeddable":true,"href":"https:\/\/garazyki.pl\/de\/wp-json\/wp\/v2\/media\/104356"}],"wp:attachment":[{"href":"https:\/\/garazyki.pl\/de\/wp-json\/wp\/v2\/media?parent=105094"}],"wp:term":[{"taxonomy":"product_brand","embeddable":true,"href":"https:\/\/garazyki.pl\/de\/wp-json\/wp\/v2\/product_brand?post=105094"},{"taxonomy":"product_cat","embeddable":true,"href":"https:\/\/garazyki.pl\/de\/wp-json\/wp\/v2\/product_cat?post=105094"},{"taxonomy":"product_tag","embeddable":true,"href":"https:\/\/garazyki.pl\/de\/wp-json\/wp\/v2\/product_tag?post=105094"}],"curies":[{"name":"wp","href":"https:\/\/api.w.org\/{rel}","templated":true}]}}