{"id":105037,"date":"2022-02-28T22:59:01","date_gmt":"2022-02-28T21:59:01","guid":{"rendered":"https:\/\/garazyki.pl\/producent\/unkategorisiert\/garage-warmeisolliert-35x6-mit-automatikantrieb\/"},"modified":"2022-02-28T22:59:01","modified_gmt":"2022-02-28T21:59:01","slug":"garage-warmeisolliert-35x6-mit-automatikantrieb","status":"publish","type":"product","link":"https:\/\/garazyki.pl\/de\/producent\/warmeisollierte-garagen\/garage-warmeisolliert-35x6-mit-automatikantrieb\/","title":{"rendered":"Garage w\u00e4rmeisolliert 3,5&#215;6 mit Automatikantrieb"},"content":{"rendered":"<p>Isolierte Garage, Abmessungen: 3,5 m breit, 6,0 m tief, 2,3 \/ 2,0 m hoch mit einem Sturz nach hinten. Die Struktur besteht aus geschlossenen Profilen, pulverbeschichtet. Der Rahmen der Konstruktion wird geschwei\u00dft und dann mit Bolzen und Schrauben zusammengeschraubt. Die Ummantelung besteht aus einer 75-mm-Sandwichplatte mit einem Polystyrolkern. Innen wei\u00dfes Blech, au\u00dfen Blech in den Farben der RAL-Palette. Die Konstruktion hat ein L\u00fcftungsgitter.\u00a0 Garage mit Fl\u00fcgeltor ausgestattet (m\u00f6gliche Installation eines Laufwerks zum Anheben des Tors).Ecken und Windabweiser mit Blech bearbeitet.<\/p>\n<p><strong>Eigenschaften 3,5&#215;6:<\/strong><\/p>\n<div>\n<ul>\n<li>Zentralschlo\u00df mit zwei Punkt Verriegelung<\/li>\n<li>Tor perfekt ausgewogen<\/li>\n<li>Dach mit Sandwichplatten in der St\u00e4rke von 75mm verkleidet und an die Konstruktion verschraubt<\/li>\n<li>W\u00e4nde mit Sandwichplatten 75 mm verkleidet<\/li>\n<li>Fronth\u00f6he 2, 30 m, R\u00fcckenh\u00f6he 2,00 m<\/li>\n<li>Antrieb mit zwei Fernbedienungen<\/li>\n<\/ul>\n<\/div>\n","protected":false},"excerpt":{"rendered":"<p>Isolierte Garage, Abmessungen: 3,5 m breit, 6,0 m tief, 2,3 \/ 2,0 m hoch mit einem Sturz nach hinten. Die Struktur besteht aus geschlossenen Profilen, pulverbeschichtet. Der Rahmen der Konstruktion wird geschwei\u00dft und dann mit Bolzen und Schrauben zusammengeschraubt. Die Ummantelung besteht aus einer 75-mm-Sandwichplatte mit einem Polystyrolkern. Innen wei\u00dfes Blech, au\u00dfen Blech in den [&hellip;]<\/p>\n","protected":false},"featured_media":104833,"comment_status":"open","ping_status":"closed","template":"","meta":{"_et_pb_use_builder":"","_et_pb_old_content":"","_et_gb_content_width":""},"product_brand":[],"product_cat":[92],"product_tag":[],"class_list":{"0":"post-105037","1":"product","2":"type-product","3":"status-publish","4":"has-post-thumbnail","6":"product_cat-warmeisollierte-garagen","8":"first","9":"instock","10":"taxable","11":"shipping-taxable","12":"purchasable","13":"product-type-simple"},"yoast_head":"<!-- This site is optimized with the Yoast SEO plugin v27.0 - https:\/\/yoast.com\/product\/yoast-seo-wordpress\/ -->\n<title>Garage w\u00e4rmeisolliert 3,5x6 mit Automatikantrieb - Producent kontener\u00f3w biurowych, wiat \u015bmietnikowych, gara\u017ce z p\u0142ty warstwowej<\/title>\n<meta name=\"robots\" content=\"index, follow, max-snippet:-1, max-image-preview:large, max-video-preview:-1\" \/>\n<link rel=\"canonical\" href=\"https:\/\/garazyki.pl\/de\/producent\/warmeisollierte-garagen\/garage-warmeisolliert-35x6-mit-automatikantrieb\/\" \/>\n<meta property=\"og:locale\" content=\"de_DE\" \/>\n<meta property=\"og:type\" content=\"article\" \/>\n<meta property=\"og:title\" content=\"Garage w\u00e4rmeisolliert 3,5x6 mit Automatikantrieb - Producent kontener\u00f3w biurowych, wiat \u015bmietnikowych, gara\u017ce z p\u0142ty warstwowej\" \/>\n<meta property=\"og:description\" content=\"Isolierte Garage, Abmessungen: 3,5 m breit, 6,0 m tief, 2,3 \/ 2,0 m hoch mit einem Sturz nach hinten. Die Struktur besteht aus geschlossenen Profilen, pulverbeschichtet. Der Rahmen der Konstruktion wird geschwei\u00dft und dann mit Bolzen und Schrauben zusammengeschraubt. Die Ummantelung besteht aus einer 75-mm-Sandwichplatte mit einem Polystyrolkern. Innen wei\u00dfes Blech, au\u00dfen Blech in den [&hellip;]\" \/>\n<meta property=\"og:url\" content=\"https:\/\/garazyki.pl\/de\/producent\/warmeisollierte-garagen\/garage-warmeisolliert-35x6-mit-automatikantrieb\/\" \/>\n<meta property=\"og:site_name\" content=\"Producent kontener\u00f3w biurowych, wiat \u015bmietnikowych, gara\u017ce z p\u0142ty warstwowej\" \/>\n<meta property=\"article:publisher\" content=\"https:\/\/www.facebook.com\/garazyki\" \/>\n<meta property=\"og:image\" content=\"https:\/\/garazyki.pl\/wp-content\/uploads\/2022\/02\/0Garaz_35x6_ocieplany_z_automatem.jpg\" \/>\n\t<meta property=\"og:image:width\" content=\"740\" \/>\n\t<meta property=\"og:image:height\" content=\"520\" \/>\n\t<meta property=\"og:image:type\" content=\"image\/jpeg\" \/>\n<meta name=\"twitter:card\" content=\"summary_large_image\" \/>\n<meta name=\"twitter:label1\" content=\"Gesch\u00e4tzte Lesezeit\" \/>\n\t<meta name=\"twitter:data1\" content=\"1\u00a0Minute\" \/>\n<script type=\"application\/ld+json\" class=\"yoast-schema-graph\">{\"@context\":\"https:\/\/schema.org\",\"@graph\":[{\"@type\":\"WebPage\",\"@id\":\"https:\/\/garazyki.pl\/de\/producent\/warmeisollierte-garagen\/garage-warmeisolliert-35x6-mit-automatikantrieb\/\",\"url\":\"https:\/\/garazyki.pl\/de\/producent\/warmeisollierte-garagen\/garage-warmeisolliert-35x6-mit-automatikantrieb\/\",\"name\":\"Garage w\u00e4rmeisolliert 3,5x6 mit Automatikantrieb - Producent kontener\u00f3w biurowych, wiat \u015bmietnikowych, gara\u017ce z p\u0142ty warstwowej\",\"isPartOf\":{\"@id\":\"https:\/\/garazyki.pl\/de\/#website\"},\"primaryImageOfPage\":{\"@id\":\"https:\/\/garazyki.pl\/de\/producent\/warmeisollierte-garagen\/garage-warmeisolliert-35x6-mit-automatikantrieb\/#primaryimage\"},\"image\":{\"@id\":\"https:\/\/garazyki.pl\/de\/producent\/warmeisollierte-garagen\/garage-warmeisolliert-35x6-mit-automatikantrieb\/#primaryimage\"},\"thumbnailUrl\":\"https:\/\/garazyki.pl\/wp-content\/uploads\/2022\/02\/0Garaz_35x6_ocieplany_z_automatem.jpg\",\"datePublished\":\"2022-02-28T21:59:01+00:00\",\"breadcrumb\":{\"@id\":\"https:\/\/garazyki.pl\/de\/producent\/warmeisollierte-garagen\/garage-warmeisolliert-35x6-mit-automatikantrieb\/#breadcrumb\"},\"inLanguage\":\"de\",\"potentialAction\":[{\"@type\":\"ReadAction\",\"target\":[\"https:\/\/garazyki.pl\/de\/producent\/warmeisollierte-garagen\/garage-warmeisolliert-35x6-mit-automatikantrieb\/\"]}]},{\"@type\":\"ImageObject\",\"inLanguage\":\"de\",\"@id\":\"https:\/\/garazyki.pl\/de\/producent\/warmeisollierte-garagen\/garage-warmeisolliert-35x6-mit-automatikantrieb\/#primaryimage\",\"url\":\"https:\/\/garazyki.pl\/wp-content\/uploads\/2022\/02\/0Garaz_35x6_ocieplany_z_automatem.jpg\",\"contentUrl\":\"https:\/\/garazyki.pl\/wp-content\/uploads\/2022\/02\/0Garaz_35x6_ocieplany_z_automatem.jpg\",\"width\":740,\"height\":520,\"caption\":\"Gara\u017c ocieplany z bram\u0105 automatyczn\u0105\"},{\"@type\":\"BreadcrumbList\",\"@id\":\"https:\/\/garazyki.pl\/de\/producent\/warmeisollierte-garagen\/garage-warmeisolliert-35x6-mit-automatikantrieb\/#breadcrumb\",\"itemListElement\":[{\"@type\":\"ListItem\",\"position\":1,\"name\":\"Strona g\u0142\u00f3wna\",\"item\":\"https:\/\/garazyki.pl\/de\/\"},{\"@type\":\"ListItem\",\"position\":2,\"name\":\"Produkte\",\"item\":\"https:\/\/garazyki.pl\/de\/shop\/\"},{\"@type\":\"ListItem\",\"position\":3,\"name\":\"Garage w\u00e4rmeisolliert 3,5&#215;6 mit Automatikantrieb\"}]},{\"@type\":\"WebSite\",\"@id\":\"https:\/\/garazyki.pl\/de\/#website\",\"url\":\"https:\/\/garazyki.pl\/de\/\",\"name\":\"Producent kontener\u00f3w biurowych, wiat \u015bmietnikowych, gara\u017ce z p\u0142ty warstwowej\",\"description\":\"Kontenery biurowe, wiaty \u015bmietnikowe, hale, gara\u017ce blaszane od producenta.\",\"publisher\":{\"@id\":\"https:\/\/garazyki.pl\/de\/#organization\"},\"potentialAction\":[{\"@type\":\"SearchAction\",\"target\":{\"@type\":\"EntryPoint\",\"urlTemplate\":\"https:\/\/garazyki.pl\/de\/?s={search_term_string}\"},\"query-input\":{\"@type\":\"PropertyValueSpecification\",\"valueRequired\":true,\"valueName\":\"search_term_string\"}}],\"inLanguage\":\"de\"},{\"@type\":\"Organization\",\"@id\":\"https:\/\/garazyki.pl\/de\/#organization\",\"name\":\"Garazyki.pl Producent gara\u017cy i kontener\u00f3w biurowych i wiat\",\"url\":\"https:\/\/garazyki.pl\/de\/\",\"logo\":{\"@type\":\"ImageObject\",\"inLanguage\":\"de\",\"@id\":\"https:\/\/garazyki.pl\/de\/#\/schema\/logo\/image\/\",\"url\":\"https:\/\/garazyki.pl\/wp-content\/uploads\/2022\/02\/logo_garazyki_pl.png\",\"contentUrl\":\"https:\/\/garazyki.pl\/wp-content\/uploads\/2022\/02\/logo_garazyki_pl.png\",\"width\":120,\"height\":64,\"caption\":\"Garazyki.pl Producent gara\u017cy i kontener\u00f3w biurowych i wiat\"},\"image\":{\"@id\":\"https:\/\/garazyki.pl\/de\/#\/schema\/logo\/image\/\"},\"sameAs\":[\"https:\/\/www.facebook.com\/garazyki\",\"https:\/\/www.instagram.com\/garazyki.pl\/\",\"https:\/\/www.linkedin.com\/company\/alicja-garazyki\/\"]}]}<\/script>\n<!-- \/ Yoast SEO plugin. -->","yoast_head_json":{"title":"Garage w\u00e4rmeisolliert 3,5x6 mit Automatikantrieb - Producent kontener\u00f3w biurowych, wiat \u015bmietnikowych, gara\u017ce z p\u0142ty warstwowej","robots":{"index":"index","follow":"follow","max-snippet":"max-snippet:-1","max-image-preview":"max-image-preview:large","max-video-preview":"max-video-preview:-1"},"canonical":"https:\/\/garazyki.pl\/de\/producent\/warmeisollierte-garagen\/garage-warmeisolliert-35x6-mit-automatikantrieb\/","og_locale":"de_DE","og_type":"article","og_title":"Garage w\u00e4rmeisolliert 3,5x6 mit Automatikantrieb - Producent kontener\u00f3w biurowych, wiat \u015bmietnikowych, gara\u017ce z p\u0142ty warstwowej","og_description":"Isolierte Garage, Abmessungen: 3,5 m breit, 6,0 m tief, 2,3 \/ 2,0 m hoch mit einem Sturz nach hinten. Die Struktur besteht aus geschlossenen Profilen, pulverbeschichtet. Der Rahmen der Konstruktion wird geschwei\u00dft und dann mit Bolzen und Schrauben zusammengeschraubt. Die Ummantelung besteht aus einer 75-mm-Sandwichplatte mit einem Polystyrolkern. Innen wei\u00dfes Blech, au\u00dfen Blech in den [&hellip;]","og_url":"https:\/\/garazyki.pl\/de\/producent\/warmeisollierte-garagen\/garage-warmeisolliert-35x6-mit-automatikantrieb\/","og_site_name":"Producent kontener\u00f3w biurowych, wiat \u015bmietnikowych, gara\u017ce z p\u0142ty warstwowej","article_publisher":"https:\/\/www.facebook.com\/garazyki","og_image":[{"width":740,"height":520,"url":"https:\/\/garazyki.pl\/wp-content\/uploads\/2022\/02\/0Garaz_35x6_ocieplany_z_automatem.jpg","type":"image\/jpeg"}],"twitter_card":"summary_large_image","twitter_misc":{"Gesch\u00e4tzte Lesezeit":"1\u00a0Minute"},"schema":{"@context":"https:\/\/schema.org","@graph":[{"@type":"WebPage","@id":"https:\/\/garazyki.pl\/de\/producent\/warmeisollierte-garagen\/garage-warmeisolliert-35x6-mit-automatikantrieb\/","url":"https:\/\/garazyki.pl\/de\/producent\/warmeisollierte-garagen\/garage-warmeisolliert-35x6-mit-automatikantrieb\/","name":"Garage w\u00e4rmeisolliert 3,5x6 mit Automatikantrieb - Producent kontener\u00f3w biurowych, wiat \u015bmietnikowych, gara\u017ce z p\u0142ty warstwowej","isPartOf":{"@id":"https:\/\/garazyki.pl\/de\/#website"},"primaryImageOfPage":{"@id":"https:\/\/garazyki.pl\/de\/producent\/warmeisollierte-garagen\/garage-warmeisolliert-35x6-mit-automatikantrieb\/#primaryimage"},"image":{"@id":"https:\/\/garazyki.pl\/de\/producent\/warmeisollierte-garagen\/garage-warmeisolliert-35x6-mit-automatikantrieb\/#primaryimage"},"thumbnailUrl":"https:\/\/garazyki.pl\/wp-content\/uploads\/2022\/02\/0Garaz_35x6_ocieplany_z_automatem.jpg","datePublished":"2022-02-28T21:59:01+00:00","breadcrumb":{"@id":"https:\/\/garazyki.pl\/de\/producent\/warmeisollierte-garagen\/garage-warmeisolliert-35x6-mit-automatikantrieb\/#breadcrumb"},"inLanguage":"de","potentialAction":[{"@type":"ReadAction","target":["https:\/\/garazyki.pl\/de\/producent\/warmeisollierte-garagen\/garage-warmeisolliert-35x6-mit-automatikantrieb\/"]}]},{"@type":"ImageObject","inLanguage":"de","@id":"https:\/\/garazyki.pl\/de\/producent\/warmeisollierte-garagen\/garage-warmeisolliert-35x6-mit-automatikantrieb\/#primaryimage","url":"https:\/\/garazyki.pl\/wp-content\/uploads\/2022\/02\/0Garaz_35x6_ocieplany_z_automatem.jpg","contentUrl":"https:\/\/garazyki.pl\/wp-content\/uploads\/2022\/02\/0Garaz_35x6_ocieplany_z_automatem.jpg","width":740,"height":520,"caption":"Gara\u017c ocieplany z bram\u0105 automatyczn\u0105"},{"@type":"BreadcrumbList","@id":"https:\/\/garazyki.pl\/de\/producent\/warmeisollierte-garagen\/garage-warmeisolliert-35x6-mit-automatikantrieb\/#breadcrumb","itemListElement":[{"@type":"ListItem","position":1,"name":"Strona g\u0142\u00f3wna","item":"https:\/\/garazyki.pl\/de\/"},{"@type":"ListItem","position":2,"name":"Produkte","item":"https:\/\/garazyki.pl\/de\/shop\/"},{"@type":"ListItem","position":3,"name":"Garage w\u00e4rmeisolliert 3,5&#215;6 mit Automatikantrieb"}]},{"@type":"WebSite","@id":"https:\/\/garazyki.pl\/de\/#website","url":"https:\/\/garazyki.pl\/de\/","name":"Producent kontener\u00f3w biurowych, wiat \u015bmietnikowych, gara\u017ce z p\u0142ty warstwowej","description":"Kontenery biurowe, wiaty \u015bmietnikowe, hale, gara\u017ce blaszane od producenta.","publisher":{"@id":"https:\/\/garazyki.pl\/de\/#organization"},"potentialAction":[{"@type":"SearchAction","target":{"@type":"EntryPoint","urlTemplate":"https:\/\/garazyki.pl\/de\/?s={search_term_string}"},"query-input":{"@type":"PropertyValueSpecification","valueRequired":true,"valueName":"search_term_string"}}],"inLanguage":"de"},{"@type":"Organization","@id":"https:\/\/garazyki.pl\/de\/#organization","name":"Garazyki.pl Producent gara\u017cy i kontener\u00f3w biurowych i wiat","url":"https:\/\/garazyki.pl\/de\/","logo":{"@type":"ImageObject","inLanguage":"de","@id":"https:\/\/garazyki.pl\/de\/#\/schema\/logo\/image\/","url":"https:\/\/garazyki.pl\/wp-content\/uploads\/2022\/02\/logo_garazyki_pl.png","contentUrl":"https:\/\/garazyki.pl\/wp-content\/uploads\/2022\/02\/logo_garazyki_pl.png","width":120,"height":64,"caption":"Garazyki.pl Producent gara\u017cy i kontener\u00f3w biurowych i wiat"},"image":{"@id":"https:\/\/garazyki.pl\/de\/#\/schema\/logo\/image\/"},"sameAs":["https:\/\/www.facebook.com\/garazyki","https:\/\/www.instagram.com\/garazyki.pl\/","https:\/\/www.linkedin.com\/company\/alicja-garazyki\/"]}]}},"_links":{"self":[{"href":"https:\/\/garazyki.pl\/de\/wp-json\/wp\/v2\/product\/105037","targetHints":{"allow":["GET"]}}],"collection":[{"href":"https:\/\/garazyki.pl\/de\/wp-json\/wp\/v2\/product"}],"about":[{"href":"https:\/\/garazyki.pl\/de\/wp-json\/wp\/v2\/types\/product"}],"replies":[{"embeddable":true,"href":"https:\/\/garazyki.pl\/de\/wp-json\/wp\/v2\/comments?post=105037"}],"wp:featuredmedia":[{"embeddable":true,"href":"https:\/\/garazyki.pl\/de\/wp-json\/wp\/v2\/media\/104833"}],"wp:attachment":[{"href":"https:\/\/garazyki.pl\/de\/wp-json\/wp\/v2\/media?parent=105037"}],"wp:term":[{"taxonomy":"product_brand","embeddable":true,"href":"https:\/\/garazyki.pl\/de\/wp-json\/wp\/v2\/product_brand?post=105037"},{"taxonomy":"product_cat","embeddable":true,"href":"https:\/\/garazyki.pl\/de\/wp-json\/wp\/v2\/product_cat?post=105037"},{"taxonomy":"product_tag","embeddable":true,"href":"https:\/\/garazyki.pl\/de\/wp-json\/wp\/v2\/product_tag?post=105037"}],"curies":[{"name":"wp","href":"https:\/\/api.w.org\/{rel}","templated":true}]}}