{"id":105024,"date":"2022-02-28T21:34:45","date_gmt":"2022-02-28T20:34:45","guid":{"rendered":"https:\/\/garazyki.pl\/producent\/unkategorisiert\/beheitzte-5x5-garage-mit-sektionaltor\/"},"modified":"2022-02-28T21:34:45","modified_gmt":"2022-02-28T20:34:45","slug":"beheitzte-5x5-garage-mit-sektionaltor","status":"publish","type":"product","link":"https:\/\/garazyki.pl\/de\/producent\/warmeisollierte-garagen\/beheitzte-5x5-garage-mit-sektionaltor\/","title":{"rendered":"BEHEITZTE 5&#215;5-GARAGE MIT SEKTIONALTOR"},"content":{"rendered":"<p>Abmessungen der Konstruktion ohne die Platte: Breite: 5 m, Tiefe: 5 m, H\u00f6he: 3\/2,7 m. Die Konstruktion wird auf Basis von geschlossenen 50&#215;50-Profilen hergestellt und mit Grund- und Deckfarbe beschichtet. Geschwei\u00dftes und ferner mit Bolzen und Schrauben fixiertes Konstrutkionsgestell. Die Verkleidung besteht aus einer 75 mm dicken Verbundplatte mit einem Styropor-Kern. Das Blech ist von Innen wei\u00df, von Au\u00dfen in den<u><a href=\"https:\/\/garazyki.pl\/data\/pdf\/dostepne_kolory.pdf\">RAL-Farben<\/a><\/u><span class=\"apple-converted-space\">\u00a0<\/span>erh\u00e4ltlich. Die Konstruktion verf\u00fcgt \u00fcber ein L\u00fcftungsgitter und ein vergittertes PVC-Fenster. Das Dach ist mit einem Windtr\u00e4ger ausgestattet. An den Ecken wurden Eckschutzleisten angebracht. Zus\u00e4tzlich wird das Sektionaltor auf die Anbringung der Torautomatik vorbereitet. An der Garage wurden eine Attika sowie Regenrinnen verbaut.<\/p>\n<p><strong>Merkmale der beheizten 5&#215;5-Garage:<\/strong><\/p>\n<ul>\n<li>T\u00fcr mit einer Breite von 0,9 m mit Schloss<\/li>\n<li>Sektionaltor (Struktur: Nussbaum)<\/li>\n<li>Beschichtung der Platte in sandfarbener Farbe (RAL 1002)<\/li>\n<li>Das Garagendach besteht aus einer 75 mm dicken Verbundplatte mit einem Styropor-Kern, die mittels Schrauben fixiert wird.<\/li>\n<li>An den W\u00e4nden und T\u00fcren wurde eine 75 mm dicke Verbundplatte mit Styropor-Kern verwendet.<\/li>\n<li>Garagenh\u00f6he 3\/2,7 m<\/li>\n<li>Inklusive: Windtr\u00e4ger und Eckschutzleisten<\/li>\n<li>PVC-Fenster<\/li>\n<\/ul>\n","protected":false},"excerpt":{"rendered":"<p>Abmessungen der Konstruktion ohne die Platte: Breite: 5 m, Tiefe: 5 m, H\u00f6he: 3\/2,7 m. Die Konstruktion wird auf Basis von geschlossenen 50&#215;50-Profilen hergestellt und mit Grund- und Deckfarbe beschichtet. Geschwei\u00dftes und ferner mit Bolzen und Schrauben fixiertes Konstrutkionsgestell. Die Verkleidung besteht aus einer 75 mm dicken Verbundplatte mit einem Styropor-Kern. Das Blech ist von [&hellip;]<\/p>\n","protected":false},"featured_media":104654,"comment_status":"open","ping_status":"closed","template":"","meta":{"_et_pb_use_builder":"","_et_pb_old_content":"","_et_gb_content_width":""},"product_brand":[],"product_cat":[92],"product_tag":[],"class_list":{"0":"post-105024","1":"product","2":"type-product","3":"status-publish","4":"has-post-thumbnail","6":"product_cat-warmeisollierte-garagen","8":"first","9":"instock","10":"taxable","11":"shipping-taxable","12":"purchasable","13":"product-type-simple"},"yoast_head":"<!-- This site is optimized with the Yoast SEO plugin v27.0 - https:\/\/yoast.com\/product\/yoast-seo-wordpress\/ -->\n<title>BEHEITZTE 5x5-GARAGE MIT SEKTIONALTOR - Producent kontener\u00f3w biurowych, wiat \u015bmietnikowych, gara\u017ce z p\u0142ty warstwowej<\/title>\n<meta name=\"robots\" content=\"index, follow, max-snippet:-1, max-image-preview:large, max-video-preview:-1\" \/>\n<link rel=\"canonical\" href=\"https:\/\/garazyki.pl\/de\/producent\/warmeisollierte-garagen\/beheitzte-5x5-garage-mit-sektionaltor\/\" \/>\n<meta property=\"og:locale\" content=\"de_DE\" \/>\n<meta property=\"og:type\" content=\"article\" \/>\n<meta property=\"og:title\" content=\"BEHEITZTE 5x5-GARAGE MIT SEKTIONALTOR - Producent kontener\u00f3w biurowych, wiat \u015bmietnikowych, gara\u017ce z p\u0142ty warstwowej\" \/>\n<meta property=\"og:description\" content=\"Abmessungen der Konstruktion ohne die Platte: Breite: 5 m, Tiefe: 5 m, H\u00f6he: 3\/2,7 m. Die Konstruktion wird auf Basis von geschlossenen 50&#215;50-Profilen hergestellt und mit Grund- und Deckfarbe beschichtet. Geschwei\u00dftes und ferner mit Bolzen und Schrauben fixiertes Konstrutkionsgestell. Die Verkleidung besteht aus einer 75 mm dicken Verbundplatte mit einem Styropor-Kern. Das Blech ist von [&hellip;]\" \/>\n<meta property=\"og:url\" content=\"https:\/\/garazyki.pl\/de\/producent\/warmeisollierte-garagen\/beheitzte-5x5-garage-mit-sektionaltor\/\" \/>\n<meta property=\"og:site_name\" content=\"Producent kontener\u00f3w biurowych, wiat \u015bmietnikowych, gara\u017ce z p\u0142ty warstwowej\" \/>\n<meta property=\"article:publisher\" content=\"https:\/\/www.facebook.com\/garazyki\" \/>\n<meta property=\"og:image\" content=\"https:\/\/garazyki.pl\/wp-content\/uploads\/2022\/02\/0Garaz_5x5_ocieplany_z_brama_segmentowa__1_.jpg\" \/>\n\t<meta property=\"og:image:width\" content=\"740\" \/>\n\t<meta property=\"og:image:height\" content=\"520\" \/>\n\t<meta property=\"og:image:type\" content=\"image\/jpeg\" \/>\n<meta name=\"twitter:card\" content=\"summary_large_image\" \/>\n<meta name=\"twitter:label1\" content=\"Gesch\u00e4tzte Lesezeit\" \/>\n\t<meta name=\"twitter:data1\" content=\"1\u00a0Minute\" \/>\n<script type=\"application\/ld+json\" class=\"yoast-schema-graph\">{\"@context\":\"https:\/\/schema.org\",\"@graph\":[{\"@type\":\"WebPage\",\"@id\":\"https:\/\/garazyki.pl\/de\/producent\/warmeisollierte-garagen\/beheitzte-5x5-garage-mit-sektionaltor\/\",\"url\":\"https:\/\/garazyki.pl\/de\/producent\/warmeisollierte-garagen\/beheitzte-5x5-garage-mit-sektionaltor\/\",\"name\":\"BEHEITZTE 5x5-GARAGE MIT SEKTIONALTOR - Producent kontener\u00f3w biurowych, wiat \u015bmietnikowych, gara\u017ce z p\u0142ty warstwowej\",\"isPartOf\":{\"@id\":\"https:\/\/garazyki.pl\/de\/#website\"},\"primaryImageOfPage\":{\"@id\":\"https:\/\/garazyki.pl\/de\/producent\/warmeisollierte-garagen\/beheitzte-5x5-garage-mit-sektionaltor\/#primaryimage\"},\"image\":{\"@id\":\"https:\/\/garazyki.pl\/de\/producent\/warmeisollierte-garagen\/beheitzte-5x5-garage-mit-sektionaltor\/#primaryimage\"},\"thumbnailUrl\":\"https:\/\/garazyki.pl\/wp-content\/uploads\/2022\/02\/0Garaz_5x5_ocieplany_z_brama_segmentowa__1_.jpg\",\"datePublished\":\"2022-02-28T20:34:45+00:00\",\"breadcrumb\":{\"@id\":\"https:\/\/garazyki.pl\/de\/producent\/warmeisollierte-garagen\/beheitzte-5x5-garage-mit-sektionaltor\/#breadcrumb\"},\"inLanguage\":\"de\",\"potentialAction\":[{\"@type\":\"ReadAction\",\"target\":[\"https:\/\/garazyki.pl\/de\/producent\/warmeisollierte-garagen\/beheitzte-5x5-garage-mit-sektionaltor\/\"]}]},{\"@type\":\"ImageObject\",\"inLanguage\":\"de\",\"@id\":\"https:\/\/garazyki.pl\/de\/producent\/warmeisollierte-garagen\/beheitzte-5x5-garage-mit-sektionaltor\/#primaryimage\",\"url\":\"https:\/\/garazyki.pl\/wp-content\/uploads\/2022\/02\/0Garaz_5x5_ocieplany_z_brama_segmentowa__1_.jpg\",\"contentUrl\":\"https:\/\/garazyki.pl\/wp-content\/uploads\/2022\/02\/0Garaz_5x5_ocieplany_z_brama_segmentowa__1_.jpg\",\"width\":740,\"height\":520,\"caption\":\"Gara\u017c ocieplany z bram\u0105 segmentow\u0105\"},{\"@type\":\"BreadcrumbList\",\"@id\":\"https:\/\/garazyki.pl\/de\/producent\/warmeisollierte-garagen\/beheitzte-5x5-garage-mit-sektionaltor\/#breadcrumb\",\"itemListElement\":[{\"@type\":\"ListItem\",\"position\":1,\"name\":\"Strona g\u0142\u00f3wna\",\"item\":\"https:\/\/garazyki.pl\/de\/\"},{\"@type\":\"ListItem\",\"position\":2,\"name\":\"Produkte\",\"item\":\"https:\/\/garazyki.pl\/de\/shop\/\"},{\"@type\":\"ListItem\",\"position\":3,\"name\":\"BEHEITZTE 5&#215;5-GARAGE MIT SEKTIONALTOR\"}]},{\"@type\":\"WebSite\",\"@id\":\"https:\/\/garazyki.pl\/de\/#website\",\"url\":\"https:\/\/garazyki.pl\/de\/\",\"name\":\"Producent kontener\u00f3w biurowych, wiat \u015bmietnikowych, gara\u017ce z p\u0142ty warstwowej\",\"description\":\"Kontenery biurowe, wiaty \u015bmietnikowe, hale, gara\u017ce blaszane od producenta.\",\"publisher\":{\"@id\":\"https:\/\/garazyki.pl\/de\/#organization\"},\"potentialAction\":[{\"@type\":\"SearchAction\",\"target\":{\"@type\":\"EntryPoint\",\"urlTemplate\":\"https:\/\/garazyki.pl\/de\/?s={search_term_string}\"},\"query-input\":{\"@type\":\"PropertyValueSpecification\",\"valueRequired\":true,\"valueName\":\"search_term_string\"}}],\"inLanguage\":\"de\"},{\"@type\":\"Organization\",\"@id\":\"https:\/\/garazyki.pl\/de\/#organization\",\"name\":\"Garazyki.pl Producent gara\u017cy i kontener\u00f3w biurowych i wiat\",\"url\":\"https:\/\/garazyki.pl\/de\/\",\"logo\":{\"@type\":\"ImageObject\",\"inLanguage\":\"de\",\"@id\":\"https:\/\/garazyki.pl\/de\/#\/schema\/logo\/image\/\",\"url\":\"https:\/\/garazyki.pl\/wp-content\/uploads\/2022\/02\/logo_garazyki_pl.png\",\"contentUrl\":\"https:\/\/garazyki.pl\/wp-content\/uploads\/2022\/02\/logo_garazyki_pl.png\",\"width\":120,\"height\":64,\"caption\":\"Garazyki.pl Producent gara\u017cy i kontener\u00f3w biurowych i wiat\"},\"image\":{\"@id\":\"https:\/\/garazyki.pl\/de\/#\/schema\/logo\/image\/\"},\"sameAs\":[\"https:\/\/www.facebook.com\/garazyki\",\"https:\/\/www.instagram.com\/garazyki.pl\/\",\"https:\/\/www.linkedin.com\/company\/alicja-garazyki\/\"]}]}<\/script>\n<!-- \/ Yoast SEO plugin. -->","yoast_head_json":{"title":"BEHEITZTE 5x5-GARAGE MIT SEKTIONALTOR - Producent kontener\u00f3w biurowych, wiat \u015bmietnikowych, gara\u017ce z p\u0142ty warstwowej","robots":{"index":"index","follow":"follow","max-snippet":"max-snippet:-1","max-image-preview":"max-image-preview:large","max-video-preview":"max-video-preview:-1"},"canonical":"https:\/\/garazyki.pl\/de\/producent\/warmeisollierte-garagen\/beheitzte-5x5-garage-mit-sektionaltor\/","og_locale":"de_DE","og_type":"article","og_title":"BEHEITZTE 5x5-GARAGE MIT SEKTIONALTOR - Producent kontener\u00f3w biurowych, wiat \u015bmietnikowych, gara\u017ce z p\u0142ty warstwowej","og_description":"Abmessungen der Konstruktion ohne die Platte: Breite: 5 m, Tiefe: 5 m, H\u00f6he: 3\/2,7 m. Die Konstruktion wird auf Basis von geschlossenen 50&#215;50-Profilen hergestellt und mit Grund- und Deckfarbe beschichtet. Geschwei\u00dftes und ferner mit Bolzen und Schrauben fixiertes Konstrutkionsgestell. Die Verkleidung besteht aus einer 75 mm dicken Verbundplatte mit einem Styropor-Kern. Das Blech ist von [&hellip;]","og_url":"https:\/\/garazyki.pl\/de\/producent\/warmeisollierte-garagen\/beheitzte-5x5-garage-mit-sektionaltor\/","og_site_name":"Producent kontener\u00f3w biurowych, wiat \u015bmietnikowych, gara\u017ce z p\u0142ty warstwowej","article_publisher":"https:\/\/www.facebook.com\/garazyki","og_image":[{"width":740,"height":520,"url":"https:\/\/garazyki.pl\/wp-content\/uploads\/2022\/02\/0Garaz_5x5_ocieplany_z_brama_segmentowa__1_.jpg","type":"image\/jpeg"}],"twitter_card":"summary_large_image","twitter_misc":{"Gesch\u00e4tzte Lesezeit":"1\u00a0Minute"},"schema":{"@context":"https:\/\/schema.org","@graph":[{"@type":"WebPage","@id":"https:\/\/garazyki.pl\/de\/producent\/warmeisollierte-garagen\/beheitzte-5x5-garage-mit-sektionaltor\/","url":"https:\/\/garazyki.pl\/de\/producent\/warmeisollierte-garagen\/beheitzte-5x5-garage-mit-sektionaltor\/","name":"BEHEITZTE 5x5-GARAGE MIT SEKTIONALTOR - Producent kontener\u00f3w biurowych, wiat \u015bmietnikowych, gara\u017ce z p\u0142ty warstwowej","isPartOf":{"@id":"https:\/\/garazyki.pl\/de\/#website"},"primaryImageOfPage":{"@id":"https:\/\/garazyki.pl\/de\/producent\/warmeisollierte-garagen\/beheitzte-5x5-garage-mit-sektionaltor\/#primaryimage"},"image":{"@id":"https:\/\/garazyki.pl\/de\/producent\/warmeisollierte-garagen\/beheitzte-5x5-garage-mit-sektionaltor\/#primaryimage"},"thumbnailUrl":"https:\/\/garazyki.pl\/wp-content\/uploads\/2022\/02\/0Garaz_5x5_ocieplany_z_brama_segmentowa__1_.jpg","datePublished":"2022-02-28T20:34:45+00:00","breadcrumb":{"@id":"https:\/\/garazyki.pl\/de\/producent\/warmeisollierte-garagen\/beheitzte-5x5-garage-mit-sektionaltor\/#breadcrumb"},"inLanguage":"de","potentialAction":[{"@type":"ReadAction","target":["https:\/\/garazyki.pl\/de\/producent\/warmeisollierte-garagen\/beheitzte-5x5-garage-mit-sektionaltor\/"]}]},{"@type":"ImageObject","inLanguage":"de","@id":"https:\/\/garazyki.pl\/de\/producent\/warmeisollierte-garagen\/beheitzte-5x5-garage-mit-sektionaltor\/#primaryimage","url":"https:\/\/garazyki.pl\/wp-content\/uploads\/2022\/02\/0Garaz_5x5_ocieplany_z_brama_segmentowa__1_.jpg","contentUrl":"https:\/\/garazyki.pl\/wp-content\/uploads\/2022\/02\/0Garaz_5x5_ocieplany_z_brama_segmentowa__1_.jpg","width":740,"height":520,"caption":"Gara\u017c ocieplany z bram\u0105 segmentow\u0105"},{"@type":"BreadcrumbList","@id":"https:\/\/garazyki.pl\/de\/producent\/warmeisollierte-garagen\/beheitzte-5x5-garage-mit-sektionaltor\/#breadcrumb","itemListElement":[{"@type":"ListItem","position":1,"name":"Strona g\u0142\u00f3wna","item":"https:\/\/garazyki.pl\/de\/"},{"@type":"ListItem","position":2,"name":"Produkte","item":"https:\/\/garazyki.pl\/de\/shop\/"},{"@type":"ListItem","position":3,"name":"BEHEITZTE 5&#215;5-GARAGE MIT SEKTIONALTOR"}]},{"@type":"WebSite","@id":"https:\/\/garazyki.pl\/de\/#website","url":"https:\/\/garazyki.pl\/de\/","name":"Producent kontener\u00f3w biurowych, wiat \u015bmietnikowych, gara\u017ce z p\u0142ty warstwowej","description":"Kontenery biurowe, wiaty \u015bmietnikowe, hale, gara\u017ce blaszane od producenta.","publisher":{"@id":"https:\/\/garazyki.pl\/de\/#organization"},"potentialAction":[{"@type":"SearchAction","target":{"@type":"EntryPoint","urlTemplate":"https:\/\/garazyki.pl\/de\/?s={search_term_string}"},"query-input":{"@type":"PropertyValueSpecification","valueRequired":true,"valueName":"search_term_string"}}],"inLanguage":"de"},{"@type":"Organization","@id":"https:\/\/garazyki.pl\/de\/#organization","name":"Garazyki.pl Producent gara\u017cy i kontener\u00f3w biurowych i wiat","url":"https:\/\/garazyki.pl\/de\/","logo":{"@type":"ImageObject","inLanguage":"de","@id":"https:\/\/garazyki.pl\/de\/#\/schema\/logo\/image\/","url":"https:\/\/garazyki.pl\/wp-content\/uploads\/2022\/02\/logo_garazyki_pl.png","contentUrl":"https:\/\/garazyki.pl\/wp-content\/uploads\/2022\/02\/logo_garazyki_pl.png","width":120,"height":64,"caption":"Garazyki.pl Producent gara\u017cy i kontener\u00f3w biurowych i wiat"},"image":{"@id":"https:\/\/garazyki.pl\/de\/#\/schema\/logo\/image\/"},"sameAs":["https:\/\/www.facebook.com\/garazyki","https:\/\/www.instagram.com\/garazyki.pl\/","https:\/\/www.linkedin.com\/company\/alicja-garazyki\/"]}]}},"_links":{"self":[{"href":"https:\/\/garazyki.pl\/de\/wp-json\/wp\/v2\/product\/105024","targetHints":{"allow":["GET"]}}],"collection":[{"href":"https:\/\/garazyki.pl\/de\/wp-json\/wp\/v2\/product"}],"about":[{"href":"https:\/\/garazyki.pl\/de\/wp-json\/wp\/v2\/types\/product"}],"replies":[{"embeddable":true,"href":"https:\/\/garazyki.pl\/de\/wp-json\/wp\/v2\/comments?post=105024"}],"wp:featuredmedia":[{"embeddable":true,"href":"https:\/\/garazyki.pl\/de\/wp-json\/wp\/v2\/media\/104654"}],"wp:attachment":[{"href":"https:\/\/garazyki.pl\/de\/wp-json\/wp\/v2\/media?parent=105024"}],"wp:term":[{"taxonomy":"product_brand","embeddable":true,"href":"https:\/\/garazyki.pl\/de\/wp-json\/wp\/v2\/product_brand?post=105024"},{"taxonomy":"product_cat","embeddable":true,"href":"https:\/\/garazyki.pl\/de\/wp-json\/wp\/v2\/product_cat?post=105024"},{"taxonomy":"product_tag","embeddable":true,"href":"https:\/\/garazyki.pl\/de\/wp-json\/wp\/v2\/product_tag?post=105024"}],"curies":[{"name":"wp","href":"https:\/\/api.w.org\/{rel}","templated":true}]}}