{"id":105023,"date":"2022-02-28T21:26:12","date_gmt":"2022-02-28T20:26:12","guid":{"rendered":"https:\/\/garazyki.pl\/producent\/unkategorisiert\/warmeisollierte-garage-200-x-300\/"},"modified":"2022-02-28T21:26:12","modified_gmt":"2022-02-28T20:26:12","slug":"warmeisollierte-garage-200-x-300","status":"publish","type":"product","link":"https:\/\/garazyki.pl\/de\/producent\/warmeisollierte-garagen\/warmeisollierte-garage-200-x-300\/","title":{"rendered":"W\u00e4rmeisollierte Garage 2,00 x 3,00"},"content":{"rendered":"<p>Die Konstruktion der Garage besteht aus pulverbeschichteten geschlossenen Profilen. Die Abmessungen der Garage betragen 2,00 m breit x 3,00 m tief mit einem Satteldach (2,30 m Wandh\u00f6he \/ 2,80 m H\u00f6he oben am Giebel). Die Ummantelung der W\u00e4nde besteht aus einer 75 mm dicken Polystyrol-Kernplatte, die zus\u00e4tzlich mit einer T8-Trapezplatte aus goldener Eiche mit horizontaler Pr\u00e4gung bedeckt ist. Auf dem Dach ist die Sandwichplatte zus\u00e4tzlich mit trapezf\u00f6rmigem T18-Blech in der Graphitfarbe RAL7016 verkleidet..\u00a0 Das Ganze hat Blitze in Form von Ecken und Windkisten. Zus\u00e4tzlich montierte Stahlrinnen.<\/p>\n<p><span style=\"font-family: Arial, sans-serif;\"><b>Eigenschaften\u00a0 2,00 x 3,00:<\/b><\/span><\/p>\n<ul>\n<li><span style=\"font-family: Arial, sans-serif;\">Kipptor<\/span><\/li>\n<li><span style=\"font-family: Arial, sans-serif;\">Konstruktion aus geschlossenen Profilen<br \/>\n<\/span><\/li>\n<li><span style=\"font-family: Arial, sans-serif;\">Konstruktion pulverbeschichtet<br \/>\n<\/span><\/li>\n<li><span style=\"font-family: Arial, sans-serif;\">W\u00e4nde und Dach beschichtet mit Schichtplatten 75mm,<\/span><\/li>\n<li><span style=\"font-family: Arial, sans-serif;\">Blechbearbeitungen an den Ecken und den Windabweisern<\/span><\/li>\n<\/ul>\n","protected":false},"excerpt":{"rendered":"<p>Die Konstruktion der Garage besteht aus pulverbeschichteten geschlossenen Profilen. Die Abmessungen der Garage betragen 2,00 m breit x 3,00 m tief mit einem Satteldach (2,30 m Wandh\u00f6he \/ 2,80 m H\u00f6he oben am Giebel). Die Ummantelung der W\u00e4nde besteht aus einer 75 mm dicken Polystyrol-Kernplatte, die zus\u00e4tzlich mit einer T8-Trapezplatte aus goldener Eiche mit horizontaler [&hellip;]<\/p>\n","protected":false},"featured_media":104648,"comment_status":"open","ping_status":"closed","template":"","meta":{"_et_pb_use_builder":"","_et_pb_old_content":"","_et_gb_content_width":""},"product_brand":[],"product_cat":[92],"product_tag":[],"class_list":{"0":"post-105023","1":"product","2":"type-product","3":"status-publish","4":"has-post-thumbnail","6":"product_cat-warmeisollierte-garagen","8":"first","9":"instock","10":"taxable","11":"shipping-taxable","12":"purchasable","13":"product-type-simple"},"yoast_head":"<!-- This site is optimized with the Yoast SEO plugin v27.0 - https:\/\/yoast.com\/product\/yoast-seo-wordpress\/ -->\n<title>W\u00e4rmeisollierte Garage 2,00 x 3,00 - Producent kontener\u00f3w biurowych, wiat \u015bmietnikowych, gara\u017ce z p\u0142ty warstwowej<\/title>\n<meta name=\"robots\" content=\"index, follow, max-snippet:-1, max-image-preview:large, max-video-preview:-1\" \/>\n<link rel=\"canonical\" href=\"https:\/\/garazyki.pl\/de\/producent\/warmeisollierte-garagen\/warmeisollierte-garage-200-x-300\/\" \/>\n<meta property=\"og:locale\" content=\"de_DE\" \/>\n<meta property=\"og:type\" content=\"article\" \/>\n<meta property=\"og:title\" content=\"W\u00e4rmeisollierte Garage 2,00 x 3,00 - Producent kontener\u00f3w biurowych, wiat \u015bmietnikowych, gara\u017ce z p\u0142ty warstwowej\" \/>\n<meta property=\"og:description\" content=\"Die Konstruktion der Garage besteht aus pulverbeschichteten geschlossenen Profilen. Die Abmessungen der Garage betragen 2,00 m breit x 3,00 m tief mit einem Satteldach (2,30 m Wandh\u00f6he \/ 2,80 m H\u00f6he oben am Giebel). Die Ummantelung der W\u00e4nde besteht aus einer 75 mm dicken Polystyrol-Kernplatte, die zus\u00e4tzlich mit einer T8-Trapezplatte aus goldener Eiche mit horizontaler [&hellip;]\" \/>\n<meta property=\"og:url\" content=\"https:\/\/garazyki.pl\/de\/producent\/warmeisollierte-garagen\/warmeisollierte-garage-200-x-300\/\" \/>\n<meta property=\"og:site_name\" content=\"Producent kontener\u00f3w biurowych, wiat \u015bmietnikowych, gara\u017ce z p\u0142ty warstwowej\" \/>\n<meta property=\"article:publisher\" content=\"https:\/\/www.facebook.com\/garazyki\" \/>\n<meta property=\"og:image\" content=\"https:\/\/garazyki.pl\/wp-content\/uploads\/2022\/02\/0Garaz_ocieplany_200_x_300__1_.jpg\" \/>\n\t<meta property=\"og:image:width\" content=\"1024\" \/>\n\t<meta property=\"og:image:height\" content=\"720\" \/>\n\t<meta property=\"og:image:type\" content=\"image\/jpeg\" \/>\n<meta name=\"twitter:card\" content=\"summary_large_image\" \/>\n<meta name=\"twitter:label1\" content=\"Gesch\u00e4tzte Lesezeit\" \/>\n\t<meta name=\"twitter:data1\" content=\"1\u00a0Minute\" \/>\n<script type=\"application\/ld+json\" class=\"yoast-schema-graph\">{\"@context\":\"https:\/\/schema.org\",\"@graph\":[{\"@type\":\"WebPage\",\"@id\":\"https:\/\/garazyki.pl\/de\/producent\/warmeisollierte-garagen\/warmeisollierte-garage-200-x-300\/\",\"url\":\"https:\/\/garazyki.pl\/de\/producent\/warmeisollierte-garagen\/warmeisollierte-garage-200-x-300\/\",\"name\":\"W\u00e4rmeisollierte Garage 2,00 x 3,00 - Producent kontener\u00f3w biurowych, wiat \u015bmietnikowych, gara\u017ce z p\u0142ty warstwowej\",\"isPartOf\":{\"@id\":\"https:\/\/garazyki.pl\/de\/#website\"},\"primaryImageOfPage\":{\"@id\":\"https:\/\/garazyki.pl\/de\/producent\/warmeisollierte-garagen\/warmeisollierte-garage-200-x-300\/#primaryimage\"},\"image\":{\"@id\":\"https:\/\/garazyki.pl\/de\/producent\/warmeisollierte-garagen\/warmeisollierte-garage-200-x-300\/#primaryimage\"},\"thumbnailUrl\":\"https:\/\/garazyki.pl\/wp-content\/uploads\/2022\/02\/0Garaz_ocieplany_200_x_300__1_.jpg\",\"datePublished\":\"2022-02-28T20:26:12+00:00\",\"breadcrumb\":{\"@id\":\"https:\/\/garazyki.pl\/de\/producent\/warmeisollierte-garagen\/warmeisollierte-garage-200-x-300\/#breadcrumb\"},\"inLanguage\":\"de\",\"potentialAction\":[{\"@type\":\"ReadAction\",\"target\":[\"https:\/\/garazyki.pl\/de\/producent\/warmeisollierte-garagen\/warmeisollierte-garage-200-x-300\/\"]}]},{\"@type\":\"ImageObject\",\"inLanguage\":\"de\",\"@id\":\"https:\/\/garazyki.pl\/de\/producent\/warmeisollierte-garagen\/warmeisollierte-garage-200-x-300\/#primaryimage\",\"url\":\"https:\/\/garazyki.pl\/wp-content\/uploads\/2022\/02\/0Garaz_ocieplany_200_x_300__1_.jpg\",\"contentUrl\":\"https:\/\/garazyki.pl\/wp-content\/uploads\/2022\/02\/0Garaz_ocieplany_200_x_300__1_.jpg\",\"width\":1024,\"height\":720,\"caption\":\"Gara\u017c ocieplany, Pomieszczenie gospodarcze z p\u0142ty warstwowej 2 x 3\"},{\"@type\":\"BreadcrumbList\",\"@id\":\"https:\/\/garazyki.pl\/de\/producent\/warmeisollierte-garagen\/warmeisollierte-garage-200-x-300\/#breadcrumb\",\"itemListElement\":[{\"@type\":\"ListItem\",\"position\":1,\"name\":\"Strona g\u0142\u00f3wna\",\"item\":\"https:\/\/garazyki.pl\/de\/\"},{\"@type\":\"ListItem\",\"position\":2,\"name\":\"Produkte\",\"item\":\"https:\/\/garazyki.pl\/de\/shop\/\"},{\"@type\":\"ListItem\",\"position\":3,\"name\":\"W\u00e4rmeisollierte Garage 2,00 x 3,00\"}]},{\"@type\":\"WebSite\",\"@id\":\"https:\/\/garazyki.pl\/de\/#website\",\"url\":\"https:\/\/garazyki.pl\/de\/\",\"name\":\"Producent kontener\u00f3w biurowych, wiat \u015bmietnikowych, gara\u017ce z p\u0142ty warstwowej\",\"description\":\"Kontenery biurowe, wiaty \u015bmietnikowe, hale, gara\u017ce blaszane od producenta.\",\"publisher\":{\"@id\":\"https:\/\/garazyki.pl\/de\/#organization\"},\"potentialAction\":[{\"@type\":\"SearchAction\",\"target\":{\"@type\":\"EntryPoint\",\"urlTemplate\":\"https:\/\/garazyki.pl\/de\/?s={search_term_string}\"},\"query-input\":{\"@type\":\"PropertyValueSpecification\",\"valueRequired\":true,\"valueName\":\"search_term_string\"}}],\"inLanguage\":\"de\"},{\"@type\":\"Organization\",\"@id\":\"https:\/\/garazyki.pl\/de\/#organization\",\"name\":\"Garazyki.pl Producent gara\u017cy i kontener\u00f3w biurowych i wiat\",\"url\":\"https:\/\/garazyki.pl\/de\/\",\"logo\":{\"@type\":\"ImageObject\",\"inLanguage\":\"de\",\"@id\":\"https:\/\/garazyki.pl\/de\/#\/schema\/logo\/image\/\",\"url\":\"https:\/\/garazyki.pl\/wp-content\/uploads\/2022\/02\/logo_garazyki_pl.png\",\"contentUrl\":\"https:\/\/garazyki.pl\/wp-content\/uploads\/2022\/02\/logo_garazyki_pl.png\",\"width\":120,\"height\":64,\"caption\":\"Garazyki.pl Producent gara\u017cy i kontener\u00f3w biurowych i wiat\"},\"image\":{\"@id\":\"https:\/\/garazyki.pl\/de\/#\/schema\/logo\/image\/\"},\"sameAs\":[\"https:\/\/www.facebook.com\/garazyki\",\"https:\/\/www.instagram.com\/garazyki.pl\/\",\"https:\/\/www.linkedin.com\/company\/alicja-garazyki\/\"]}]}<\/script>\n<!-- \/ Yoast SEO plugin. -->","yoast_head_json":{"title":"W\u00e4rmeisollierte Garage 2,00 x 3,00 - Producent kontener\u00f3w biurowych, wiat \u015bmietnikowych, gara\u017ce z p\u0142ty warstwowej","robots":{"index":"index","follow":"follow","max-snippet":"max-snippet:-1","max-image-preview":"max-image-preview:large","max-video-preview":"max-video-preview:-1"},"canonical":"https:\/\/garazyki.pl\/de\/producent\/warmeisollierte-garagen\/warmeisollierte-garage-200-x-300\/","og_locale":"de_DE","og_type":"article","og_title":"W\u00e4rmeisollierte Garage 2,00 x 3,00 - Producent kontener\u00f3w biurowych, wiat \u015bmietnikowych, gara\u017ce z p\u0142ty warstwowej","og_description":"Die Konstruktion der Garage besteht aus pulverbeschichteten geschlossenen Profilen. Die Abmessungen der Garage betragen 2,00 m breit x 3,00 m tief mit einem Satteldach (2,30 m Wandh\u00f6he \/ 2,80 m H\u00f6he oben am Giebel). Die Ummantelung der W\u00e4nde besteht aus einer 75 mm dicken Polystyrol-Kernplatte, die zus\u00e4tzlich mit einer T8-Trapezplatte aus goldener Eiche mit horizontaler [&hellip;]","og_url":"https:\/\/garazyki.pl\/de\/producent\/warmeisollierte-garagen\/warmeisollierte-garage-200-x-300\/","og_site_name":"Producent kontener\u00f3w biurowych, wiat \u015bmietnikowych, gara\u017ce z p\u0142ty warstwowej","article_publisher":"https:\/\/www.facebook.com\/garazyki","og_image":[{"width":1024,"height":720,"url":"https:\/\/garazyki.pl\/wp-content\/uploads\/2022\/02\/0Garaz_ocieplany_200_x_300__1_.jpg","type":"image\/jpeg"}],"twitter_card":"summary_large_image","twitter_misc":{"Gesch\u00e4tzte Lesezeit":"1\u00a0Minute"},"schema":{"@context":"https:\/\/schema.org","@graph":[{"@type":"WebPage","@id":"https:\/\/garazyki.pl\/de\/producent\/warmeisollierte-garagen\/warmeisollierte-garage-200-x-300\/","url":"https:\/\/garazyki.pl\/de\/producent\/warmeisollierte-garagen\/warmeisollierte-garage-200-x-300\/","name":"W\u00e4rmeisollierte Garage 2,00 x 3,00 - Producent kontener\u00f3w biurowych, wiat \u015bmietnikowych, gara\u017ce z p\u0142ty warstwowej","isPartOf":{"@id":"https:\/\/garazyki.pl\/de\/#website"},"primaryImageOfPage":{"@id":"https:\/\/garazyki.pl\/de\/producent\/warmeisollierte-garagen\/warmeisollierte-garage-200-x-300\/#primaryimage"},"image":{"@id":"https:\/\/garazyki.pl\/de\/producent\/warmeisollierte-garagen\/warmeisollierte-garage-200-x-300\/#primaryimage"},"thumbnailUrl":"https:\/\/garazyki.pl\/wp-content\/uploads\/2022\/02\/0Garaz_ocieplany_200_x_300__1_.jpg","datePublished":"2022-02-28T20:26:12+00:00","breadcrumb":{"@id":"https:\/\/garazyki.pl\/de\/producent\/warmeisollierte-garagen\/warmeisollierte-garage-200-x-300\/#breadcrumb"},"inLanguage":"de","potentialAction":[{"@type":"ReadAction","target":["https:\/\/garazyki.pl\/de\/producent\/warmeisollierte-garagen\/warmeisollierte-garage-200-x-300\/"]}]},{"@type":"ImageObject","inLanguage":"de","@id":"https:\/\/garazyki.pl\/de\/producent\/warmeisollierte-garagen\/warmeisollierte-garage-200-x-300\/#primaryimage","url":"https:\/\/garazyki.pl\/wp-content\/uploads\/2022\/02\/0Garaz_ocieplany_200_x_300__1_.jpg","contentUrl":"https:\/\/garazyki.pl\/wp-content\/uploads\/2022\/02\/0Garaz_ocieplany_200_x_300__1_.jpg","width":1024,"height":720,"caption":"Gara\u017c ocieplany, Pomieszczenie gospodarcze z p\u0142ty warstwowej 2 x 3"},{"@type":"BreadcrumbList","@id":"https:\/\/garazyki.pl\/de\/producent\/warmeisollierte-garagen\/warmeisollierte-garage-200-x-300\/#breadcrumb","itemListElement":[{"@type":"ListItem","position":1,"name":"Strona g\u0142\u00f3wna","item":"https:\/\/garazyki.pl\/de\/"},{"@type":"ListItem","position":2,"name":"Produkte","item":"https:\/\/garazyki.pl\/de\/shop\/"},{"@type":"ListItem","position":3,"name":"W\u00e4rmeisollierte Garage 2,00 x 3,00"}]},{"@type":"WebSite","@id":"https:\/\/garazyki.pl\/de\/#website","url":"https:\/\/garazyki.pl\/de\/","name":"Producent kontener\u00f3w biurowych, wiat \u015bmietnikowych, gara\u017ce z p\u0142ty warstwowej","description":"Kontenery biurowe, wiaty \u015bmietnikowe, hale, gara\u017ce blaszane od producenta.","publisher":{"@id":"https:\/\/garazyki.pl\/de\/#organization"},"potentialAction":[{"@type":"SearchAction","target":{"@type":"EntryPoint","urlTemplate":"https:\/\/garazyki.pl\/de\/?s={search_term_string}"},"query-input":{"@type":"PropertyValueSpecification","valueRequired":true,"valueName":"search_term_string"}}],"inLanguage":"de"},{"@type":"Organization","@id":"https:\/\/garazyki.pl\/de\/#organization","name":"Garazyki.pl Producent gara\u017cy i kontener\u00f3w biurowych i wiat","url":"https:\/\/garazyki.pl\/de\/","logo":{"@type":"ImageObject","inLanguage":"de","@id":"https:\/\/garazyki.pl\/de\/#\/schema\/logo\/image\/","url":"https:\/\/garazyki.pl\/wp-content\/uploads\/2022\/02\/logo_garazyki_pl.png","contentUrl":"https:\/\/garazyki.pl\/wp-content\/uploads\/2022\/02\/logo_garazyki_pl.png","width":120,"height":64,"caption":"Garazyki.pl Producent gara\u017cy i kontener\u00f3w biurowych i wiat"},"image":{"@id":"https:\/\/garazyki.pl\/de\/#\/schema\/logo\/image\/"},"sameAs":["https:\/\/www.facebook.com\/garazyki","https:\/\/www.instagram.com\/garazyki.pl\/","https:\/\/www.linkedin.com\/company\/alicja-garazyki\/"]}]}},"_links":{"self":[{"href":"https:\/\/garazyki.pl\/de\/wp-json\/wp\/v2\/product\/105023","targetHints":{"allow":["GET"]}}],"collection":[{"href":"https:\/\/garazyki.pl\/de\/wp-json\/wp\/v2\/product"}],"about":[{"href":"https:\/\/garazyki.pl\/de\/wp-json\/wp\/v2\/types\/product"}],"replies":[{"embeddable":true,"href":"https:\/\/garazyki.pl\/de\/wp-json\/wp\/v2\/comments?post=105023"}],"wp:featuredmedia":[{"embeddable":true,"href":"https:\/\/garazyki.pl\/de\/wp-json\/wp\/v2\/media\/104648"}],"wp:attachment":[{"href":"https:\/\/garazyki.pl\/de\/wp-json\/wp\/v2\/media?parent=105023"}],"wp:term":[{"taxonomy":"product_brand","embeddable":true,"href":"https:\/\/garazyki.pl\/de\/wp-json\/wp\/v2\/product_brand?post=105023"},{"taxonomy":"product_cat","embeddable":true,"href":"https:\/\/garazyki.pl\/de\/wp-json\/wp\/v2\/product_cat?post=105023"},{"taxonomy":"product_tag","embeddable":true,"href":"https:\/\/garazyki.pl\/de\/wp-json\/wp\/v2\/product_tag?post=105023"}],"curies":[{"name":"wp","href":"https:\/\/api.w.org\/{rel}","templated":true}]}}