{"id":105021,"date":"2022-02-28T21:08:15","date_gmt":"2022-02-28T20:08:15","guid":{"rendered":"https:\/\/garazyki.pl\/producent\/unkategorisiert\/garage-warmeisolliert-600-x-600\/"},"modified":"2022-02-28T21:08:15","modified_gmt":"2022-02-28T20:08:15","slug":"garage-warmeisolliert-600-x-600","status":"publish","type":"product","link":"https:\/\/garazyki.pl\/de\/producent\/warmeisollierte-garagen\/garage-warmeisolliert-600-x-600\/","title":{"rendered":"Garage w\u00e4rmeisolliert 6,00 x 6,00"},"content":{"rendered":"<p>Garage 6,00 m breit x 6,00 m tief mit Satteldach (2,30 m hohe W\u00e4nde \/ 3,20 m hoch oben auf dem Dach). Konstruktion aus geschlossenen Profilen, pulverbeschichtet. Die Garagenummantelung ist eine Sandwichplatte mit einem 75 mm dicken Styroporkern. In der Garage sind zwei automatisierte Sektionaltore installiert. Zus\u00e4tzlich sind zwei 120&#215;100 PVC-Fenster mit externen Rolll\u00e4den mit Schloss installiert. In der Garage sind HORMANN-T\u00fcren mit einer Breite von 1,00 m installiert. Zus\u00e4tzlich Stahlrinnen. Farben: Elfenbeinw\u00e4nde-RAL1015, Dach, Tore, T\u00fcren, Fenster, gemauerte Fensterl\u00e4den-RAL8004. Das Ganze hat Verarbeitung in Form von Ecken und Windkisten.<\/p>\n<p><span style=\"font-family: Arial, sans-serif;\"><b>Eigenschaften der Garage 6,00 x 6,00:<\/b><\/span><\/p>\n<ul>\n<li><span style=\"font-family: Arial, sans-serif;\">zwei Segmenttore mit Antrieb<br \/>\n<\/span><\/li>\n<li><span style=\"font-family: Arial, sans-serif;\">Konstruktion aus geschlossenen Profilen<br \/>\n<\/span><\/li>\n<li><span style=\"font-family: Arial, sans-serif;\">Konstruktion pulverbeschichtet<br \/>\n<\/span><\/li>\n<li><span style=\"font-family: Arial, sans-serif;\">zus\u00e4tzliche T\u00fcr 100cm,<br \/>\n<\/span><\/li>\n<li><span style=\"font-family: Arial, sans-serif;\">W\u00e4nde und Dach mit Sandwichplatten 75mm beschichtet<br \/>\n<\/span><\/li>\n<li><span style=\"font-family: Arial, sans-serif;\">Blechbearbeitungen an den Ecken und den Windabweisern<br \/>\n<\/span><\/li>\n<li><span style=\"font-family: Arial, sans-serif;\">Stahl Regenrinne<br \/>\n<\/span><\/li>\n<li><span style=\"font-family: Arial, sans-serif;\">PVC Fenster 120&#215;100,<\/span><\/li>\n<li><span style=\"font-family: Arial, sans-serif;\">rAu\u00dfenjallousien<\/span><\/li>\n<\/ul>\n","protected":false},"excerpt":{"rendered":"<p>Garage 6,00 m breit x 6,00 m tief mit Satteldach (2,30 m hohe W\u00e4nde \/ 3,20 m hoch oben auf dem Dach). Konstruktion aus geschlossenen Profilen, pulverbeschichtet. Die Garagenummantelung ist eine Sandwichplatte mit einem 75 mm dicken Styroporkern. In der Garage sind zwei automatisierte Sektionaltore installiert. Zus\u00e4tzlich sind zwei 120&#215;100 PVC-Fenster mit externen Rolll\u00e4den mit [&hellip;]<\/p>\n","protected":false},"featured_media":104632,"comment_status":"open","ping_status":"closed","template":"","meta":{"_et_pb_use_builder":"","_et_pb_old_content":"","_et_gb_content_width":""},"product_brand":[],"product_cat":[92],"product_tag":[],"class_list":{"0":"post-105021","1":"product","2":"type-product","3":"status-publish","4":"has-post-thumbnail","6":"product_cat-warmeisollierte-garagen","8":"first","9":"instock","10":"taxable","11":"shipping-taxable","12":"purchasable","13":"product-type-simple"},"yoast_head":"<!-- This site is optimized with the Yoast SEO plugin v27.0 - https:\/\/yoast.com\/product\/yoast-seo-wordpress\/ -->\n<title>Garage w\u00e4rmeisolliert 6,00 x 6,00 - Producent kontener\u00f3w biurowych, wiat \u015bmietnikowych, gara\u017ce z p\u0142ty warstwowej<\/title>\n<meta name=\"robots\" content=\"index, follow, max-snippet:-1, max-image-preview:large, max-video-preview:-1\" \/>\n<link rel=\"canonical\" href=\"https:\/\/garazyki.pl\/de\/producent\/warmeisollierte-garagen\/garage-warmeisolliert-600-x-600\/\" \/>\n<meta property=\"og:locale\" content=\"de_DE\" \/>\n<meta property=\"og:type\" content=\"article\" \/>\n<meta property=\"og:title\" content=\"Garage w\u00e4rmeisolliert 6,00 x 6,00 - Producent kontener\u00f3w biurowych, wiat \u015bmietnikowych, gara\u017ce z p\u0142ty warstwowej\" \/>\n<meta property=\"og:description\" content=\"Garage 6,00 m breit x 6,00 m tief mit Satteldach (2,30 m hohe W\u00e4nde \/ 3,20 m hoch oben auf dem Dach). Konstruktion aus geschlossenen Profilen, pulverbeschichtet. Die Garagenummantelung ist eine Sandwichplatte mit einem 75 mm dicken Styroporkern. In der Garage sind zwei automatisierte Sektionaltore installiert. Zus\u00e4tzlich sind zwei 120&#215;100 PVC-Fenster mit externen Rolll\u00e4den mit [&hellip;]\" \/>\n<meta property=\"og:url\" content=\"https:\/\/garazyki.pl\/de\/producent\/warmeisollierte-garagen\/garage-warmeisolliert-600-x-600\/\" \/>\n<meta property=\"og:site_name\" content=\"Producent kontener\u00f3w biurowych, wiat \u015bmietnikowych, gara\u017ce z p\u0142ty warstwowej\" \/>\n<meta property=\"article:publisher\" content=\"https:\/\/www.facebook.com\/garazyki\" \/>\n<meta property=\"og:image\" content=\"https:\/\/garazyki.pl\/wp-content\/uploads\/2022\/02\/0Garaz_ocieplany_600_x_600__1_.jpg\" \/>\n\t<meta property=\"og:image:width\" content=\"1024\" \/>\n\t<meta property=\"og:image:height\" content=\"720\" \/>\n\t<meta property=\"og:image:type\" content=\"image\/jpeg\" \/>\n<meta name=\"twitter:card\" content=\"summary_large_image\" \/>\n<meta name=\"twitter:label1\" content=\"Gesch\u00e4tzte Lesezeit\" \/>\n\t<meta name=\"twitter:data1\" content=\"1\u00a0Minute\" \/>\n<script type=\"application\/ld+json\" class=\"yoast-schema-graph\">{\"@context\":\"https:\/\/schema.org\",\"@graph\":[{\"@type\":\"WebPage\",\"@id\":\"https:\/\/garazyki.pl\/de\/producent\/warmeisollierte-garagen\/garage-warmeisolliert-600-x-600\/\",\"url\":\"https:\/\/garazyki.pl\/de\/producent\/warmeisollierte-garagen\/garage-warmeisolliert-600-x-600\/\",\"name\":\"Garage w\u00e4rmeisolliert 6,00 x 6,00 - Producent kontener\u00f3w biurowych, wiat \u015bmietnikowych, gara\u017ce z p\u0142ty warstwowej\",\"isPartOf\":{\"@id\":\"https:\/\/garazyki.pl\/de\/#website\"},\"primaryImageOfPage\":{\"@id\":\"https:\/\/garazyki.pl\/de\/producent\/warmeisollierte-garagen\/garage-warmeisolliert-600-x-600\/#primaryimage\"},\"image\":{\"@id\":\"https:\/\/garazyki.pl\/de\/producent\/warmeisollierte-garagen\/garage-warmeisolliert-600-x-600\/#primaryimage\"},\"thumbnailUrl\":\"https:\/\/garazyki.pl\/wp-content\/uploads\/2022\/02\/0Garaz_ocieplany_600_x_600__1_.jpg\",\"datePublished\":\"2022-02-28T20:08:15+00:00\",\"breadcrumb\":{\"@id\":\"https:\/\/garazyki.pl\/de\/producent\/warmeisollierte-garagen\/garage-warmeisolliert-600-x-600\/#breadcrumb\"},\"inLanguage\":\"de\",\"potentialAction\":[{\"@type\":\"ReadAction\",\"target\":[\"https:\/\/garazyki.pl\/de\/producent\/warmeisollierte-garagen\/garage-warmeisolliert-600-x-600\/\"]}]},{\"@type\":\"ImageObject\",\"inLanguage\":\"de\",\"@id\":\"https:\/\/garazyki.pl\/de\/producent\/warmeisollierte-garagen\/garage-warmeisolliert-600-x-600\/#primaryimage\",\"url\":\"https:\/\/garazyki.pl\/wp-content\/uploads\/2022\/02\/0Garaz_ocieplany_600_x_600__1_.jpg\",\"contentUrl\":\"https:\/\/garazyki.pl\/wp-content\/uploads\/2022\/02\/0Garaz_ocieplany_600_x_600__1_.jpg\",\"width\":1024,\"height\":720,\"caption\":\"Gara\u017c ocieplany z p\u0142yty warstwowej 6x6 producent gara\u017cy z p\u0142yty warstwowej garazyki.pl\"},{\"@type\":\"BreadcrumbList\",\"@id\":\"https:\/\/garazyki.pl\/de\/producent\/warmeisollierte-garagen\/garage-warmeisolliert-600-x-600\/#breadcrumb\",\"itemListElement\":[{\"@type\":\"ListItem\",\"position\":1,\"name\":\"Strona g\u0142\u00f3wna\",\"item\":\"https:\/\/garazyki.pl\/de\/\"},{\"@type\":\"ListItem\",\"position\":2,\"name\":\"Produkte\",\"item\":\"https:\/\/garazyki.pl\/de\/shop\/\"},{\"@type\":\"ListItem\",\"position\":3,\"name\":\"Garage w\u00e4rmeisolliert 6,00 x 6,00\"}]},{\"@type\":\"WebSite\",\"@id\":\"https:\/\/garazyki.pl\/de\/#website\",\"url\":\"https:\/\/garazyki.pl\/de\/\",\"name\":\"Producent kontener\u00f3w biurowych, wiat \u015bmietnikowych, gara\u017ce z p\u0142ty warstwowej\",\"description\":\"Kontenery biurowe, wiaty \u015bmietnikowe, hale, gara\u017ce blaszane od producenta.\",\"publisher\":{\"@id\":\"https:\/\/garazyki.pl\/de\/#organization\"},\"potentialAction\":[{\"@type\":\"SearchAction\",\"target\":{\"@type\":\"EntryPoint\",\"urlTemplate\":\"https:\/\/garazyki.pl\/de\/?s={search_term_string}\"},\"query-input\":{\"@type\":\"PropertyValueSpecification\",\"valueRequired\":true,\"valueName\":\"search_term_string\"}}],\"inLanguage\":\"de\"},{\"@type\":\"Organization\",\"@id\":\"https:\/\/garazyki.pl\/de\/#organization\",\"name\":\"Garazyki.pl Producent gara\u017cy i kontener\u00f3w biurowych i wiat\",\"url\":\"https:\/\/garazyki.pl\/de\/\",\"logo\":{\"@type\":\"ImageObject\",\"inLanguage\":\"de\",\"@id\":\"https:\/\/garazyki.pl\/de\/#\/schema\/logo\/image\/\",\"url\":\"https:\/\/garazyki.pl\/wp-content\/uploads\/2022\/02\/logo_garazyki_pl.png\",\"contentUrl\":\"https:\/\/garazyki.pl\/wp-content\/uploads\/2022\/02\/logo_garazyki_pl.png\",\"width\":120,\"height\":64,\"caption\":\"Garazyki.pl Producent gara\u017cy i kontener\u00f3w biurowych i wiat\"},\"image\":{\"@id\":\"https:\/\/garazyki.pl\/de\/#\/schema\/logo\/image\/\"},\"sameAs\":[\"https:\/\/www.facebook.com\/garazyki\",\"https:\/\/www.instagram.com\/garazyki.pl\/\",\"https:\/\/www.linkedin.com\/company\/alicja-garazyki\/\"]}]}<\/script>\n<!-- \/ Yoast SEO plugin. -->","yoast_head_json":{"title":"Garage w\u00e4rmeisolliert 6,00 x 6,00 - Producent kontener\u00f3w biurowych, wiat \u015bmietnikowych, gara\u017ce z p\u0142ty warstwowej","robots":{"index":"index","follow":"follow","max-snippet":"max-snippet:-1","max-image-preview":"max-image-preview:large","max-video-preview":"max-video-preview:-1"},"canonical":"https:\/\/garazyki.pl\/de\/producent\/warmeisollierte-garagen\/garage-warmeisolliert-600-x-600\/","og_locale":"de_DE","og_type":"article","og_title":"Garage w\u00e4rmeisolliert 6,00 x 6,00 - Producent kontener\u00f3w biurowych, wiat \u015bmietnikowych, gara\u017ce z p\u0142ty warstwowej","og_description":"Garage 6,00 m breit x 6,00 m tief mit Satteldach (2,30 m hohe W\u00e4nde \/ 3,20 m hoch oben auf dem Dach). Konstruktion aus geschlossenen Profilen, pulverbeschichtet. Die Garagenummantelung ist eine Sandwichplatte mit einem 75 mm dicken Styroporkern. In der Garage sind zwei automatisierte Sektionaltore installiert. Zus\u00e4tzlich sind zwei 120&#215;100 PVC-Fenster mit externen Rolll\u00e4den mit [&hellip;]","og_url":"https:\/\/garazyki.pl\/de\/producent\/warmeisollierte-garagen\/garage-warmeisolliert-600-x-600\/","og_site_name":"Producent kontener\u00f3w biurowych, wiat \u015bmietnikowych, gara\u017ce z p\u0142ty warstwowej","article_publisher":"https:\/\/www.facebook.com\/garazyki","og_image":[{"width":1024,"height":720,"url":"https:\/\/garazyki.pl\/wp-content\/uploads\/2022\/02\/0Garaz_ocieplany_600_x_600__1_.jpg","type":"image\/jpeg"}],"twitter_card":"summary_large_image","twitter_misc":{"Gesch\u00e4tzte Lesezeit":"1\u00a0Minute"},"schema":{"@context":"https:\/\/schema.org","@graph":[{"@type":"WebPage","@id":"https:\/\/garazyki.pl\/de\/producent\/warmeisollierte-garagen\/garage-warmeisolliert-600-x-600\/","url":"https:\/\/garazyki.pl\/de\/producent\/warmeisollierte-garagen\/garage-warmeisolliert-600-x-600\/","name":"Garage w\u00e4rmeisolliert 6,00 x 6,00 - Producent kontener\u00f3w biurowych, wiat \u015bmietnikowych, gara\u017ce z p\u0142ty warstwowej","isPartOf":{"@id":"https:\/\/garazyki.pl\/de\/#website"},"primaryImageOfPage":{"@id":"https:\/\/garazyki.pl\/de\/producent\/warmeisollierte-garagen\/garage-warmeisolliert-600-x-600\/#primaryimage"},"image":{"@id":"https:\/\/garazyki.pl\/de\/producent\/warmeisollierte-garagen\/garage-warmeisolliert-600-x-600\/#primaryimage"},"thumbnailUrl":"https:\/\/garazyki.pl\/wp-content\/uploads\/2022\/02\/0Garaz_ocieplany_600_x_600__1_.jpg","datePublished":"2022-02-28T20:08:15+00:00","breadcrumb":{"@id":"https:\/\/garazyki.pl\/de\/producent\/warmeisollierte-garagen\/garage-warmeisolliert-600-x-600\/#breadcrumb"},"inLanguage":"de","potentialAction":[{"@type":"ReadAction","target":["https:\/\/garazyki.pl\/de\/producent\/warmeisollierte-garagen\/garage-warmeisolliert-600-x-600\/"]}]},{"@type":"ImageObject","inLanguage":"de","@id":"https:\/\/garazyki.pl\/de\/producent\/warmeisollierte-garagen\/garage-warmeisolliert-600-x-600\/#primaryimage","url":"https:\/\/garazyki.pl\/wp-content\/uploads\/2022\/02\/0Garaz_ocieplany_600_x_600__1_.jpg","contentUrl":"https:\/\/garazyki.pl\/wp-content\/uploads\/2022\/02\/0Garaz_ocieplany_600_x_600__1_.jpg","width":1024,"height":720,"caption":"Gara\u017c ocieplany z p\u0142yty warstwowej 6x6 producent gara\u017cy z p\u0142yty warstwowej garazyki.pl"},{"@type":"BreadcrumbList","@id":"https:\/\/garazyki.pl\/de\/producent\/warmeisollierte-garagen\/garage-warmeisolliert-600-x-600\/#breadcrumb","itemListElement":[{"@type":"ListItem","position":1,"name":"Strona g\u0142\u00f3wna","item":"https:\/\/garazyki.pl\/de\/"},{"@type":"ListItem","position":2,"name":"Produkte","item":"https:\/\/garazyki.pl\/de\/shop\/"},{"@type":"ListItem","position":3,"name":"Garage w\u00e4rmeisolliert 6,00 x 6,00"}]},{"@type":"WebSite","@id":"https:\/\/garazyki.pl\/de\/#website","url":"https:\/\/garazyki.pl\/de\/","name":"Producent kontener\u00f3w biurowych, wiat \u015bmietnikowych, gara\u017ce z p\u0142ty warstwowej","description":"Kontenery biurowe, wiaty \u015bmietnikowe, hale, gara\u017ce blaszane od producenta.","publisher":{"@id":"https:\/\/garazyki.pl\/de\/#organization"},"potentialAction":[{"@type":"SearchAction","target":{"@type":"EntryPoint","urlTemplate":"https:\/\/garazyki.pl\/de\/?s={search_term_string}"},"query-input":{"@type":"PropertyValueSpecification","valueRequired":true,"valueName":"search_term_string"}}],"inLanguage":"de"},{"@type":"Organization","@id":"https:\/\/garazyki.pl\/de\/#organization","name":"Garazyki.pl Producent gara\u017cy i kontener\u00f3w biurowych i wiat","url":"https:\/\/garazyki.pl\/de\/","logo":{"@type":"ImageObject","inLanguage":"de","@id":"https:\/\/garazyki.pl\/de\/#\/schema\/logo\/image\/","url":"https:\/\/garazyki.pl\/wp-content\/uploads\/2022\/02\/logo_garazyki_pl.png","contentUrl":"https:\/\/garazyki.pl\/wp-content\/uploads\/2022\/02\/logo_garazyki_pl.png","width":120,"height":64,"caption":"Garazyki.pl Producent gara\u017cy i kontener\u00f3w biurowych i wiat"},"image":{"@id":"https:\/\/garazyki.pl\/de\/#\/schema\/logo\/image\/"},"sameAs":["https:\/\/www.facebook.com\/garazyki","https:\/\/www.instagram.com\/garazyki.pl\/","https:\/\/www.linkedin.com\/company\/alicja-garazyki\/"]}]}},"_links":{"self":[{"href":"https:\/\/garazyki.pl\/de\/wp-json\/wp\/v2\/product\/105021","targetHints":{"allow":["GET"]}}],"collection":[{"href":"https:\/\/garazyki.pl\/de\/wp-json\/wp\/v2\/product"}],"about":[{"href":"https:\/\/garazyki.pl\/de\/wp-json\/wp\/v2\/types\/product"}],"replies":[{"embeddable":true,"href":"https:\/\/garazyki.pl\/de\/wp-json\/wp\/v2\/comments?post=105021"}],"wp:featuredmedia":[{"embeddable":true,"href":"https:\/\/garazyki.pl\/de\/wp-json\/wp\/v2\/media\/104632"}],"wp:attachment":[{"href":"https:\/\/garazyki.pl\/de\/wp-json\/wp\/v2\/media?parent=105021"}],"wp:term":[{"taxonomy":"product_brand","embeddable":true,"href":"https:\/\/garazyki.pl\/de\/wp-json\/wp\/v2\/product_brand?post=105021"},{"taxonomy":"product_cat","embeddable":true,"href":"https:\/\/garazyki.pl\/de\/wp-json\/wp\/v2\/product_cat?post=105021"},{"taxonomy":"product_tag","embeddable":true,"href":"https:\/\/garazyki.pl\/de\/wp-json\/wp\/v2\/product_tag?post=105021"}],"curies":[{"name":"wp","href":"https:\/\/api.w.org\/{rel}","templated":true}]}}