{"id":105019,"date":"2022-01-04T20:29:23","date_gmt":"2022-01-04T19:29:23","guid":{"rendered":"https:\/\/garazyki.pl\/producent\/unkategorisiert\/verzinkte-3x6-garage-mit-windtrager-in-ziegelroter-farbe-2\/"},"modified":"2022-01-04T20:29:23","modified_gmt":"2022-01-04T19:29:23","slug":"verzinkte-3x6-garage-mit-windtrager-in-ziegelroter-farbe-2","status":"publish","type":"product","link":"https:\/\/garazyki.pl\/de\/producent\/warmeisollierte-garagen\/verzinkte-3x6-garage-mit-windtrager-in-ziegelroter-farbe-2\/","title":{"rendered":"VERZINKTE 3&#215;6-GARAGE MIT WINDTR\u00c4GER IN ZIEGELROTER FARBE"},"content":{"rendered":"<p><span style=\"font-family: Times New Roman, serif;\"><span style=\"font-size: medium;\"><span lang=\"\">Die Konstruktion wird auf Basis von kaltgezogenen\u00a0<\/span><strong><span lang=\"\">verzinkten<\/span><\/strong><span lang=\"\">\u00a0Profilen hergestellt. Die Garage wurde mit verzinktem Trapezblech in ziegelroter Farbe verkleidet (RAL 8004).\u00a0Nach hinten abfallende Dachneigung in der Standardausf\u00fchrung. Das Dach ist mit einem Windtr\u00e4ger ausgestattet. Kipptor mit Schloss an der Front.<\/span><\/span><\/span><\/p>\n<p><span style=\"font-family: Times New Roman, serif;\"><span style=\"font-size: medium;\"><strong>Merkmale der 3&#215;6-Garage:<\/strong><\/span><\/span><\/p>\n<ul>\n<li>\n<p lang=\"\"><span style=\"font-family: Times New Roman, serif;\"><span style=\"font-size: medium;\">Konstruktion: L- und C-Profile<\/span><\/span><\/p>\n<\/li>\n<li>\n<p lang=\"\"><span style=\"font-family: Times New Roman, serif;\"><span style=\"font-size: medium;\">Dachneigung: nach hinten abfallend<\/span><\/span><\/p>\n<\/li>\n<li>\n<p lang=\"\"><span style=\"font-family: Times New Roman, serif;\"><span style=\"font-size: medium;\">Tor: Kipptor mit Schloss<\/span><\/span><\/p>\n<\/li>\n<li>\n<p lang=\"\"><span style=\"font-family: Times New Roman, serif;\"><span style=\"font-size: medium;\">Details: Windtr\u00e4ger<\/span><\/span><\/p>\n<\/li>\n<li>\n<p lang=\"\"><span style=\"font-family: Times New Roman, serif;\"><span style=\"font-size: medium;\">verzinkt-beschichtetes Blech in ziegelroter Farbe: RAL8004<\/span><\/span><\/p>\n<\/li>\n<li>\n<p lang=\"\"><span style=\"font-family: Times New Roman, serif;\"><span style=\"font-size: medium;\">Konstruktion: verzinkt<\/span><\/span><\/p>\n<\/li>\n<\/ul>\n","protected":false},"excerpt":{"rendered":"<p>Die Konstruktion wird auf Basis von kaltgezogenen\u00a0verzinkten\u00a0Profilen hergestellt. Die Garage wurde mit verzinktem Trapezblech in ziegelroter Farbe verkleidet (RAL 8004).\u00a0Nach hinten abfallende Dachneigung in der Standardausf\u00fchrung. Das Dach ist mit einem Windtr\u00e4ger ausgestattet. Kipptor mit Schloss an der Front. Merkmale der 3&#215;6-Garage: Konstruktion: L- und C-Profile Dachneigung: nach hinten abfallend Tor: Kipptor mit Schloss Details: [&hellip;]<\/p>\n","protected":false},"featured_media":103119,"comment_status":"open","ping_status":"closed","template":"","meta":{"_et_pb_use_builder":"","_et_pb_old_content":"","_et_gb_content_width":""},"product_brand":[],"product_cat":[92],"product_tag":[],"class_list":{"0":"post-105019","1":"product","2":"type-product","3":"status-publish","4":"has-post-thumbnail","6":"product_cat-warmeisollierte-garagen","8":"first","9":"instock","10":"taxable","11":"shipping-taxable","12":"purchasable","13":"product-type-simple"},"yoast_head":"<!-- This site is optimized with the Yoast SEO plugin v27.0 - https:\/\/yoast.com\/product\/yoast-seo-wordpress\/ -->\n<title>VERZINKTE 3x6-GARAGE MIT WINDTR\u00c4GER IN ZIEGELROTER FARBE - Producent kontener\u00f3w biurowych, wiat \u015bmietnikowych, gara\u017ce z p\u0142ty warstwowej<\/title>\n<meta name=\"robots\" content=\"index, follow, max-snippet:-1, max-image-preview:large, max-video-preview:-1\" \/>\n<link rel=\"canonical\" href=\"https:\/\/garazyki.pl\/de\/producent\/warmeisollierte-garagen\/verzinkte-3x6-garage-mit-windtrager-in-ziegelroter-farbe-2\/\" \/>\n<meta property=\"og:locale\" content=\"de_DE\" \/>\n<meta property=\"og:type\" content=\"article\" \/>\n<meta property=\"og:title\" content=\"VERZINKTE 3x6-GARAGE MIT WINDTR\u00c4GER IN ZIEGELROTER FARBE - Producent kontener\u00f3w biurowych, wiat \u015bmietnikowych, gara\u017ce z p\u0142ty warstwowej\" \/>\n<meta property=\"og:description\" content=\"Die Konstruktion wird auf Basis von kaltgezogenen\u00a0verzinkten\u00a0Profilen hergestellt. Die Garage wurde mit verzinktem Trapezblech in ziegelroter Farbe verkleidet (RAL 8004).\u00a0Nach hinten abfallende Dachneigung in der Standardausf\u00fchrung. Das Dach ist mit einem Windtr\u00e4ger ausgestattet. Kipptor mit Schloss an der Front. Merkmale der 3&#215;6-Garage: Konstruktion: L- und C-Profile Dachneigung: nach hinten abfallend Tor: Kipptor mit Schloss Details: [&hellip;]\" \/>\n<meta property=\"og:url\" content=\"https:\/\/garazyki.pl\/de\/producent\/warmeisollierte-garagen\/verzinkte-3x6-garage-mit-windtrager-in-ziegelroter-farbe-2\/\" \/>\n<meta property=\"og:site_name\" content=\"Producent kontener\u00f3w biurowych, wiat \u015bmietnikowych, gara\u017ce z p\u0142ty warstwowej\" \/>\n<meta property=\"article:publisher\" content=\"https:\/\/www.facebook.com\/garazyki\" \/>\n<meta property=\"og:image\" content=\"https:\/\/garazyki.pl\/wp-content\/uploads\/2022\/01\/0Garaz_ocieplany_650_x_500__1_.jpg\" \/>\n\t<meta property=\"og:image:width\" content=\"1024\" \/>\n\t<meta property=\"og:image:height\" content=\"720\" \/>\n\t<meta property=\"og:image:type\" content=\"image\/jpeg\" \/>\n<meta name=\"twitter:card\" content=\"summary_large_image\" \/>\n<script type=\"application\/ld+json\" class=\"yoast-schema-graph\">{\"@context\":\"https:\/\/schema.org\",\"@graph\":[{\"@type\":\"WebPage\",\"@id\":\"https:\/\/garazyki.pl\/de\/producent\/warmeisollierte-garagen\/verzinkte-3x6-garage-mit-windtrager-in-ziegelroter-farbe-2\/\",\"url\":\"https:\/\/garazyki.pl\/de\/producent\/warmeisollierte-garagen\/verzinkte-3x6-garage-mit-windtrager-in-ziegelroter-farbe-2\/\",\"name\":\"VERZINKTE 3x6-GARAGE MIT WINDTR\u00c4GER IN ZIEGELROTER FARBE - Producent kontener\u00f3w biurowych, wiat \u015bmietnikowych, gara\u017ce z p\u0142ty warstwowej\",\"isPartOf\":{\"@id\":\"https:\/\/garazyki.pl\/de\/#website\"},\"primaryImageOfPage\":{\"@id\":\"https:\/\/garazyki.pl\/de\/producent\/warmeisollierte-garagen\/verzinkte-3x6-garage-mit-windtrager-in-ziegelroter-farbe-2\/#primaryimage\"},\"image\":{\"@id\":\"https:\/\/garazyki.pl\/de\/producent\/warmeisollierte-garagen\/verzinkte-3x6-garage-mit-windtrager-in-ziegelroter-farbe-2\/#primaryimage\"},\"thumbnailUrl\":\"https:\/\/garazyki.pl\/wp-content\/uploads\/2022\/01\/0Garaz_ocieplany_650_x_500__1_.jpg\",\"datePublished\":\"2022-01-04T19:29:23+00:00\",\"breadcrumb\":{\"@id\":\"https:\/\/garazyki.pl\/de\/producent\/warmeisollierte-garagen\/verzinkte-3x6-garage-mit-windtrager-in-ziegelroter-farbe-2\/#breadcrumb\"},\"inLanguage\":\"de\",\"potentialAction\":[{\"@type\":\"ReadAction\",\"target\":[\"https:\/\/garazyki.pl\/de\/producent\/warmeisollierte-garagen\/verzinkte-3x6-garage-mit-windtrager-in-ziegelroter-farbe-2\/\"]}]},{\"@type\":\"ImageObject\",\"inLanguage\":\"de\",\"@id\":\"https:\/\/garazyki.pl\/de\/producent\/warmeisollierte-garagen\/verzinkte-3x6-garage-mit-windtrager-in-ziegelroter-farbe-2\/#primaryimage\",\"url\":\"https:\/\/garazyki.pl\/wp-content\/uploads\/2022\/01\/0Garaz_ocieplany_650_x_500__1_.jpg\",\"contentUrl\":\"https:\/\/garazyki.pl\/wp-content\/uploads\/2022\/01\/0Garaz_ocieplany_650_x_500__1_.jpg\",\"width\":1024,\"height\":720,\"caption\":\"Gara\u017c ocieplany z p\u0142yty warstwowej\"},{\"@type\":\"BreadcrumbList\",\"@id\":\"https:\/\/garazyki.pl\/de\/producent\/warmeisollierte-garagen\/verzinkte-3x6-garage-mit-windtrager-in-ziegelroter-farbe-2\/#breadcrumb\",\"itemListElement\":[{\"@type\":\"ListItem\",\"position\":1,\"name\":\"Strona g\u0142\u00f3wna\",\"item\":\"https:\/\/garazyki.pl\/de\/\"},{\"@type\":\"ListItem\",\"position\":2,\"name\":\"Produkte\",\"item\":\"https:\/\/garazyki.pl\/de\/shop\/\"},{\"@type\":\"ListItem\",\"position\":3,\"name\":\"VERZINKTE 3&#215;6-GARAGE MIT WINDTR\u00c4GER IN ZIEGELROTER FARBE\"}]},{\"@type\":\"WebSite\",\"@id\":\"https:\/\/garazyki.pl\/de\/#website\",\"url\":\"https:\/\/garazyki.pl\/de\/\",\"name\":\"Producent kontener\u00f3w biurowych, wiat \u015bmietnikowych, gara\u017ce z p\u0142ty warstwowej\",\"description\":\"Kontenery biurowe, wiaty \u015bmietnikowe, hale, gara\u017ce blaszane od producenta.\",\"publisher\":{\"@id\":\"https:\/\/garazyki.pl\/de\/#organization\"},\"potentialAction\":[{\"@type\":\"SearchAction\",\"target\":{\"@type\":\"EntryPoint\",\"urlTemplate\":\"https:\/\/garazyki.pl\/de\/?s={search_term_string}\"},\"query-input\":{\"@type\":\"PropertyValueSpecification\",\"valueRequired\":true,\"valueName\":\"search_term_string\"}}],\"inLanguage\":\"de\"},{\"@type\":\"Organization\",\"@id\":\"https:\/\/garazyki.pl\/de\/#organization\",\"name\":\"Garazyki.pl Producent gara\u017cy i kontener\u00f3w biurowych i wiat\",\"url\":\"https:\/\/garazyki.pl\/de\/\",\"logo\":{\"@type\":\"ImageObject\",\"inLanguage\":\"de\",\"@id\":\"https:\/\/garazyki.pl\/de\/#\/schema\/logo\/image\/\",\"url\":\"https:\/\/garazyki.pl\/wp-content\/uploads\/2022\/02\/logo_garazyki_pl.png\",\"contentUrl\":\"https:\/\/garazyki.pl\/wp-content\/uploads\/2022\/02\/logo_garazyki_pl.png\",\"width\":120,\"height\":64,\"caption\":\"Garazyki.pl Producent gara\u017cy i kontener\u00f3w biurowych i wiat\"},\"image\":{\"@id\":\"https:\/\/garazyki.pl\/de\/#\/schema\/logo\/image\/\"},\"sameAs\":[\"https:\/\/www.facebook.com\/garazyki\",\"https:\/\/www.instagram.com\/garazyki.pl\/\",\"https:\/\/www.linkedin.com\/company\/alicja-garazyki\/\"]}]}<\/script>\n<!-- \/ Yoast SEO plugin. -->","yoast_head_json":{"title":"VERZINKTE 3x6-GARAGE MIT WINDTR\u00c4GER IN ZIEGELROTER FARBE - Producent kontener\u00f3w biurowych, wiat \u015bmietnikowych, gara\u017ce z p\u0142ty warstwowej","robots":{"index":"index","follow":"follow","max-snippet":"max-snippet:-1","max-image-preview":"max-image-preview:large","max-video-preview":"max-video-preview:-1"},"canonical":"https:\/\/garazyki.pl\/de\/producent\/warmeisollierte-garagen\/verzinkte-3x6-garage-mit-windtrager-in-ziegelroter-farbe-2\/","og_locale":"de_DE","og_type":"article","og_title":"VERZINKTE 3x6-GARAGE MIT WINDTR\u00c4GER IN ZIEGELROTER FARBE - Producent kontener\u00f3w biurowych, wiat \u015bmietnikowych, gara\u017ce z p\u0142ty warstwowej","og_description":"Die Konstruktion wird auf Basis von kaltgezogenen\u00a0verzinkten\u00a0Profilen hergestellt. Die Garage wurde mit verzinktem Trapezblech in ziegelroter Farbe verkleidet (RAL 8004).\u00a0Nach hinten abfallende Dachneigung in der Standardausf\u00fchrung. Das Dach ist mit einem Windtr\u00e4ger ausgestattet. Kipptor mit Schloss an der Front. Merkmale der 3&#215;6-Garage: Konstruktion: L- und C-Profile Dachneigung: nach hinten abfallend Tor: Kipptor mit Schloss Details: [&hellip;]","og_url":"https:\/\/garazyki.pl\/de\/producent\/warmeisollierte-garagen\/verzinkte-3x6-garage-mit-windtrager-in-ziegelroter-farbe-2\/","og_site_name":"Producent kontener\u00f3w biurowych, wiat \u015bmietnikowych, gara\u017ce z p\u0142ty warstwowej","article_publisher":"https:\/\/www.facebook.com\/garazyki","og_image":[{"width":1024,"height":720,"url":"https:\/\/garazyki.pl\/wp-content\/uploads\/2022\/01\/0Garaz_ocieplany_650_x_500__1_.jpg","type":"image\/jpeg"}],"twitter_card":"summary_large_image","schema":{"@context":"https:\/\/schema.org","@graph":[{"@type":"WebPage","@id":"https:\/\/garazyki.pl\/de\/producent\/warmeisollierte-garagen\/verzinkte-3x6-garage-mit-windtrager-in-ziegelroter-farbe-2\/","url":"https:\/\/garazyki.pl\/de\/producent\/warmeisollierte-garagen\/verzinkte-3x6-garage-mit-windtrager-in-ziegelroter-farbe-2\/","name":"VERZINKTE 3x6-GARAGE MIT WINDTR\u00c4GER IN ZIEGELROTER FARBE - Producent kontener\u00f3w biurowych, wiat \u015bmietnikowych, gara\u017ce z p\u0142ty warstwowej","isPartOf":{"@id":"https:\/\/garazyki.pl\/de\/#website"},"primaryImageOfPage":{"@id":"https:\/\/garazyki.pl\/de\/producent\/warmeisollierte-garagen\/verzinkte-3x6-garage-mit-windtrager-in-ziegelroter-farbe-2\/#primaryimage"},"image":{"@id":"https:\/\/garazyki.pl\/de\/producent\/warmeisollierte-garagen\/verzinkte-3x6-garage-mit-windtrager-in-ziegelroter-farbe-2\/#primaryimage"},"thumbnailUrl":"https:\/\/garazyki.pl\/wp-content\/uploads\/2022\/01\/0Garaz_ocieplany_650_x_500__1_.jpg","datePublished":"2022-01-04T19:29:23+00:00","breadcrumb":{"@id":"https:\/\/garazyki.pl\/de\/producent\/warmeisollierte-garagen\/verzinkte-3x6-garage-mit-windtrager-in-ziegelroter-farbe-2\/#breadcrumb"},"inLanguage":"de","potentialAction":[{"@type":"ReadAction","target":["https:\/\/garazyki.pl\/de\/producent\/warmeisollierte-garagen\/verzinkte-3x6-garage-mit-windtrager-in-ziegelroter-farbe-2\/"]}]},{"@type":"ImageObject","inLanguage":"de","@id":"https:\/\/garazyki.pl\/de\/producent\/warmeisollierte-garagen\/verzinkte-3x6-garage-mit-windtrager-in-ziegelroter-farbe-2\/#primaryimage","url":"https:\/\/garazyki.pl\/wp-content\/uploads\/2022\/01\/0Garaz_ocieplany_650_x_500__1_.jpg","contentUrl":"https:\/\/garazyki.pl\/wp-content\/uploads\/2022\/01\/0Garaz_ocieplany_650_x_500__1_.jpg","width":1024,"height":720,"caption":"Gara\u017c ocieplany z p\u0142yty warstwowej"},{"@type":"BreadcrumbList","@id":"https:\/\/garazyki.pl\/de\/producent\/warmeisollierte-garagen\/verzinkte-3x6-garage-mit-windtrager-in-ziegelroter-farbe-2\/#breadcrumb","itemListElement":[{"@type":"ListItem","position":1,"name":"Strona g\u0142\u00f3wna","item":"https:\/\/garazyki.pl\/de\/"},{"@type":"ListItem","position":2,"name":"Produkte","item":"https:\/\/garazyki.pl\/de\/shop\/"},{"@type":"ListItem","position":3,"name":"VERZINKTE 3&#215;6-GARAGE MIT WINDTR\u00c4GER IN ZIEGELROTER FARBE"}]},{"@type":"WebSite","@id":"https:\/\/garazyki.pl\/de\/#website","url":"https:\/\/garazyki.pl\/de\/","name":"Producent kontener\u00f3w biurowych, wiat \u015bmietnikowych, gara\u017ce z p\u0142ty warstwowej","description":"Kontenery biurowe, wiaty \u015bmietnikowe, hale, gara\u017ce blaszane od producenta.","publisher":{"@id":"https:\/\/garazyki.pl\/de\/#organization"},"potentialAction":[{"@type":"SearchAction","target":{"@type":"EntryPoint","urlTemplate":"https:\/\/garazyki.pl\/de\/?s={search_term_string}"},"query-input":{"@type":"PropertyValueSpecification","valueRequired":true,"valueName":"search_term_string"}}],"inLanguage":"de"},{"@type":"Organization","@id":"https:\/\/garazyki.pl\/de\/#organization","name":"Garazyki.pl Producent gara\u017cy i kontener\u00f3w biurowych i wiat","url":"https:\/\/garazyki.pl\/de\/","logo":{"@type":"ImageObject","inLanguage":"de","@id":"https:\/\/garazyki.pl\/de\/#\/schema\/logo\/image\/","url":"https:\/\/garazyki.pl\/wp-content\/uploads\/2022\/02\/logo_garazyki_pl.png","contentUrl":"https:\/\/garazyki.pl\/wp-content\/uploads\/2022\/02\/logo_garazyki_pl.png","width":120,"height":64,"caption":"Garazyki.pl Producent gara\u017cy i kontener\u00f3w biurowych i wiat"},"image":{"@id":"https:\/\/garazyki.pl\/de\/#\/schema\/logo\/image\/"},"sameAs":["https:\/\/www.facebook.com\/garazyki","https:\/\/www.instagram.com\/garazyki.pl\/","https:\/\/www.linkedin.com\/company\/alicja-garazyki\/"]}]}},"_links":{"self":[{"href":"https:\/\/garazyki.pl\/de\/wp-json\/wp\/v2\/product\/105019","targetHints":{"allow":["GET"]}}],"collection":[{"href":"https:\/\/garazyki.pl\/de\/wp-json\/wp\/v2\/product"}],"about":[{"href":"https:\/\/garazyki.pl\/de\/wp-json\/wp\/v2\/types\/product"}],"replies":[{"embeddable":true,"href":"https:\/\/garazyki.pl\/de\/wp-json\/wp\/v2\/comments?post=105019"}],"wp:featuredmedia":[{"embeddable":true,"href":"https:\/\/garazyki.pl\/de\/wp-json\/wp\/v2\/media\/103119"}],"wp:attachment":[{"href":"https:\/\/garazyki.pl\/de\/wp-json\/wp\/v2\/media?parent=105019"}],"wp:term":[{"taxonomy":"product_brand","embeddable":true,"href":"https:\/\/garazyki.pl\/de\/wp-json\/wp\/v2\/product_brand?post=105019"},{"taxonomy":"product_cat","embeddable":true,"href":"https:\/\/garazyki.pl\/de\/wp-json\/wp\/v2\/product_cat?post=105019"},{"taxonomy":"product_tag","embeddable":true,"href":"https:\/\/garazyki.pl\/de\/wp-json\/wp\/v2\/product_tag?post=105019"}],"curies":[{"name":"wp","href":"https:\/\/api.w.org\/{rel}","templated":true}]}}