{"id":104983,"date":"2022-01-09T13:17:17","date_gmt":"2022-01-09T12:17:17","guid":{"rendered":"https:\/\/garazyki.pl\/producent\/uncategorized\/garage-10x6-grun-kirsche-mit-windabweiser\/"},"modified":"2022-01-09T13:17:17","modified_gmt":"2022-01-09T12:17:17","slug":"garage-10x6-grun-kirsche-mit-windabweiser","status":"publish","type":"product","link":"https:\/\/garazyki.pl\/de\/producent\/blechgaragen\/garagen-mit-beschichtung\/garage-10x6-grun-kirsche-mit-windabweiser\/","title":{"rendered":"Garage 10&#215;6 gr\u00fcn-Kirsche mit Windabweiser"},"content":{"rendered":"<p>Die Konstruktion der Garage 10 x 6 besteht aus kaltgeformten Winkeln, die mit Grundierung und Decklack lackiert sind. Die Garagenummantelung besteht aus einer trapezf\u00f6rmigen Blech, die mit mattem Kirschbaum (RAL3011 MAT) und mattem Gr\u00fcn (RAL6020 MAT) beschichtet sind. Gr\u00fcnes Trapezblech\u00a0 T12 an den W\u00e4nden, kirschfarbenes Trapezblech T18 auf dem Dach. In der Garage sind zwei kirschfarbene Tore und ein doppelbl\u00e4ttriges Tor installiert. Garagendach mit einem Gef\u00e4lle nach hinten (3,00 m hoch vorne \/ 2,70 m hoch hinten). Das Garagendach ist mit Blenden in Form von Windk\u00e4sten versehen.<\/p>\n<p><strong><span style=\"font-family: Arial, sans-serif;\">Eigenschaften der Garage 10&#215;6:<\/span><\/strong><\/p>\n<ul>\n<li><span style=\"font-family: Arial, sans-serif;\">Konstruktion aus kaltgebogenen Kantprofilen<br \/>\n<\/span><\/li>\n<li><span style=\"font-family: Arial, sans-serif;\">Beschichtetes Trapezblech T18 und\u00a0 T12,<\/span><\/li>\n<li><span style=\"font-family: Arial, sans-serif;\">Kipptore mit Schlo\u00df<br \/>\n<\/span><\/li>\n<li><span style=\"font-family: Arial, sans-serif;\">Dach mit Sturz nach hinten (3,00m \/ 2,70m),<\/span><\/li>\n<\/ul>\n","protected":false},"excerpt":{"rendered":"<p>Die Konstruktion der Garage 10 x 6 besteht aus kaltgeformten Winkeln, die mit Grundierung und Decklack lackiert sind. Die Garagenummantelung besteht aus einer trapezf\u00f6rmigen Blech, die mit mattem Kirschbaum (RAL3011 MAT) und mattem Gr\u00fcn (RAL6020 MAT) beschichtet sind. Gr\u00fcnes Trapezblech\u00a0 T12 an den W\u00e4nden, kirschfarbenes Trapezblech T18 auf dem Dach. In der Garage sind zwei [&hellip;]<\/p>\n","protected":false},"featured_media":103309,"comment_status":"open","ping_status":"closed","template":"","meta":{"_et_pb_use_builder":"","_et_pb_old_content":"","_et_gb_content_width":""},"product_brand":[],"product_cat":[87],"product_tag":[],"class_list":{"0":"post-104983","1":"product","2":"type-product","3":"status-publish","4":"has-post-thumbnail","6":"product_cat-garagen-mit-beschichtung","8":"first","9":"instock","10":"taxable","11":"shipping-taxable","12":"purchasable","13":"product-type-simple"},"yoast_head":"<!-- This site is optimized with the Yoast SEO plugin v27.0 - https:\/\/yoast.com\/product\/yoast-seo-wordpress\/ -->\n<title>Garage 10x6 gr\u00fcn-Kirsche mit Windabweiser - Producent kontener\u00f3w biurowych, wiat \u015bmietnikowych, gara\u017ce z p\u0142ty warstwowej<\/title>\n<meta name=\"robots\" content=\"index, follow, max-snippet:-1, max-image-preview:large, max-video-preview:-1\" \/>\n<link rel=\"canonical\" href=\"https:\/\/garazyki.pl\/de\/producent\/blechgaragen\/garagen-mit-beschichtung\/garage-10x6-grun-kirsche-mit-windabweiser\/\" \/>\n<meta property=\"og:locale\" content=\"de_DE\" \/>\n<meta property=\"og:type\" content=\"article\" \/>\n<meta property=\"og:title\" content=\"Garage 10x6 gr\u00fcn-Kirsche mit Windabweiser - Producent kontener\u00f3w biurowych, wiat \u015bmietnikowych, gara\u017ce z p\u0142ty warstwowej\" \/>\n<meta property=\"og:description\" content=\"Die Konstruktion der Garage 10 x 6 besteht aus kaltgeformten Winkeln, die mit Grundierung und Decklack lackiert sind. Die Garagenummantelung besteht aus einer trapezf\u00f6rmigen Blech, die mit mattem Kirschbaum (RAL3011 MAT) und mattem Gr\u00fcn (RAL6020 MAT) beschichtet sind. Gr\u00fcnes Trapezblech\u00a0 T12 an den W\u00e4nden, kirschfarbenes Trapezblech T18 auf dem Dach. In der Garage sind zwei [&hellip;]\" \/>\n<meta property=\"og:url\" content=\"https:\/\/garazyki.pl\/de\/producent\/blechgaragen\/garagen-mit-beschichtung\/garage-10x6-grun-kirsche-mit-windabweiser\/\" \/>\n<meta property=\"og:site_name\" content=\"Producent kontener\u00f3w biurowych, wiat \u015bmietnikowych, gara\u017ce z p\u0142ty warstwowej\" \/>\n<meta property=\"article:publisher\" content=\"https:\/\/www.facebook.com\/garazyki\" \/>\n<meta property=\"og:image\" content=\"https:\/\/garazyki.pl\/wp-content\/uploads\/2022\/01\/0Garaz_10x6_zielen-wisnia_z_wiatrownica__1_.jpg\" \/>\n\t<meta property=\"og:image:width\" content=\"740\" \/>\n\t<meta property=\"og:image:height\" content=\"520\" \/>\n\t<meta property=\"og:image:type\" content=\"image\/jpeg\" \/>\n<meta name=\"twitter:card\" content=\"summary_large_image\" \/>\n<meta name=\"twitter:label1\" content=\"Gesch\u00e4tzte Lesezeit\" \/>\n\t<meta name=\"twitter:data1\" content=\"1\u00a0Minute\" \/>\n<script type=\"application\/ld+json\" class=\"yoast-schema-graph\">{\"@context\":\"https:\/\/schema.org\",\"@graph\":[{\"@type\":\"WebPage\",\"@id\":\"https:\/\/garazyki.pl\/de\/producent\/blechgaragen\/garagen-mit-beschichtung\/garage-10x6-grun-kirsche-mit-windabweiser\/\",\"url\":\"https:\/\/garazyki.pl\/de\/producent\/blechgaragen\/garagen-mit-beschichtung\/garage-10x6-grun-kirsche-mit-windabweiser\/\",\"name\":\"Garage 10x6 gr\u00fcn-Kirsche mit Windabweiser - Producent kontener\u00f3w biurowych, wiat \u015bmietnikowych, gara\u017ce z p\u0142ty warstwowej\",\"isPartOf\":{\"@id\":\"https:\/\/garazyki.pl\/de\/#website\"},\"primaryImageOfPage\":{\"@id\":\"https:\/\/garazyki.pl\/de\/producent\/blechgaragen\/garagen-mit-beschichtung\/garage-10x6-grun-kirsche-mit-windabweiser\/#primaryimage\"},\"image\":{\"@id\":\"https:\/\/garazyki.pl\/de\/producent\/blechgaragen\/garagen-mit-beschichtung\/garage-10x6-grun-kirsche-mit-windabweiser\/#primaryimage\"},\"thumbnailUrl\":\"https:\/\/garazyki.pl\/wp-content\/uploads\/2022\/01\/0Garaz_10x6_zielen-wisnia_z_wiatrownica__1_.jpg\",\"datePublished\":\"2022-01-09T12:17:17+00:00\",\"breadcrumb\":{\"@id\":\"https:\/\/garazyki.pl\/de\/producent\/blechgaragen\/garagen-mit-beschichtung\/garage-10x6-grun-kirsche-mit-windabweiser\/#breadcrumb\"},\"inLanguage\":\"de\",\"potentialAction\":[{\"@type\":\"ReadAction\",\"target\":[\"https:\/\/garazyki.pl\/de\/producent\/blechgaragen\/garagen-mit-beschichtung\/garage-10x6-grun-kirsche-mit-windabweiser\/\"]}]},{\"@type\":\"ImageObject\",\"inLanguage\":\"de\",\"@id\":\"https:\/\/garazyki.pl\/de\/producent\/blechgaragen\/garagen-mit-beschichtung\/garage-10x6-grun-kirsche-mit-windabweiser\/#primaryimage\",\"url\":\"https:\/\/garazyki.pl\/wp-content\/uploads\/2022\/01\/0Garaz_10x6_zielen-wisnia_z_wiatrownica__1_.jpg\",\"contentUrl\":\"https:\/\/garazyki.pl\/wp-content\/uploads\/2022\/01\/0Garaz_10x6_zielen-wisnia_z_wiatrownica__1_.jpg\",\"width\":740,\"height\":520},{\"@type\":\"BreadcrumbList\",\"@id\":\"https:\/\/garazyki.pl\/de\/producent\/blechgaragen\/garagen-mit-beschichtung\/garage-10x6-grun-kirsche-mit-windabweiser\/#breadcrumb\",\"itemListElement\":[{\"@type\":\"ListItem\",\"position\":1,\"name\":\"Strona g\u0142\u00f3wna\",\"item\":\"https:\/\/garazyki.pl\/de\/\"},{\"@type\":\"ListItem\",\"position\":2,\"name\":\"Produkte\",\"item\":\"https:\/\/garazyki.pl\/de\/shop\/\"},{\"@type\":\"ListItem\",\"position\":3,\"name\":\"Garage 10&#215;6 gr\u00fcn-Kirsche mit Windabweiser\"}]},{\"@type\":\"WebSite\",\"@id\":\"https:\/\/garazyki.pl\/de\/#website\",\"url\":\"https:\/\/garazyki.pl\/de\/\",\"name\":\"Producent kontener\u00f3w biurowych, wiat \u015bmietnikowych, gara\u017ce z p\u0142ty warstwowej\",\"description\":\"Kontenery biurowe, wiaty \u015bmietnikowe, hale, gara\u017ce blaszane od producenta.\",\"publisher\":{\"@id\":\"https:\/\/garazyki.pl\/de\/#organization\"},\"potentialAction\":[{\"@type\":\"SearchAction\",\"target\":{\"@type\":\"EntryPoint\",\"urlTemplate\":\"https:\/\/garazyki.pl\/de\/?s={search_term_string}\"},\"query-input\":{\"@type\":\"PropertyValueSpecification\",\"valueRequired\":true,\"valueName\":\"search_term_string\"}}],\"inLanguage\":\"de\"},{\"@type\":\"Organization\",\"@id\":\"https:\/\/garazyki.pl\/de\/#organization\",\"name\":\"Garazyki.pl Producent gara\u017cy i kontener\u00f3w biurowych i wiat\",\"url\":\"https:\/\/garazyki.pl\/de\/\",\"logo\":{\"@type\":\"ImageObject\",\"inLanguage\":\"de\",\"@id\":\"https:\/\/garazyki.pl\/de\/#\/schema\/logo\/image\/\",\"url\":\"https:\/\/garazyki.pl\/wp-content\/uploads\/2022\/02\/logo_garazyki_pl.png\",\"contentUrl\":\"https:\/\/garazyki.pl\/wp-content\/uploads\/2022\/02\/logo_garazyki_pl.png\",\"width\":120,\"height\":64,\"caption\":\"Garazyki.pl Producent gara\u017cy i kontener\u00f3w biurowych i wiat\"},\"image\":{\"@id\":\"https:\/\/garazyki.pl\/de\/#\/schema\/logo\/image\/\"},\"sameAs\":[\"https:\/\/www.facebook.com\/garazyki\",\"https:\/\/www.instagram.com\/garazyki.pl\/\",\"https:\/\/www.linkedin.com\/company\/alicja-garazyki\/\"]}]}<\/script>\n<!-- \/ Yoast SEO plugin. -->","yoast_head_json":{"title":"Garage 10x6 gr\u00fcn-Kirsche mit Windabweiser - Producent kontener\u00f3w biurowych, wiat \u015bmietnikowych, gara\u017ce z p\u0142ty warstwowej","robots":{"index":"index","follow":"follow","max-snippet":"max-snippet:-1","max-image-preview":"max-image-preview:large","max-video-preview":"max-video-preview:-1"},"canonical":"https:\/\/garazyki.pl\/de\/producent\/blechgaragen\/garagen-mit-beschichtung\/garage-10x6-grun-kirsche-mit-windabweiser\/","og_locale":"de_DE","og_type":"article","og_title":"Garage 10x6 gr\u00fcn-Kirsche mit Windabweiser - Producent kontener\u00f3w biurowych, wiat \u015bmietnikowych, gara\u017ce z p\u0142ty warstwowej","og_description":"Die Konstruktion der Garage 10 x 6 besteht aus kaltgeformten Winkeln, die mit Grundierung und Decklack lackiert sind. Die Garagenummantelung besteht aus einer trapezf\u00f6rmigen Blech, die mit mattem Kirschbaum (RAL3011 MAT) und mattem Gr\u00fcn (RAL6020 MAT) beschichtet sind. Gr\u00fcnes Trapezblech\u00a0 T12 an den W\u00e4nden, kirschfarbenes Trapezblech T18 auf dem Dach. In der Garage sind zwei [&hellip;]","og_url":"https:\/\/garazyki.pl\/de\/producent\/blechgaragen\/garagen-mit-beschichtung\/garage-10x6-grun-kirsche-mit-windabweiser\/","og_site_name":"Producent kontener\u00f3w biurowych, wiat \u015bmietnikowych, gara\u017ce z p\u0142ty warstwowej","article_publisher":"https:\/\/www.facebook.com\/garazyki","og_image":[{"width":740,"height":520,"url":"https:\/\/garazyki.pl\/wp-content\/uploads\/2022\/01\/0Garaz_10x6_zielen-wisnia_z_wiatrownica__1_.jpg","type":"image\/jpeg"}],"twitter_card":"summary_large_image","twitter_misc":{"Gesch\u00e4tzte Lesezeit":"1\u00a0Minute"},"schema":{"@context":"https:\/\/schema.org","@graph":[{"@type":"WebPage","@id":"https:\/\/garazyki.pl\/de\/producent\/blechgaragen\/garagen-mit-beschichtung\/garage-10x6-grun-kirsche-mit-windabweiser\/","url":"https:\/\/garazyki.pl\/de\/producent\/blechgaragen\/garagen-mit-beschichtung\/garage-10x6-grun-kirsche-mit-windabweiser\/","name":"Garage 10x6 gr\u00fcn-Kirsche mit Windabweiser - Producent kontener\u00f3w biurowych, wiat \u015bmietnikowych, gara\u017ce z p\u0142ty warstwowej","isPartOf":{"@id":"https:\/\/garazyki.pl\/de\/#website"},"primaryImageOfPage":{"@id":"https:\/\/garazyki.pl\/de\/producent\/blechgaragen\/garagen-mit-beschichtung\/garage-10x6-grun-kirsche-mit-windabweiser\/#primaryimage"},"image":{"@id":"https:\/\/garazyki.pl\/de\/producent\/blechgaragen\/garagen-mit-beschichtung\/garage-10x6-grun-kirsche-mit-windabweiser\/#primaryimage"},"thumbnailUrl":"https:\/\/garazyki.pl\/wp-content\/uploads\/2022\/01\/0Garaz_10x6_zielen-wisnia_z_wiatrownica__1_.jpg","datePublished":"2022-01-09T12:17:17+00:00","breadcrumb":{"@id":"https:\/\/garazyki.pl\/de\/producent\/blechgaragen\/garagen-mit-beschichtung\/garage-10x6-grun-kirsche-mit-windabweiser\/#breadcrumb"},"inLanguage":"de","potentialAction":[{"@type":"ReadAction","target":["https:\/\/garazyki.pl\/de\/producent\/blechgaragen\/garagen-mit-beschichtung\/garage-10x6-grun-kirsche-mit-windabweiser\/"]}]},{"@type":"ImageObject","inLanguage":"de","@id":"https:\/\/garazyki.pl\/de\/producent\/blechgaragen\/garagen-mit-beschichtung\/garage-10x6-grun-kirsche-mit-windabweiser\/#primaryimage","url":"https:\/\/garazyki.pl\/wp-content\/uploads\/2022\/01\/0Garaz_10x6_zielen-wisnia_z_wiatrownica__1_.jpg","contentUrl":"https:\/\/garazyki.pl\/wp-content\/uploads\/2022\/01\/0Garaz_10x6_zielen-wisnia_z_wiatrownica__1_.jpg","width":740,"height":520},{"@type":"BreadcrumbList","@id":"https:\/\/garazyki.pl\/de\/producent\/blechgaragen\/garagen-mit-beschichtung\/garage-10x6-grun-kirsche-mit-windabweiser\/#breadcrumb","itemListElement":[{"@type":"ListItem","position":1,"name":"Strona g\u0142\u00f3wna","item":"https:\/\/garazyki.pl\/de\/"},{"@type":"ListItem","position":2,"name":"Produkte","item":"https:\/\/garazyki.pl\/de\/shop\/"},{"@type":"ListItem","position":3,"name":"Garage 10&#215;6 gr\u00fcn-Kirsche mit Windabweiser"}]},{"@type":"WebSite","@id":"https:\/\/garazyki.pl\/de\/#website","url":"https:\/\/garazyki.pl\/de\/","name":"Producent kontener\u00f3w biurowych, wiat \u015bmietnikowych, gara\u017ce z p\u0142ty warstwowej","description":"Kontenery biurowe, wiaty \u015bmietnikowe, hale, gara\u017ce blaszane od producenta.","publisher":{"@id":"https:\/\/garazyki.pl\/de\/#organization"},"potentialAction":[{"@type":"SearchAction","target":{"@type":"EntryPoint","urlTemplate":"https:\/\/garazyki.pl\/de\/?s={search_term_string}"},"query-input":{"@type":"PropertyValueSpecification","valueRequired":true,"valueName":"search_term_string"}}],"inLanguage":"de"},{"@type":"Organization","@id":"https:\/\/garazyki.pl\/de\/#organization","name":"Garazyki.pl Producent gara\u017cy i kontener\u00f3w biurowych i wiat","url":"https:\/\/garazyki.pl\/de\/","logo":{"@type":"ImageObject","inLanguage":"de","@id":"https:\/\/garazyki.pl\/de\/#\/schema\/logo\/image\/","url":"https:\/\/garazyki.pl\/wp-content\/uploads\/2022\/02\/logo_garazyki_pl.png","contentUrl":"https:\/\/garazyki.pl\/wp-content\/uploads\/2022\/02\/logo_garazyki_pl.png","width":120,"height":64,"caption":"Garazyki.pl Producent gara\u017cy i kontener\u00f3w biurowych i wiat"},"image":{"@id":"https:\/\/garazyki.pl\/de\/#\/schema\/logo\/image\/"},"sameAs":["https:\/\/www.facebook.com\/garazyki","https:\/\/www.instagram.com\/garazyki.pl\/","https:\/\/www.linkedin.com\/company\/alicja-garazyki\/"]}]}},"_links":{"self":[{"href":"https:\/\/garazyki.pl\/de\/wp-json\/wp\/v2\/product\/104983","targetHints":{"allow":["GET"]}}],"collection":[{"href":"https:\/\/garazyki.pl\/de\/wp-json\/wp\/v2\/product"}],"about":[{"href":"https:\/\/garazyki.pl\/de\/wp-json\/wp\/v2\/types\/product"}],"replies":[{"embeddable":true,"href":"https:\/\/garazyki.pl\/de\/wp-json\/wp\/v2\/comments?post=104983"}],"wp:featuredmedia":[{"embeddable":true,"href":"https:\/\/garazyki.pl\/de\/wp-json\/wp\/v2\/media\/103309"}],"wp:attachment":[{"href":"https:\/\/garazyki.pl\/de\/wp-json\/wp\/v2\/media?parent=104983"}],"wp:term":[{"taxonomy":"product_brand","embeddable":true,"href":"https:\/\/garazyki.pl\/de\/wp-json\/wp\/v2\/product_brand?post=104983"},{"taxonomy":"product_cat","embeddable":true,"href":"https:\/\/garazyki.pl\/de\/wp-json\/wp\/v2\/product_cat?post=104983"},{"taxonomy":"product_tag","embeddable":true,"href":"https:\/\/garazyki.pl\/de\/wp-json\/wp\/v2\/product_tag?post=104983"}],"curies":[{"name":"wp","href":"https:\/\/api.w.org\/{rel}","templated":true}]}}