{"id":104962,"date":"2022-01-08T12:22:32","date_gmt":"2022-01-08T11:22:32","guid":{"rendered":"https:\/\/garazyki.pl\/producent\/uncategorized\/8x6-garage-mit-seitlicher-dachneigung\/"},"modified":"2022-01-08T12:22:32","modified_gmt":"2022-01-08T11:22:32","slug":"8x6-garage-mit-seitlicher-dachneigung","status":"publish","type":"product","link":"https:\/\/garazyki.pl\/de\/producent\/blechgaragen\/blechgaragen-de-2\/8x6-garage-mit-seitlicher-dachneigung\/","title":{"rendered":"8&#215;6-GARAGE MIT SEITLICHER DACHNEIGUNG"},"content":{"rendered":"<p lang=\"\"><span style=\"font-family: Arial, sans-serif;\"><span style=\"font-size: medium;\">Doppel-Blechgarage mit einer Breite von 8 m und einer Tiefe von 6 m. Die Konstruktion wird auf Basis von Profilen und Trapezblech hergestellt. Gleiche Blechl\u00e4nge f\u00fcr gesamtes Dach. Die Standardvariante weist eine zur Seite abfallende Dachneigung auf. Dies kann auf Wunsch ge\u00e4ndert werden.\u00a0<\/span><\/span><\/p>\n<p lang=\"\">\n<p lang=\"\"><span style=\"color: #49545a;\"><span style=\"font-family: Arial, sans-serif;\"><span style=\"font-size: medium;\"><b>Merkmale der Garage:<\/b><\/span><\/span><\/span><\/p>\n<ul>\n<li style=\"list-style-type: none;\">\n<ul>\n<li>\n<p lang=\"\"><span style=\"color: #49545a;\"><span style=\"font-family: Arial, sans-serif;\"><span style=\"font-size: medium;\">Zwei Doppelfl\u00fcgeltore<\/span><\/span><\/span><\/p>\n<\/li>\n<li>\n<p lang=\"\"><span style=\"color: #49545a;\"><span style=\"font-family: Arial, sans-serif;\"><span style=\"font-size: medium;\">Zwei Schlossdummies mit Bolzen<\/span><\/span><\/span><\/p>\n<\/li>\n<li>\n<p lang=\"\"><span style=\"color: #49545a;\"><span style=\"font-family: Arial, sans-serif;\"><span style=\"font-size: medium;\">Dach mit einer zur Seite abfallenden Neigung (3,00\/2,70)<\/span><\/span><\/span><\/p>\n<\/li>\n<li>\n<p lang=\"\"><span style=\"color: #49545a;\"><span style=\"font-family: Arial, sans-serif;\"><span style=\"font-size: medium;\">Gleiche Blechl\u00e4nge f\u00fcr gesamtes Dach, T 18-Blech<\/span><\/span><\/span><\/p>\n<\/li>\n<li>\n<p lang=\"\"><span style=\"color: #49545a;\"><span style=\"font-family: Arial, sans-serif;\"><span style=\"font-size: medium;\">T 12-Blech an den W\u00e4nden und T\u00fcren<\/span><\/span><\/span><\/p>\n<\/li>\n<li>\n<p lang=\"\"><span style=\"color: #49545a;\"><span style=\"font-family: Arial, sans-serif;\"><span style=\"font-size: medium;\">Befestigung des Blechs an der Konstruktion mittels Aluminiumnieten<\/span><\/span><\/span><\/p>\n<\/li>\n<li>\n<p lang=\"\"><span style=\"color: #49545a;\"><span style=\"font-family: Arial, sans-serif;\"><span style=\"font-size: medium;\">feuerverzinktes Blech mit einer Dicke von 0,5 mm, 1 Gattung<\/span><\/span><\/span><\/p>\n<\/li>\n<\/ul>\n<\/li>\n<\/ul>\n","protected":false},"excerpt":{"rendered":"<p>Doppel-Blechgarage mit einer Breite von 8 m und einer Tiefe von 6 m. Die Konstruktion wird auf Basis von Profilen und Trapezblech hergestellt. Gleiche Blechl\u00e4nge f\u00fcr gesamtes Dach. Die Standardvariante weist eine zur Seite abfallende Dachneigung auf. Dies kann auf Wunsch ge\u00e4ndert werden.\u00a0 Merkmale der Garage: Zwei Doppelfl\u00fcgeltore Zwei Schlossdummies mit Bolzen Dach mit einer [&hellip;]<\/p>\n","protected":false},"featured_media":103169,"comment_status":"open","ping_status":"closed","template":"","meta":{"_et_pb_use_builder":"","_et_pb_old_content":"","_et_gb_content_width":""},"product_brand":[],"product_cat":[88],"product_tag":[],"class_list":{"0":"post-104962","1":"product","2":"type-product","3":"status-publish","4":"has-post-thumbnail","6":"product_cat-blechgaragen-de-2","8":"first","9":"instock","10":"taxable","11":"shipping-taxable","12":"purchasable","13":"product-type-simple"},"yoast_head":"<!-- This site is optimized with the Yoast SEO plugin v27.0 - https:\/\/yoast.com\/product\/yoast-seo-wordpress\/ -->\n<title>8x6-GARAGE MIT SEITLICHER DACHNEIGUNG - Producent kontener\u00f3w biurowych, wiat \u015bmietnikowych, gara\u017ce z p\u0142ty warstwowej<\/title>\n<meta name=\"robots\" content=\"index, follow, max-snippet:-1, max-image-preview:large, max-video-preview:-1\" \/>\n<link rel=\"canonical\" href=\"https:\/\/garazyki.pl\/de\/producent\/blechgaragen\/blechgaragen-de-2\/8x6-garage-mit-seitlicher-dachneigung\/\" \/>\n<meta property=\"og:locale\" content=\"de_DE\" \/>\n<meta property=\"og:type\" content=\"article\" \/>\n<meta property=\"og:title\" content=\"8x6-GARAGE MIT SEITLICHER DACHNEIGUNG - Producent kontener\u00f3w biurowych, wiat \u015bmietnikowych, gara\u017ce z p\u0142ty warstwowej\" \/>\n<meta property=\"og:description\" content=\"Doppel-Blechgarage mit einer Breite von 8 m und einer Tiefe von 6 m. Die Konstruktion wird auf Basis von Profilen und Trapezblech hergestellt. Gleiche Blechl\u00e4nge f\u00fcr gesamtes Dach. Die Standardvariante weist eine zur Seite abfallende Dachneigung auf. Dies kann auf Wunsch ge\u00e4ndert werden.\u00a0 Merkmale der Garage: Zwei Doppelfl\u00fcgeltore Zwei Schlossdummies mit Bolzen Dach mit einer [&hellip;]\" \/>\n<meta property=\"og:url\" content=\"https:\/\/garazyki.pl\/de\/producent\/blechgaragen\/blechgaragen-de-2\/8x6-garage-mit-seitlicher-dachneigung\/\" \/>\n<meta property=\"og:site_name\" content=\"Producent kontener\u00f3w biurowych, wiat \u015bmietnikowych, gara\u017ce z p\u0142ty warstwowej\" \/>\n<meta property=\"article:publisher\" content=\"https:\/\/www.facebook.com\/garazyki\" \/>\n<meta property=\"og:image\" content=\"https:\/\/garazyki.pl\/wp-content\/uploads\/2022\/01\/0Garaz_blaszany_8x6_spad_na_bok___1_.jpg\" \/>\n\t<meta property=\"og:image:width\" content=\"740\" \/>\n\t<meta property=\"og:image:height\" content=\"520\" \/>\n\t<meta property=\"og:image:type\" content=\"image\/jpeg\" \/>\n<meta name=\"twitter:card\" content=\"summary_large_image\" \/>\n<script type=\"application\/ld+json\" class=\"yoast-schema-graph\">{\"@context\":\"https:\/\/schema.org\",\"@graph\":[{\"@type\":\"WebPage\",\"@id\":\"https:\/\/garazyki.pl\/de\/producent\/blechgaragen\/blechgaragen-de-2\/8x6-garage-mit-seitlicher-dachneigung\/\",\"url\":\"https:\/\/garazyki.pl\/de\/producent\/blechgaragen\/blechgaragen-de-2\/8x6-garage-mit-seitlicher-dachneigung\/\",\"name\":\"8x6-GARAGE MIT SEITLICHER DACHNEIGUNG - Producent kontener\u00f3w biurowych, wiat \u015bmietnikowych, gara\u017ce z p\u0142ty warstwowej\",\"isPartOf\":{\"@id\":\"https:\/\/garazyki.pl\/de\/#website\"},\"primaryImageOfPage\":{\"@id\":\"https:\/\/garazyki.pl\/de\/producent\/blechgaragen\/blechgaragen-de-2\/8x6-garage-mit-seitlicher-dachneigung\/#primaryimage\"},\"image\":{\"@id\":\"https:\/\/garazyki.pl\/de\/producent\/blechgaragen\/blechgaragen-de-2\/8x6-garage-mit-seitlicher-dachneigung\/#primaryimage\"},\"thumbnailUrl\":\"https:\/\/garazyki.pl\/wp-content\/uploads\/2022\/01\/0Garaz_blaszany_8x6_spad_na_bok___1_.jpg\",\"datePublished\":\"2022-01-08T11:22:32+00:00\",\"breadcrumb\":{\"@id\":\"https:\/\/garazyki.pl\/de\/producent\/blechgaragen\/blechgaragen-de-2\/8x6-garage-mit-seitlicher-dachneigung\/#breadcrumb\"},\"inLanguage\":\"de\",\"potentialAction\":[{\"@type\":\"ReadAction\",\"target\":[\"https:\/\/garazyki.pl\/de\/producent\/blechgaragen\/blechgaragen-de-2\/8x6-garage-mit-seitlicher-dachneigung\/\"]}]},{\"@type\":\"ImageObject\",\"inLanguage\":\"de\",\"@id\":\"https:\/\/garazyki.pl\/de\/producent\/blechgaragen\/blechgaragen-de-2\/8x6-garage-mit-seitlicher-dachneigung\/#primaryimage\",\"url\":\"https:\/\/garazyki.pl\/wp-content\/uploads\/2022\/01\/0Garaz_blaszany_8x6_spad_na_bok___1_.jpg\",\"contentUrl\":\"https:\/\/garazyki.pl\/wp-content\/uploads\/2022\/01\/0Garaz_blaszany_8x6_spad_na_bok___1_.jpg\",\"width\":740,\"height\":520,\"caption\":\"Podw\u00f3jny gara\u017c blaszany spad na bok 8x6\"},{\"@type\":\"BreadcrumbList\",\"@id\":\"https:\/\/garazyki.pl\/de\/producent\/blechgaragen\/blechgaragen-de-2\/8x6-garage-mit-seitlicher-dachneigung\/#breadcrumb\",\"itemListElement\":[{\"@type\":\"ListItem\",\"position\":1,\"name\":\"Strona g\u0142\u00f3wna\",\"item\":\"https:\/\/garazyki.pl\/de\/\"},{\"@type\":\"ListItem\",\"position\":2,\"name\":\"Produkte\",\"item\":\"https:\/\/garazyki.pl\/de\/shop\/\"},{\"@type\":\"ListItem\",\"position\":3,\"name\":\"8&#215;6-GARAGE MIT SEITLICHER DACHNEIGUNG\"}]},{\"@type\":\"WebSite\",\"@id\":\"https:\/\/garazyki.pl\/de\/#website\",\"url\":\"https:\/\/garazyki.pl\/de\/\",\"name\":\"Producent kontener\u00f3w biurowych, wiat \u015bmietnikowych, gara\u017ce z p\u0142ty warstwowej\",\"description\":\"Kontenery biurowe, wiaty \u015bmietnikowe, hale, gara\u017ce blaszane od producenta.\",\"publisher\":{\"@id\":\"https:\/\/garazyki.pl\/de\/#organization\"},\"potentialAction\":[{\"@type\":\"SearchAction\",\"target\":{\"@type\":\"EntryPoint\",\"urlTemplate\":\"https:\/\/garazyki.pl\/de\/?s={search_term_string}\"},\"query-input\":{\"@type\":\"PropertyValueSpecification\",\"valueRequired\":true,\"valueName\":\"search_term_string\"}}],\"inLanguage\":\"de\"},{\"@type\":\"Organization\",\"@id\":\"https:\/\/garazyki.pl\/de\/#organization\",\"name\":\"Garazyki.pl Producent gara\u017cy i kontener\u00f3w biurowych i wiat\",\"url\":\"https:\/\/garazyki.pl\/de\/\",\"logo\":{\"@type\":\"ImageObject\",\"inLanguage\":\"de\",\"@id\":\"https:\/\/garazyki.pl\/de\/#\/schema\/logo\/image\/\",\"url\":\"https:\/\/garazyki.pl\/wp-content\/uploads\/2022\/02\/logo_garazyki_pl.png\",\"contentUrl\":\"https:\/\/garazyki.pl\/wp-content\/uploads\/2022\/02\/logo_garazyki_pl.png\",\"width\":120,\"height\":64,\"caption\":\"Garazyki.pl Producent gara\u017cy i kontener\u00f3w biurowych i wiat\"},\"image\":{\"@id\":\"https:\/\/garazyki.pl\/de\/#\/schema\/logo\/image\/\"},\"sameAs\":[\"https:\/\/www.facebook.com\/garazyki\",\"https:\/\/www.instagram.com\/garazyki.pl\/\",\"https:\/\/www.linkedin.com\/company\/alicja-garazyki\/\"]}]}<\/script>\n<!-- \/ Yoast SEO plugin. -->","yoast_head_json":{"title":"8x6-GARAGE MIT SEITLICHER DACHNEIGUNG - Producent kontener\u00f3w biurowych, wiat \u015bmietnikowych, gara\u017ce z p\u0142ty warstwowej","robots":{"index":"index","follow":"follow","max-snippet":"max-snippet:-1","max-image-preview":"max-image-preview:large","max-video-preview":"max-video-preview:-1"},"canonical":"https:\/\/garazyki.pl\/de\/producent\/blechgaragen\/blechgaragen-de-2\/8x6-garage-mit-seitlicher-dachneigung\/","og_locale":"de_DE","og_type":"article","og_title":"8x6-GARAGE MIT SEITLICHER DACHNEIGUNG - Producent kontener\u00f3w biurowych, wiat \u015bmietnikowych, gara\u017ce z p\u0142ty warstwowej","og_description":"Doppel-Blechgarage mit einer Breite von 8 m und einer Tiefe von 6 m. Die Konstruktion wird auf Basis von Profilen und Trapezblech hergestellt. Gleiche Blechl\u00e4nge f\u00fcr gesamtes Dach. Die Standardvariante weist eine zur Seite abfallende Dachneigung auf. Dies kann auf Wunsch ge\u00e4ndert werden.\u00a0 Merkmale der Garage: Zwei Doppelfl\u00fcgeltore Zwei Schlossdummies mit Bolzen Dach mit einer [&hellip;]","og_url":"https:\/\/garazyki.pl\/de\/producent\/blechgaragen\/blechgaragen-de-2\/8x6-garage-mit-seitlicher-dachneigung\/","og_site_name":"Producent kontener\u00f3w biurowych, wiat \u015bmietnikowych, gara\u017ce z p\u0142ty warstwowej","article_publisher":"https:\/\/www.facebook.com\/garazyki","og_image":[{"width":740,"height":520,"url":"https:\/\/garazyki.pl\/wp-content\/uploads\/2022\/01\/0Garaz_blaszany_8x6_spad_na_bok___1_.jpg","type":"image\/jpeg"}],"twitter_card":"summary_large_image","schema":{"@context":"https:\/\/schema.org","@graph":[{"@type":"WebPage","@id":"https:\/\/garazyki.pl\/de\/producent\/blechgaragen\/blechgaragen-de-2\/8x6-garage-mit-seitlicher-dachneigung\/","url":"https:\/\/garazyki.pl\/de\/producent\/blechgaragen\/blechgaragen-de-2\/8x6-garage-mit-seitlicher-dachneigung\/","name":"8x6-GARAGE MIT SEITLICHER DACHNEIGUNG - Producent kontener\u00f3w biurowych, wiat \u015bmietnikowych, gara\u017ce z p\u0142ty warstwowej","isPartOf":{"@id":"https:\/\/garazyki.pl\/de\/#website"},"primaryImageOfPage":{"@id":"https:\/\/garazyki.pl\/de\/producent\/blechgaragen\/blechgaragen-de-2\/8x6-garage-mit-seitlicher-dachneigung\/#primaryimage"},"image":{"@id":"https:\/\/garazyki.pl\/de\/producent\/blechgaragen\/blechgaragen-de-2\/8x6-garage-mit-seitlicher-dachneigung\/#primaryimage"},"thumbnailUrl":"https:\/\/garazyki.pl\/wp-content\/uploads\/2022\/01\/0Garaz_blaszany_8x6_spad_na_bok___1_.jpg","datePublished":"2022-01-08T11:22:32+00:00","breadcrumb":{"@id":"https:\/\/garazyki.pl\/de\/producent\/blechgaragen\/blechgaragen-de-2\/8x6-garage-mit-seitlicher-dachneigung\/#breadcrumb"},"inLanguage":"de","potentialAction":[{"@type":"ReadAction","target":["https:\/\/garazyki.pl\/de\/producent\/blechgaragen\/blechgaragen-de-2\/8x6-garage-mit-seitlicher-dachneigung\/"]}]},{"@type":"ImageObject","inLanguage":"de","@id":"https:\/\/garazyki.pl\/de\/producent\/blechgaragen\/blechgaragen-de-2\/8x6-garage-mit-seitlicher-dachneigung\/#primaryimage","url":"https:\/\/garazyki.pl\/wp-content\/uploads\/2022\/01\/0Garaz_blaszany_8x6_spad_na_bok___1_.jpg","contentUrl":"https:\/\/garazyki.pl\/wp-content\/uploads\/2022\/01\/0Garaz_blaszany_8x6_spad_na_bok___1_.jpg","width":740,"height":520,"caption":"Podw\u00f3jny gara\u017c blaszany spad na bok 8x6"},{"@type":"BreadcrumbList","@id":"https:\/\/garazyki.pl\/de\/producent\/blechgaragen\/blechgaragen-de-2\/8x6-garage-mit-seitlicher-dachneigung\/#breadcrumb","itemListElement":[{"@type":"ListItem","position":1,"name":"Strona g\u0142\u00f3wna","item":"https:\/\/garazyki.pl\/de\/"},{"@type":"ListItem","position":2,"name":"Produkte","item":"https:\/\/garazyki.pl\/de\/shop\/"},{"@type":"ListItem","position":3,"name":"8&#215;6-GARAGE MIT SEITLICHER DACHNEIGUNG"}]},{"@type":"WebSite","@id":"https:\/\/garazyki.pl\/de\/#website","url":"https:\/\/garazyki.pl\/de\/","name":"Producent kontener\u00f3w biurowych, wiat \u015bmietnikowych, gara\u017ce z p\u0142ty warstwowej","description":"Kontenery biurowe, wiaty \u015bmietnikowe, hale, gara\u017ce blaszane od producenta.","publisher":{"@id":"https:\/\/garazyki.pl\/de\/#organization"},"potentialAction":[{"@type":"SearchAction","target":{"@type":"EntryPoint","urlTemplate":"https:\/\/garazyki.pl\/de\/?s={search_term_string}"},"query-input":{"@type":"PropertyValueSpecification","valueRequired":true,"valueName":"search_term_string"}}],"inLanguage":"de"},{"@type":"Organization","@id":"https:\/\/garazyki.pl\/de\/#organization","name":"Garazyki.pl Producent gara\u017cy i kontener\u00f3w biurowych i wiat","url":"https:\/\/garazyki.pl\/de\/","logo":{"@type":"ImageObject","inLanguage":"de","@id":"https:\/\/garazyki.pl\/de\/#\/schema\/logo\/image\/","url":"https:\/\/garazyki.pl\/wp-content\/uploads\/2022\/02\/logo_garazyki_pl.png","contentUrl":"https:\/\/garazyki.pl\/wp-content\/uploads\/2022\/02\/logo_garazyki_pl.png","width":120,"height":64,"caption":"Garazyki.pl Producent gara\u017cy i kontener\u00f3w biurowych i wiat"},"image":{"@id":"https:\/\/garazyki.pl\/de\/#\/schema\/logo\/image\/"},"sameAs":["https:\/\/www.facebook.com\/garazyki","https:\/\/www.instagram.com\/garazyki.pl\/","https:\/\/www.linkedin.com\/company\/alicja-garazyki\/"]}]}},"_links":{"self":[{"href":"https:\/\/garazyki.pl\/de\/wp-json\/wp\/v2\/product\/104962","targetHints":{"allow":["GET"]}}],"collection":[{"href":"https:\/\/garazyki.pl\/de\/wp-json\/wp\/v2\/product"}],"about":[{"href":"https:\/\/garazyki.pl\/de\/wp-json\/wp\/v2\/types\/product"}],"replies":[{"embeddable":true,"href":"https:\/\/garazyki.pl\/de\/wp-json\/wp\/v2\/comments?post=104962"}],"wp:featuredmedia":[{"embeddable":true,"href":"https:\/\/garazyki.pl\/de\/wp-json\/wp\/v2\/media\/103169"}],"wp:attachment":[{"href":"https:\/\/garazyki.pl\/de\/wp-json\/wp\/v2\/media?parent=104962"}],"wp:term":[{"taxonomy":"product_brand","embeddable":true,"href":"https:\/\/garazyki.pl\/de\/wp-json\/wp\/v2\/product_brand?post=104962"},{"taxonomy":"product_cat","embeddable":true,"href":"https:\/\/garazyki.pl\/de\/wp-json\/wp\/v2\/product_cat?post=104962"},{"taxonomy":"product_tag","embeddable":true,"href":"https:\/\/garazyki.pl\/de\/wp-json\/wp\/v2\/product_tag?post=104962"}],"curies":[{"name":"wp","href":"https:\/\/api.w.org\/{rel}","templated":true}]}}