{"id":105161,"date":"2022-01-30T13:27:46","date_gmt":"2022-01-30T12:27:46","guid":{"rendered":"https:\/\/garazyki.pl\/preisliste\/"},"modified":"2022-01-30T13:27:46","modified_gmt":"2022-01-30T12:27:46","slug":"preisliste","status":"publish","type":"page","link":"https:\/\/garazyki.pl\/de\/preisliste\/","title":{"rendered":"Preisliste"},"content":{"rendered":"<div>\n<p>Die Preislisten der von uns angebotenen Metall-Garagensind den zum Download stehenden pdf-Dateien zu entnehmen. Es handelt sich dabei um Dokumente, die mit Adobe Readerge\u00f6ffnet werden k\u00f6nnen.<br \/>\nSollten Sie jegliche Probleme beim \u00d6ffnen einer der Dateien haben, k\u00f6nnen wir Ihnen selbstverst\u00e4ndlich die Dateien in einem anderen Format \u00fcber eine E-Mail zukommen lassen.<\/p>\n<\/div>\n<div><img loading=\"lazy\" decoding=\"async\" class=\"aligncenter\" src=\"https:\/\/garazyki.pl\/jpg\/fotocennik.JPG\" alt=\"gara\u017c br\u0105zowy blaszany\" width=\"217\" height=\"166\" border=\"0\" \/><\/div>\n<div>\n<p>Alle \u00c4nderungen, die unseren Preislisten nicht zu entnehmen sind bzw. \u00c4nderungen in folge von individueller Kundenw\u00fcnsche k\u00f6nnen telefonisch vereinbart und bepreist werden:<\/p>\n<p>B\u00fcro: +48 58 535-15-96 (7.00-15.00 Uhr)<\/p>\n<\/div>\n","protected":false},"excerpt":{"rendered":"<p>Die Preislisten der von uns angebotenen Metall-Garagensind den zum Download stehenden pdf-Dateien zu entnehmen. Es handelt sich dabei um Dokumente, die mit Adobe Readerge\u00f6ffnet werden k\u00f6nnen. Sollten Sie jegliche Probleme beim \u00d6ffnen einer der Dateien haben, k\u00f6nnen wir Ihnen selbstverst\u00e4ndlich die Dateien in einem anderen Format \u00fcber eine E-Mail zukommen lassen. Alle \u00c4nderungen, die unseren Preislisten nicht zu entnehmen sind bzw. \u00c4nderungen in folge von individueller Kundenw\u00fcnsche k\u00f6nnen telefonisch vereinbart und bepreist werden: B\u00fcro: +48 58 535-15-96 (7.00-15.00 Uhr)<\/p>\n","protected":false},"author":1,"featured_media":0,"parent":0,"menu_order":0,"comment_status":"closed","ping_status":"closed","template":"","meta":{"_et_pb_use_builder":"on","_et_pb_old_content":"","_et_gb_content_width":"","footnotes":""},"class_list":["post-105161","page","type-page","status-publish","hentry"],"yoast_head":"<!-- This site is optimized with the Yoast SEO plugin v27.0 - https:\/\/yoast.com\/product\/yoast-seo-wordpress\/ -->\n<title>Preisliste - Producent kontener\u00f3w biurowych, wiat \u015bmietnikowych, gara\u017ce z p\u0142ty warstwowej<\/title>\n<meta name=\"robots\" content=\"index, follow, max-snippet:-1, max-image-preview:large, max-video-preview:-1\" \/>\n<link rel=\"canonical\" href=\"https:\/\/garazyki.pl\/de\/preisliste\/\" \/>\n<meta property=\"og:locale\" content=\"de_DE\" \/>\n<meta property=\"og:type\" content=\"article\" \/>\n<meta property=\"og:title\" content=\"Preisliste - Producent kontener\u00f3w biurowych, wiat \u015bmietnikowych, gara\u017ce z p\u0142ty warstwowej\" \/>\n<meta property=\"og:description\" content=\"Die Preislisten der von uns angebotenen Metall-Garagensind den zum Download stehenden pdf-Dateien zu entnehmen. Es handelt sich dabei um Dokumente, die mit Adobe Readerge\u00f6ffnet werden k\u00f6nnen. Sollten Sie jegliche Probleme beim \u00d6ffnen einer der Dateien haben, k\u00f6nnen wir Ihnen selbstverst\u00e4ndlich die Dateien in einem anderen Format \u00fcber eine E-Mail zukommen lassen. Alle \u00c4nderungen, die unseren Preislisten nicht zu entnehmen sind bzw. \u00c4nderungen in folge von individueller Kundenw\u00fcnsche k\u00f6nnen telefonisch vereinbart und bepreist werden: B\u00fcro: +48 58 535-15-96 (7.00-15.00 Uhr)\" \/>\n<meta property=\"og:url\" content=\"https:\/\/garazyki.pl\/de\/preisliste\/\" \/>\n<meta property=\"og:site_name\" content=\"Producent kontener\u00f3w biurowych, wiat \u015bmietnikowych, gara\u017ce z p\u0142ty warstwowej\" \/>\n<meta property=\"article:publisher\" content=\"https:\/\/www.facebook.com\/garazyki\" \/>\n<meta property=\"og:image\" content=\"https:\/\/garazyki.pl\/jpg\/fotocennik.JPG\" \/>\n<meta name=\"twitter:card\" content=\"summary_large_image\" \/>\n<script type=\"application\/ld+json\" class=\"yoast-schema-graph\">{\"@context\":\"https:\/\/schema.org\",\"@graph\":[{\"@type\":\"WebPage\",\"@id\":\"https:\/\/garazyki.pl\/de\/preisliste\/\",\"url\":\"https:\/\/garazyki.pl\/de\/preisliste\/\",\"name\":\"Preisliste - Producent kontener\u00f3w biurowych, wiat \u015bmietnikowych, gara\u017ce z p\u0142ty warstwowej\",\"isPartOf\":{\"@id\":\"https:\/\/garazyki.pl\/de\/#website\"},\"primaryImageOfPage\":{\"@id\":\"https:\/\/garazyki.pl\/de\/preisliste\/#primaryimage\"},\"image\":{\"@id\":\"https:\/\/garazyki.pl\/de\/preisliste\/#primaryimage\"},\"thumbnailUrl\":\"https:\/\/garazyki.pl\/jpg\/fotocennik.JPG\",\"datePublished\":\"2022-01-30T12:27:46+00:00\",\"breadcrumb\":{\"@id\":\"https:\/\/garazyki.pl\/de\/preisliste\/#breadcrumb\"},\"inLanguage\":\"de\",\"potentialAction\":[{\"@type\":\"ReadAction\",\"target\":[\"https:\/\/garazyki.pl\/de\/preisliste\/\"]}]},{\"@type\":\"ImageObject\",\"inLanguage\":\"de\",\"@id\":\"https:\/\/garazyki.pl\/de\/preisliste\/#primaryimage\",\"url\":\"https:\/\/garazyki.pl\/jpg\/fotocennik.JPG\",\"contentUrl\":\"https:\/\/garazyki.pl\/jpg\/fotocennik.JPG\"},{\"@type\":\"BreadcrumbList\",\"@id\":\"https:\/\/garazyki.pl\/de\/preisliste\/#breadcrumb\",\"itemListElement\":[{\"@type\":\"ListItem\",\"position\":1,\"name\":\"Strona g\u0142\u00f3wna\",\"item\":\"https:\/\/garazyki.pl\/de\/\"},{\"@type\":\"ListItem\",\"position\":2,\"name\":\"Preisliste\"}]},{\"@type\":\"WebSite\",\"@id\":\"https:\/\/garazyki.pl\/de\/#website\",\"url\":\"https:\/\/garazyki.pl\/de\/\",\"name\":\"Producent kontener\u00f3w biurowych, wiat \u015bmietnikowych, gara\u017ce z p\u0142ty warstwowej\",\"description\":\"Kontenery biurowe, wiaty \u015bmietnikowe, hale, gara\u017ce blaszane od producenta.\",\"publisher\":{\"@id\":\"https:\/\/garazyki.pl\/de\/#organization\"},\"potentialAction\":[{\"@type\":\"SearchAction\",\"target\":{\"@type\":\"EntryPoint\",\"urlTemplate\":\"https:\/\/garazyki.pl\/de\/?s={search_term_string}\"},\"query-input\":{\"@type\":\"PropertyValueSpecification\",\"valueRequired\":true,\"valueName\":\"search_term_string\"}}],\"inLanguage\":\"de\"},{\"@type\":\"Organization\",\"@id\":\"https:\/\/garazyki.pl\/de\/#organization\",\"name\":\"Garazyki.pl Producent gara\u017cy i kontener\u00f3w biurowych i wiat\",\"url\":\"https:\/\/garazyki.pl\/de\/\",\"logo\":{\"@type\":\"ImageObject\",\"inLanguage\":\"de\",\"@id\":\"https:\/\/garazyki.pl\/de\/#\/schema\/logo\/image\/\",\"url\":\"https:\/\/garazyki.pl\/wp-content\/uploads\/2022\/02\/logo_garazyki_pl.png\",\"contentUrl\":\"https:\/\/garazyki.pl\/wp-content\/uploads\/2022\/02\/logo_garazyki_pl.png\",\"width\":120,\"height\":64,\"caption\":\"Garazyki.pl Producent gara\u017cy i kontener\u00f3w biurowych i wiat\"},\"image\":{\"@id\":\"https:\/\/garazyki.pl\/de\/#\/schema\/logo\/image\/\"},\"sameAs\":[\"https:\/\/www.facebook.com\/garazyki\",\"https:\/\/www.instagram.com\/garazyki.pl\/\",\"https:\/\/www.linkedin.com\/company\/alicja-garazyki\/\"]}]}<\/script>\n<!-- \/ Yoast SEO plugin. -->","yoast_head_json":{"title":"Preisliste - Producent kontener\u00f3w biurowych, wiat \u015bmietnikowych, gara\u017ce z p\u0142ty warstwowej","robots":{"index":"index","follow":"follow","max-snippet":"max-snippet:-1","max-image-preview":"max-image-preview:large","max-video-preview":"max-video-preview:-1"},"canonical":"https:\/\/garazyki.pl\/de\/preisliste\/","og_locale":"de_DE","og_type":"article","og_title":"Preisliste - Producent kontener\u00f3w biurowych, wiat \u015bmietnikowych, gara\u017ce z p\u0142ty warstwowej","og_description":"Die Preislisten der von uns angebotenen Metall-Garagensind den zum Download stehenden pdf-Dateien zu entnehmen. Es handelt sich dabei um Dokumente, die mit Adobe Readerge\u00f6ffnet werden k\u00f6nnen. Sollten Sie jegliche Probleme beim \u00d6ffnen einer der Dateien haben, k\u00f6nnen wir Ihnen selbstverst\u00e4ndlich die Dateien in einem anderen Format \u00fcber eine E-Mail zukommen lassen. Alle \u00c4nderungen, die unseren Preislisten nicht zu entnehmen sind bzw. \u00c4nderungen in folge von individueller Kundenw\u00fcnsche k\u00f6nnen telefonisch vereinbart und bepreist werden: B\u00fcro: +48 58 535-15-96 (7.00-15.00 Uhr)","og_url":"https:\/\/garazyki.pl\/de\/preisliste\/","og_site_name":"Producent kontener\u00f3w biurowych, wiat \u015bmietnikowych, gara\u017ce z p\u0142ty warstwowej","article_publisher":"https:\/\/www.facebook.com\/garazyki","og_image":[{"url":"https:\/\/garazyki.pl\/jpg\/fotocennik.JPG","type":"","width":"","height":""}],"twitter_card":"summary_large_image","schema":{"@context":"https:\/\/schema.org","@graph":[{"@type":"WebPage","@id":"https:\/\/garazyki.pl\/de\/preisliste\/","url":"https:\/\/garazyki.pl\/de\/preisliste\/","name":"Preisliste - Producent kontener\u00f3w biurowych, wiat \u015bmietnikowych, gara\u017ce z p\u0142ty warstwowej","isPartOf":{"@id":"https:\/\/garazyki.pl\/de\/#website"},"primaryImageOfPage":{"@id":"https:\/\/garazyki.pl\/de\/preisliste\/#primaryimage"},"image":{"@id":"https:\/\/garazyki.pl\/de\/preisliste\/#primaryimage"},"thumbnailUrl":"https:\/\/garazyki.pl\/jpg\/fotocennik.JPG","datePublished":"2022-01-30T12:27:46+00:00","breadcrumb":{"@id":"https:\/\/garazyki.pl\/de\/preisliste\/#breadcrumb"},"inLanguage":"de","potentialAction":[{"@type":"ReadAction","target":["https:\/\/garazyki.pl\/de\/preisliste\/"]}]},{"@type":"ImageObject","inLanguage":"de","@id":"https:\/\/garazyki.pl\/de\/preisliste\/#primaryimage","url":"https:\/\/garazyki.pl\/jpg\/fotocennik.JPG","contentUrl":"https:\/\/garazyki.pl\/jpg\/fotocennik.JPG"},{"@type":"BreadcrumbList","@id":"https:\/\/garazyki.pl\/de\/preisliste\/#breadcrumb","itemListElement":[{"@type":"ListItem","position":1,"name":"Strona g\u0142\u00f3wna","item":"https:\/\/garazyki.pl\/de\/"},{"@type":"ListItem","position":2,"name":"Preisliste"}]},{"@type":"WebSite","@id":"https:\/\/garazyki.pl\/de\/#website","url":"https:\/\/garazyki.pl\/de\/","name":"Producent kontener\u00f3w biurowych, wiat \u015bmietnikowych, gara\u017ce z p\u0142ty warstwowej","description":"Kontenery biurowe, wiaty \u015bmietnikowe, hale, gara\u017ce blaszane od producenta.","publisher":{"@id":"https:\/\/garazyki.pl\/de\/#organization"},"potentialAction":[{"@type":"SearchAction","target":{"@type":"EntryPoint","urlTemplate":"https:\/\/garazyki.pl\/de\/?s={search_term_string}"},"query-input":{"@type":"PropertyValueSpecification","valueRequired":true,"valueName":"search_term_string"}}],"inLanguage":"de"},{"@type":"Organization","@id":"https:\/\/garazyki.pl\/de\/#organization","name":"Garazyki.pl Producent gara\u017cy i kontener\u00f3w biurowych i wiat","url":"https:\/\/garazyki.pl\/de\/","logo":{"@type":"ImageObject","inLanguage":"de","@id":"https:\/\/garazyki.pl\/de\/#\/schema\/logo\/image\/","url":"https:\/\/garazyki.pl\/wp-content\/uploads\/2022\/02\/logo_garazyki_pl.png","contentUrl":"https:\/\/garazyki.pl\/wp-content\/uploads\/2022\/02\/logo_garazyki_pl.png","width":120,"height":64,"caption":"Garazyki.pl Producent gara\u017cy i kontener\u00f3w biurowych i wiat"},"image":{"@id":"https:\/\/garazyki.pl\/de\/#\/schema\/logo\/image\/"},"sameAs":["https:\/\/www.facebook.com\/garazyki","https:\/\/www.instagram.com\/garazyki.pl\/","https:\/\/www.linkedin.com\/company\/alicja-garazyki\/"]}]}},"_links":{"self":[{"href":"https:\/\/garazyki.pl\/de\/wp-json\/wp\/v2\/pages\/105161","targetHints":{"allow":["GET"]}}],"collection":[{"href":"https:\/\/garazyki.pl\/de\/wp-json\/wp\/v2\/pages"}],"about":[{"href":"https:\/\/garazyki.pl\/de\/wp-json\/wp\/v2\/types\/page"}],"author":[{"embeddable":true,"href":"https:\/\/garazyki.pl\/de\/wp-json\/wp\/v2\/users\/1"}],"replies":[{"embeddable":true,"href":"https:\/\/garazyki.pl\/de\/wp-json\/wp\/v2\/comments?post=105161"}],"version-history":[{"count":0,"href":"https:\/\/garazyki.pl\/de\/wp-json\/wp\/v2\/pages\/105161\/revisions"}],"wp:attachment":[{"href":"https:\/\/garazyki.pl\/de\/wp-json\/wp\/v2\/media?parent=105161"}],"curies":[{"name":"wp","href":"https:\/\/api.w.org\/{rel}","templated":true}]}}