{"id":105160,"date":"2022-01-30T13:18:58","date_gmt":"2022-01-30T12:18:58","guid":{"rendered":"https:\/\/garazyki.pl\/zubehoer\/"},"modified":"2022-01-30T13:18:58","modified_gmt":"2022-01-30T12:18:58","slug":"zubehoer","status":"publish","type":"page","link":"https:\/\/garazyki.pl\/de\/zubehoer\/","title":{"rendered":"Zubeh\u00f6r"},"content":{"rendered":"<div>\n<p>Als Blechgaragen- und anderer Konstruktionen Hersteller nutzen wir ausschlie\u00dflich Materialien von h\u00f6chster Qualit\u00e4t von gepr\u00fcften Lieferanten. Nach unserer langj\u00e4hrigen Erfahrung nutzen wir Schliessungen die sich durch ihre langlebigkeit auszeichnen von der Firma\u00a0 \u201eKowal\u201d (www.kowal.malopolska.pl).<\/p>\n<\/div>\n<div>\n<div>\u00a0<strong>Kastel 1<\/strong><\/div>\n<\/div>\n<div>\n<div>\n<p><span style=\"font-family: Verdana, sans-serif;\"><span style=\"font-size: small;\">Das Schloss\u00a0<\/span><\/span><span style=\"font-family: Verdana, sans-serif;\"><span style=\"font-size: small;\">Kastel-1<\/span><\/span><span style=\"font-family: Verdana, sans-serif;\"><span style=\"font-size: small;\">\u00a0wird mit einer bzw. zwei unteren Riegelendst\u00fccken geliefert. Der Schlossmechanismus wird mittels eines Schl\u00fcssels entriegelt.<br \/>\nUm das Schloss zu \u00f6ffnen, ist der Schl\u00fcssel um ca. 270 Grad zu drehen &#8211; bis zum Anschlag, infolge dessen der Schlossmechanismus entriegelt wird. Dann kann man mit Hilfe des T\u00fcrgriffs die Riegel \u00f6ffnen.<\/p>\n<p>Die Lieferung des Schlosssatzes besteht aus: 1 Kastenschloss, 1 Garagen-T\u00fcrgriff,<br \/>\n2 Riegelleisten, 1 einfache Haltezunge, 1 profilierte Haltezunge, 4 Leitschienen f\u00fcr Leisten, 1 Satz Schrauben.<\/span><\/span><\/p>\n<\/div>\n<div><img loading=\"lazy\" decoding=\"async\" src=\"https:\/\/garazyki.pl\/data\/akcesoria\/kastel1.gif\" alt=\"akcesoria do gara\u017cy Kastel\" width=\"160\" height=\"118\" border=\"0\" \/><img loading=\"lazy\" decoding=\"async\" src=\"https:\/\/garazyki.pl\/data\/akcesoria\/kastel1rysmaly.gif\" alt=\"Akcesoria gara\u017cowe\" width=\"100\" height=\"76\" border=\"0\" \/><\/div>\n<\/div>\n<div>\n<div>\u00a0<strong>Kastel 2<\/strong><\/div>\n<\/div>\n<div>\n<div>\n<p><span style=\"font-family: Verdana, sans-serif;\"><span style=\"font-size: small;\">Beim Schloss\u00a0<\/span><\/span><span style=\"font-family: Verdana, sans-serif;\"><span style=\"font-size: small;\">Kastel-2<\/span><\/span><span style=\"font-family: Verdana, sans-serif;\"><span style=\"font-size: small;\">\u00a0sind die Prinzipien f\u00fcr das Schlie\u00dfen und das \u00d6ffnen des Scho\u00dfes gleich wie im Modell\u00a0<\/span><\/span><span style=\"font-family: Verdana, sans-serif;\"><span style=\"font-size: small;\">Kastel-1<\/span><\/span><span style=\"font-family: Verdana, sans-serif;\"><span style=\"font-size: small;\">.<br \/>\nDer Unterschied besteht ausschlie\u00dflich in der Art der Riegelmontage, die in horizontaler Ebene verl\u00e4uft.<\/p>\n<p>Die Lieferung des Schlosssatzes besteht aus: 1 Kastenschloss, 1 Garagen-T\u00fcrgriff,<br \/>\n2 Riegelleisten, 2 einfache Haltezunge, 4 Leitschienen f\u00fcr Leisten, 4 Unterlagsplatten unter die Leitschiene, 1 Satz Schrauben.<\/span><\/span><\/p>\n<\/div>\n<div>\n<p><img loading=\"lazy\" decoding=\"async\" src=\"https:\/\/garazyki.pl\/data\/akcesoria\/kastel2.gif\" alt=\"akcesoria do gara\u017cy Kastel2\" width=\"160\" height=\"137\" border=\"0\" \/><\/p>\n<p><img loading=\"lazy\" decoding=\"async\" src=\"https:\/\/garazyki.pl\/data\/akcesoria\/kastel2rysmaly.gif\" alt=\"akcesoria do gara\u017cy 3\" width=\"60\" height=\"56\" border=\"0\" \/><\/p>\n<\/div>\n<\/div>\n<div><strong>Garagen-Kunststoff-Griff 12\/2<\/strong><br \/>\nFrontplatte 40 x 147 mm<\/div>\n<div>\n<div><img loading=\"lazy\" decoding=\"async\" src=\"https:\/\/garazyki.pl\/data\/akcesoria\/klamkiplast2.gif\" alt=\"akcesoria do gara\u017cy Klamka gara\u017cowa plastikowa 12\/2\" width=\"203\" height=\"154\" border=\"0\" \/><\/div>\n<\/div>\n<div><strong><span style=\"font-family: Verdana, sans-serif;\"><span style=\"font-size: small;\">Fanghakenverriegelung H60<\/span><\/span><\/strong><\/div>\n<div>\n<div>Das Hakenschloss H-60 ist f\u00fcr die Schiebeinfahrtstore vorgesehen, bei denen nur das Zuknallen des Tores erforderlich ist.\u00a0 Dieses Schloss kann bei Profilen mit den Abmessungen ab 60 x 30 mm eingebaut werden.<\/div>\n<div><img loading=\"lazy\" decoding=\"async\" src=\"https:\/\/garazyki.pl\/data\/akcesoria\/h60.gif\" alt=\"akcesoria do gara\u017cy Zamek hakowy H60\" width=\"160\" height=\"198\" border=\"0\" \/><\/div>\n<\/div>\n<div>\n<div><strong>SCHLOSS ALFA<\/strong><\/div>\n<\/div>\n<div>\n<div>\n<p><img loading=\"lazy\" decoding=\"async\" src=\"https:\/\/garazyki.pl\/data\/akcesoria\/zamek-alfa.gif\" alt=\"akcesoria do gara\u017cy ZAMEK ALFA\" width=\"479\" height=\"106\" border=\"0\" \/><\/p>\n<\/div>\n<\/div>\n<div>\n<div><strong>SCHLOSS Atlas<\/strong><\/div>\n<\/div>\n<div>\n<div>\n<p><img loading=\"lazy\" decoding=\"async\" src=\"https:\/\/garazyki.pl\/data\/akcesoria\/zamek-atlas.gif\" alt=\"akcesoria do gara\u017cy Zamek Atlas\" width=\"479\" height=\"106\" border=\"0\" \/><\/p>\n<\/div>\n<\/div>\n<div>\n<div><strong>SCHLOSS Gama<\/strong><\/div>\n<\/div>\n<div>\n<div>\n<p><img loading=\"lazy\" decoding=\"async\" src=\"https:\/\/garazyki.pl\/data\/akcesoria\/zamek-gamma.gif\" alt=\"akcesoria do gara\u017cy Zamek Gama\" width=\"479\" height=\"106\" border=\"0\" \/><\/p>\n<\/div>\n<\/div>\n<div>\n<div><strong>SCHLOSS Minos 50<\/strong><\/div>\n<\/div>\n<div>\n<div>\n<p><img loading=\"lazy\" decoding=\"async\" src=\"https:\/\/garazyki.pl\/data\/akcesoria\/zamek-minos50.gif\" alt=\"akcesoria do gara\u017cy Zamek Minos 50\" width=\"479\" height=\"106\" border=\"0\" \/><\/p>\n<\/div>\n<\/div>\n<div>\n<div><strong>Universal-Verriegelung 100<\/strong><\/div>\n<\/div>\n<div>\n<div>\n<p><img loading=\"lazy\" decoding=\"async\" src=\"https:\/\/garazyki.pl\/data\/akcesoria\/z100.gif\" alt=\"akcesoria do gara\u017cy Zasuwka uniwersalna 100\" width=\"314\" height=\"160\" border=\"0\" \/><\/p>\n<\/div>\n<\/div>\n<div>\n<div><strong>Universal-Schnappverschluss K4<\/strong><\/div>\n<\/div>\n<div>\n<div>\n<p><img loading=\"lazy\" decoding=\"async\" src=\"https:\/\/garazyki.pl\/data\/akcesoria\/zatrzaskd.gif\" alt=\"akcesoria do gara\u017cy Zatrzask uniwersalny K4\" width=\"294\" height=\"201\" border=\"0\" \/><\/p>\n<\/div>\n<\/div>\n","protected":false},"excerpt":{"rendered":"<p>Als Blechgaragen- und anderer Konstruktionen Hersteller nutzen wir ausschlie\u00dflich Materialien von h\u00f6chster Qualit\u00e4t von gepr\u00fcften Lieferanten. Nach unserer langj\u00e4hrigen Erfahrung nutzen wir Schliessungen die sich durch ihre langlebigkeit auszeichnen von der Firma\u00a0 \u201eKowal\u201d (www.kowal.malopolska.pl). \u00a0Kastel 1 Das Schloss\u00a0Kastel-1\u00a0wird mit einer bzw. zwei unteren Riegelendst\u00fccken geliefert. Der Schlossmechanismus wird mittels eines Schl\u00fcssels entriegelt. Um das Schloss [&hellip;]<\/p>\n","protected":false},"author":1,"featured_media":0,"parent":0,"menu_order":0,"comment_status":"closed","ping_status":"closed","template":"","meta":{"_et_pb_use_builder":"","_et_pb_old_content":"","_et_gb_content_width":"","footnotes":""},"class_list":["post-105160","page","type-page","status-publish","hentry"],"yoast_head":"<!-- This site is optimized with the Yoast SEO plugin v27.0 - https:\/\/yoast.com\/product\/yoast-seo-wordpress\/ -->\n<title>Zubeh\u00f6r - Producent kontener\u00f3w biurowych, wiat \u015bmietnikowych, gara\u017ce z p\u0142ty warstwowej<\/title>\n<meta name=\"robots\" content=\"index, follow, max-snippet:-1, max-image-preview:large, max-video-preview:-1\" \/>\n<link rel=\"canonical\" href=\"https:\/\/garazyki.pl\/de\/zubehoer\/\" \/>\n<meta property=\"og:locale\" content=\"de_DE\" \/>\n<meta property=\"og:type\" content=\"article\" \/>\n<meta property=\"og:title\" content=\"Zubeh\u00f6r - Producent kontener\u00f3w biurowych, wiat \u015bmietnikowych, gara\u017ce z p\u0142ty warstwowej\" \/>\n<meta property=\"og:description\" content=\"Als Blechgaragen- und anderer Konstruktionen Hersteller nutzen wir ausschlie\u00dflich Materialien von h\u00f6chster Qualit\u00e4t von gepr\u00fcften Lieferanten. Nach unserer langj\u00e4hrigen Erfahrung nutzen wir Schliessungen die sich durch ihre langlebigkeit auszeichnen von der Firma\u00a0 \u201eKowal\u201d (www.kowal.malopolska.pl). \u00a0Kastel 1 Das Schloss\u00a0Kastel-1\u00a0wird mit einer bzw. zwei unteren Riegelendst\u00fccken geliefert. Der Schlossmechanismus wird mittels eines Schl\u00fcssels entriegelt. Um das Schloss [&hellip;]\" \/>\n<meta property=\"og:url\" content=\"https:\/\/garazyki.pl\/de\/zubehoer\/\" \/>\n<meta property=\"og:site_name\" content=\"Producent kontener\u00f3w biurowych, wiat \u015bmietnikowych, gara\u017ce z p\u0142ty warstwowej\" \/>\n<meta property=\"article:publisher\" content=\"https:\/\/www.facebook.com\/garazyki\" \/>\n<meta property=\"og:image\" content=\"https:\/\/garazyki.pl\/data\/akcesoria\/kastel1.gif\" \/>\n<meta name=\"twitter:card\" content=\"summary_large_image\" \/>\n<meta name=\"twitter:label1\" content=\"Gesch\u00e4tzte Lesezeit\" \/>\n\t<meta name=\"twitter:data1\" content=\"1\u00a0Minute\" \/>\n<script type=\"application\/ld+json\" class=\"yoast-schema-graph\">{\"@context\":\"https:\/\/schema.org\",\"@graph\":[{\"@type\":\"WebPage\",\"@id\":\"https:\/\/garazyki.pl\/de\/zubehoer\/\",\"url\":\"https:\/\/garazyki.pl\/de\/zubehoer\/\",\"name\":\"Zubeh\u00f6r - Producent kontener\u00f3w biurowych, wiat \u015bmietnikowych, gara\u017ce z p\u0142ty warstwowej\",\"isPartOf\":{\"@id\":\"https:\/\/garazyki.pl\/de\/#website\"},\"primaryImageOfPage\":{\"@id\":\"https:\/\/garazyki.pl\/de\/zubehoer\/#primaryimage\"},\"image\":{\"@id\":\"https:\/\/garazyki.pl\/de\/zubehoer\/#primaryimage\"},\"thumbnailUrl\":\"https:\/\/garazyki.pl\/data\/akcesoria\/kastel1.gif\",\"datePublished\":\"2022-01-30T12:18:58+00:00\",\"breadcrumb\":{\"@id\":\"https:\/\/garazyki.pl\/de\/zubehoer\/#breadcrumb\"},\"inLanguage\":\"de\",\"potentialAction\":[{\"@type\":\"ReadAction\",\"target\":[\"https:\/\/garazyki.pl\/de\/zubehoer\/\"]}]},{\"@type\":\"ImageObject\",\"inLanguage\":\"de\",\"@id\":\"https:\/\/garazyki.pl\/de\/zubehoer\/#primaryimage\",\"url\":\"https:\/\/garazyki.pl\/data\/akcesoria\/kastel1.gif\",\"contentUrl\":\"https:\/\/garazyki.pl\/data\/akcesoria\/kastel1.gif\"},{\"@type\":\"BreadcrumbList\",\"@id\":\"https:\/\/garazyki.pl\/de\/zubehoer\/#breadcrumb\",\"itemListElement\":[{\"@type\":\"ListItem\",\"position\":1,\"name\":\"Strona g\u0142\u00f3wna\",\"item\":\"https:\/\/garazyki.pl\/de\/\"},{\"@type\":\"ListItem\",\"position\":2,\"name\":\"Zubeh\u00f6r\"}]},{\"@type\":\"WebSite\",\"@id\":\"https:\/\/garazyki.pl\/de\/#website\",\"url\":\"https:\/\/garazyki.pl\/de\/\",\"name\":\"Producent kontener\u00f3w biurowych, wiat \u015bmietnikowych, gara\u017ce z p\u0142ty warstwowej\",\"description\":\"Kontenery biurowe, wiaty \u015bmietnikowe, hale, gara\u017ce blaszane od producenta.\",\"publisher\":{\"@id\":\"https:\/\/garazyki.pl\/de\/#organization\"},\"potentialAction\":[{\"@type\":\"SearchAction\",\"target\":{\"@type\":\"EntryPoint\",\"urlTemplate\":\"https:\/\/garazyki.pl\/de\/?s={search_term_string}\"},\"query-input\":{\"@type\":\"PropertyValueSpecification\",\"valueRequired\":true,\"valueName\":\"search_term_string\"}}],\"inLanguage\":\"de\"},{\"@type\":\"Organization\",\"@id\":\"https:\/\/garazyki.pl\/de\/#organization\",\"name\":\"Garazyki.pl Producent gara\u017cy i kontener\u00f3w biurowych i wiat\",\"url\":\"https:\/\/garazyki.pl\/de\/\",\"logo\":{\"@type\":\"ImageObject\",\"inLanguage\":\"de\",\"@id\":\"https:\/\/garazyki.pl\/de\/#\/schema\/logo\/image\/\",\"url\":\"https:\/\/garazyki.pl\/wp-content\/uploads\/2022\/02\/logo_garazyki_pl.png\",\"contentUrl\":\"https:\/\/garazyki.pl\/wp-content\/uploads\/2022\/02\/logo_garazyki_pl.png\",\"width\":120,\"height\":64,\"caption\":\"Garazyki.pl Producent gara\u017cy i kontener\u00f3w biurowych i wiat\"},\"image\":{\"@id\":\"https:\/\/garazyki.pl\/de\/#\/schema\/logo\/image\/\"},\"sameAs\":[\"https:\/\/www.facebook.com\/garazyki\",\"https:\/\/www.instagram.com\/garazyki.pl\/\",\"https:\/\/www.linkedin.com\/company\/alicja-garazyki\/\"]}]}<\/script>\n<!-- \/ Yoast SEO plugin. -->","yoast_head_json":{"title":"Zubeh\u00f6r - Producent kontener\u00f3w biurowych, wiat \u015bmietnikowych, gara\u017ce z p\u0142ty warstwowej","robots":{"index":"index","follow":"follow","max-snippet":"max-snippet:-1","max-image-preview":"max-image-preview:large","max-video-preview":"max-video-preview:-1"},"canonical":"https:\/\/garazyki.pl\/de\/zubehoer\/","og_locale":"de_DE","og_type":"article","og_title":"Zubeh\u00f6r - Producent kontener\u00f3w biurowych, wiat \u015bmietnikowych, gara\u017ce z p\u0142ty warstwowej","og_description":"Als Blechgaragen- und anderer Konstruktionen Hersteller nutzen wir ausschlie\u00dflich Materialien von h\u00f6chster Qualit\u00e4t von gepr\u00fcften Lieferanten. Nach unserer langj\u00e4hrigen Erfahrung nutzen wir Schliessungen die sich durch ihre langlebigkeit auszeichnen von der Firma\u00a0 \u201eKowal\u201d (www.kowal.malopolska.pl). \u00a0Kastel 1 Das Schloss\u00a0Kastel-1\u00a0wird mit einer bzw. zwei unteren Riegelendst\u00fccken geliefert. Der Schlossmechanismus wird mittels eines Schl\u00fcssels entriegelt. Um das Schloss [&hellip;]","og_url":"https:\/\/garazyki.pl\/de\/zubehoer\/","og_site_name":"Producent kontener\u00f3w biurowych, wiat \u015bmietnikowych, gara\u017ce z p\u0142ty warstwowej","article_publisher":"https:\/\/www.facebook.com\/garazyki","og_image":[{"url":"https:\/\/garazyki.pl\/data\/akcesoria\/kastel1.gif","type":"","width":"","height":""}],"twitter_card":"summary_large_image","twitter_misc":{"Gesch\u00e4tzte Lesezeit":"1\u00a0Minute"},"schema":{"@context":"https:\/\/schema.org","@graph":[{"@type":"WebPage","@id":"https:\/\/garazyki.pl\/de\/zubehoer\/","url":"https:\/\/garazyki.pl\/de\/zubehoer\/","name":"Zubeh\u00f6r - Producent kontener\u00f3w biurowych, wiat \u015bmietnikowych, gara\u017ce z p\u0142ty warstwowej","isPartOf":{"@id":"https:\/\/garazyki.pl\/de\/#website"},"primaryImageOfPage":{"@id":"https:\/\/garazyki.pl\/de\/zubehoer\/#primaryimage"},"image":{"@id":"https:\/\/garazyki.pl\/de\/zubehoer\/#primaryimage"},"thumbnailUrl":"https:\/\/garazyki.pl\/data\/akcesoria\/kastel1.gif","datePublished":"2022-01-30T12:18:58+00:00","breadcrumb":{"@id":"https:\/\/garazyki.pl\/de\/zubehoer\/#breadcrumb"},"inLanguage":"de","potentialAction":[{"@type":"ReadAction","target":["https:\/\/garazyki.pl\/de\/zubehoer\/"]}]},{"@type":"ImageObject","inLanguage":"de","@id":"https:\/\/garazyki.pl\/de\/zubehoer\/#primaryimage","url":"https:\/\/garazyki.pl\/data\/akcesoria\/kastel1.gif","contentUrl":"https:\/\/garazyki.pl\/data\/akcesoria\/kastel1.gif"},{"@type":"BreadcrumbList","@id":"https:\/\/garazyki.pl\/de\/zubehoer\/#breadcrumb","itemListElement":[{"@type":"ListItem","position":1,"name":"Strona g\u0142\u00f3wna","item":"https:\/\/garazyki.pl\/de\/"},{"@type":"ListItem","position":2,"name":"Zubeh\u00f6r"}]},{"@type":"WebSite","@id":"https:\/\/garazyki.pl\/de\/#website","url":"https:\/\/garazyki.pl\/de\/","name":"Producent kontener\u00f3w biurowych, wiat \u015bmietnikowych, gara\u017ce z p\u0142ty warstwowej","description":"Kontenery biurowe, wiaty \u015bmietnikowe, hale, gara\u017ce blaszane od producenta.","publisher":{"@id":"https:\/\/garazyki.pl\/de\/#organization"},"potentialAction":[{"@type":"SearchAction","target":{"@type":"EntryPoint","urlTemplate":"https:\/\/garazyki.pl\/de\/?s={search_term_string}"},"query-input":{"@type":"PropertyValueSpecification","valueRequired":true,"valueName":"search_term_string"}}],"inLanguage":"de"},{"@type":"Organization","@id":"https:\/\/garazyki.pl\/de\/#organization","name":"Garazyki.pl Producent gara\u017cy i kontener\u00f3w biurowych i wiat","url":"https:\/\/garazyki.pl\/de\/","logo":{"@type":"ImageObject","inLanguage":"de","@id":"https:\/\/garazyki.pl\/de\/#\/schema\/logo\/image\/","url":"https:\/\/garazyki.pl\/wp-content\/uploads\/2022\/02\/logo_garazyki_pl.png","contentUrl":"https:\/\/garazyki.pl\/wp-content\/uploads\/2022\/02\/logo_garazyki_pl.png","width":120,"height":64,"caption":"Garazyki.pl Producent gara\u017cy i kontener\u00f3w biurowych i wiat"},"image":{"@id":"https:\/\/garazyki.pl\/de\/#\/schema\/logo\/image\/"},"sameAs":["https:\/\/www.facebook.com\/garazyki","https:\/\/www.instagram.com\/garazyki.pl\/","https:\/\/www.linkedin.com\/company\/alicja-garazyki\/"]}]}},"_links":{"self":[{"href":"https:\/\/garazyki.pl\/de\/wp-json\/wp\/v2\/pages\/105160","targetHints":{"allow":["GET"]}}],"collection":[{"href":"https:\/\/garazyki.pl\/de\/wp-json\/wp\/v2\/pages"}],"about":[{"href":"https:\/\/garazyki.pl\/de\/wp-json\/wp\/v2\/types\/page"}],"author":[{"embeddable":true,"href":"https:\/\/garazyki.pl\/de\/wp-json\/wp\/v2\/users\/1"}],"replies":[{"embeddable":true,"href":"https:\/\/garazyki.pl\/de\/wp-json\/wp\/v2\/comments?post=105160"}],"version-history":[{"count":0,"href":"https:\/\/garazyki.pl\/de\/wp-json\/wp\/v2\/pages\/105160\/revisions"}],"wp:attachment":[{"href":"https:\/\/garazyki.pl\/de\/wp-json\/wp\/v2\/media?parent=105160"}],"curies":[{"name":"wp","href":"https:\/\/api.w.org\/{rel}","templated":true}]}}