{"id":105135,"date":"2022-01-30T12:19:18","date_gmt":"2022-01-30T11:19:18","guid":{"rendered":"https:\/\/garazyki.pl\/vorbereitung-des-garagenplatzes\/"},"modified":"2022-01-30T12:19:18","modified_gmt":"2022-01-30T11:19:18","slug":"vorbereitung-des-garagenplatzes","status":"publish","type":"page","link":"https:\/\/garazyki.pl\/de\/vorbereitung-des-garagenplatzes\/","title":{"rendered":"Vorbereitung des Garagenplatzes"},"content":{"rendered":"<div>\n<p style=\"text-align: left;\">Der Untergrund muss nivelliert sein.Minimal sechs Betonbl\u00f6cke um den Rand herum,vier an den Ecken und die restlichen zwei in der Mitte der W\u00e4nde. Es kann auch ein Esstrichboden gegossen sein. Pflasterung eignet sich auch.<\/p>\n<p>Unteres Bild zeigt wie die Betonbl\u00f6cke f\u00fcr eine standard Blechgarage 3m x 5m platziert werden m\u00fcssen.<\/p>\n<\/div>\n<div id=\"attachment_100673\" style=\"width: 711px\" class=\"wp-caption aligncenter\"><img loading=\"lazy\" decoding=\"async\" aria-describedby=\"caption-attachment-100673\" class=\"wp-image-100673 size-full\" src=\"https:\/\/garazyki.pl\/wp-content\/uploads\/2022\/01\/podloze2.png\" alt=\"Obowi\u0105zkiem klienta jest przygotowanie pod\u0142o\u017ca przed monta\u017cem.\" width=\"701\" height=\"300\" srcset=\"https:\/\/garazyki.pl\/wp-content\/uploads\/2022\/01\/podloze2.png 701w, https:\/\/garazyki.pl\/wp-content\/uploads\/2022\/01\/podloze2-480x205.png 480w\" sizes=\"(min-width: 0px) and (max-width: 480px) 480px, (min-width: 481px) 701px, 100vw\" \/><p id=\"caption-attachment-100673\" class=\"wp-caption-text\">Grundvorbereitung muss der Kunde selbst machen<\/p><\/div>\n<div style=\"text-align: center;\"><\/div>\n<h2 style=\"text-align: center;\"><span class=\"h2\">Untergrund f\u00fcr die Blechgarage-Achtung<\/span><\/h2>\n<div style=\"text-align: center;\">\n<p style=\"text-align: left;\">Bei unseren Garagen ist ein Kantprofil standartm\u00e4\u00dfig in der Schw\u00e4lle. Im Falle eines Flachen Untergrundes(Esstrich, Pflaster) wird empfohlen ein flachprofil zu installieren. Diese Option kostet 50 zloty.<\/p>\n<p>Jede Garage muss an den Boden verankert werden. Die Verankerung kann der Kunde selbst machen oder uns damit beauftragen. Daf\u00fcr werden Stahlancker verwendet, im Falle des Esstrichs werden Plastikd\u00fcbel verwendet. Es k\u00f6nnen auch Chemie Anker werwendet werden.<\/p>\n<p>&nbsp;<\/p>\n<\/div>\n<div style=\"text-align: center;\">\n<p><img loading=\"lazy\" decoding=\"async\" class=\"wp-image-100674 size-medium\" src=\"https:\/\/garazyki.pl\/wp-content\/uploads\/2022\/01\/przygotowanie-podloza-pod-garaz-Podloze-bloczki-300x196.jpg\" alt=\"\" width=\"300\" height=\"196\" \/><img loading=\"lazy\" decoding=\"async\" class=\"alignnone size-medium wp-image-100676\" src=\"https:\/\/garazyki.pl\/wp-content\/uploads\/2022\/01\/przygotowanie-podloza-pod-garaz-Podloze-bloczki-1-300x196.jpg\" alt=\"\" width=\"300\" height=\"196\" \/><\/p>\n<\/div>\n<div style=\"text-align: center;\">\n<p>Vorbereitung mit beton Fundamentbl\u00f6cken<\/p>\n<p>&nbsp;<\/p>\n<\/div>\n<div>\n<p style=\"text-align: center;\"><img loading=\"lazy\" decoding=\"async\" class=\"alignnone wp-image-100675 size-medium\" src=\"https:\/\/garazyki.pl\/wp-content\/uploads\/2022\/01\/przygotowanie-podloza-pod-garaz-Podloze-wylewka-300x196.jpg\" alt=\"\" width=\"300\" height=\"196\" \/><img loading=\"lazy\" decoding=\"async\" class=\"alignnone size-medium wp-image-100677\" src=\"https:\/\/garazyki.pl\/wp-content\/uploads\/2022\/01\/przygotowanie-podloza-pod-garaz-Podloze-wylewka-1-300x196.jpg\" alt=\"\" width=\"300\" height=\"196\" \/><\/p>\n<p style=\"text-align: center;\">Vorbereitung des Esstrichbodens<\/p>\n<\/div>\n","protected":false},"excerpt":{"rendered":"<p>Der Untergrund muss nivelliert sein.Minimal sechs Betonbl\u00f6cke um den Rand herum,vier an den Ecken und die restlichen zwei in der Mitte der W\u00e4nde. Es kann auch ein Esstrichboden gegossen sein. Pflasterung eignet sich auch. Unteres Bild zeigt wie die Betonbl\u00f6cke f\u00fcr eine standard Blechgarage 3m x 5m platziert werden m\u00fcssen. Untergrund f\u00fcr die Blechgarage-Achtung Bei [&hellip;]<\/p>\n","protected":false},"author":1,"featured_media":0,"parent":0,"menu_order":0,"comment_status":"closed","ping_status":"closed","template":"","meta":{"_et_pb_use_builder":"","_et_pb_old_content":"","_et_gb_content_width":"","footnotes":""},"class_list":["post-105135","page","type-page","status-publish","hentry"],"yoast_head":"<!-- This site is optimized with the Yoast SEO plugin v27.0 - https:\/\/yoast.com\/product\/yoast-seo-wordpress\/ -->\n<title>Vorbereitung des Garagenplatzes - Producent kontener\u00f3w biurowych, wiat \u015bmietnikowych, gara\u017ce z p\u0142ty warstwowej<\/title>\n<meta name=\"robots\" content=\"index, follow, max-snippet:-1, max-image-preview:large, max-video-preview:-1\" \/>\n<link rel=\"canonical\" href=\"https:\/\/garazyki.pl\/de\/vorbereitung-des-garagenplatzes\/\" \/>\n<meta property=\"og:locale\" content=\"de_DE\" \/>\n<meta property=\"og:type\" content=\"article\" \/>\n<meta property=\"og:title\" content=\"Vorbereitung des Garagenplatzes - Producent kontener\u00f3w biurowych, wiat \u015bmietnikowych, gara\u017ce z p\u0142ty warstwowej\" \/>\n<meta property=\"og:description\" content=\"Der Untergrund muss nivelliert sein.Minimal sechs Betonbl\u00f6cke um den Rand herum,vier an den Ecken und die restlichen zwei in der Mitte der W\u00e4nde. Es kann auch ein Esstrichboden gegossen sein. Pflasterung eignet sich auch. Unteres Bild zeigt wie die Betonbl\u00f6cke f\u00fcr eine standard Blechgarage 3m x 5m platziert werden m\u00fcssen. Untergrund f\u00fcr die Blechgarage-Achtung Bei [&hellip;]\" \/>\n<meta property=\"og:url\" content=\"https:\/\/garazyki.pl\/de\/vorbereitung-des-garagenplatzes\/\" \/>\n<meta property=\"og:site_name\" content=\"Producent kontener\u00f3w biurowych, wiat \u015bmietnikowych, gara\u017ce z p\u0142ty warstwowej\" \/>\n<meta property=\"article:publisher\" content=\"https:\/\/www.facebook.com\/garazyki\" \/>\n<meta property=\"og:image\" content=\"https:\/\/garazyki.pl\/wp-content\/uploads\/2022\/01\/podloze2.png\" \/>\n<meta name=\"twitter:card\" content=\"summary_large_image\" \/>\n<meta name=\"twitter:label1\" content=\"Gesch\u00e4tzte Lesezeit\" \/>\n\t<meta name=\"twitter:data1\" content=\"1\u00a0Minute\" \/>\n<script type=\"application\/ld+json\" class=\"yoast-schema-graph\">{\"@context\":\"https:\/\/schema.org\",\"@graph\":[{\"@type\":\"WebPage\",\"@id\":\"https:\/\/garazyki.pl\/de\/vorbereitung-des-garagenplatzes\/\",\"url\":\"https:\/\/garazyki.pl\/de\/vorbereitung-des-garagenplatzes\/\",\"name\":\"Vorbereitung des Garagenplatzes - Producent kontener\u00f3w biurowych, wiat \u015bmietnikowych, gara\u017ce z p\u0142ty warstwowej\",\"isPartOf\":{\"@id\":\"https:\/\/garazyki.pl\/de\/#website\"},\"primaryImageOfPage\":{\"@id\":\"https:\/\/garazyki.pl\/de\/vorbereitung-des-garagenplatzes\/#primaryimage\"},\"image\":{\"@id\":\"https:\/\/garazyki.pl\/de\/vorbereitung-des-garagenplatzes\/#primaryimage\"},\"thumbnailUrl\":\"https:\/\/garazyki.pl\/wp-content\/uploads\/2022\/01\/podloze2.png\",\"datePublished\":\"2022-01-30T11:19:18+00:00\",\"breadcrumb\":{\"@id\":\"https:\/\/garazyki.pl\/de\/vorbereitung-des-garagenplatzes\/#breadcrumb\"},\"inLanguage\":\"de\",\"potentialAction\":[{\"@type\":\"ReadAction\",\"target\":[\"https:\/\/garazyki.pl\/de\/vorbereitung-des-garagenplatzes\/\"]}]},{\"@type\":\"ImageObject\",\"inLanguage\":\"de\",\"@id\":\"https:\/\/garazyki.pl\/de\/vorbereitung-des-garagenplatzes\/#primaryimage\",\"url\":\"https:\/\/garazyki.pl\/wp-content\/uploads\/2022\/01\/podloze2.png\",\"contentUrl\":\"https:\/\/garazyki.pl\/wp-content\/uploads\/2022\/01\/podloze2.png\"},{\"@type\":\"BreadcrumbList\",\"@id\":\"https:\/\/garazyki.pl\/de\/vorbereitung-des-garagenplatzes\/#breadcrumb\",\"itemListElement\":[{\"@type\":\"ListItem\",\"position\":1,\"name\":\"Strona g\u0142\u00f3wna\",\"item\":\"https:\/\/garazyki.pl\/de\/\"},{\"@type\":\"ListItem\",\"position\":2,\"name\":\"Vorbereitung des Garagenplatzes\"}]},{\"@type\":\"WebSite\",\"@id\":\"https:\/\/garazyki.pl\/de\/#website\",\"url\":\"https:\/\/garazyki.pl\/de\/\",\"name\":\"Producent kontener\u00f3w biurowych, wiat \u015bmietnikowych, gara\u017ce z p\u0142ty warstwowej\",\"description\":\"Kontenery biurowe, wiaty \u015bmietnikowe, hale, gara\u017ce blaszane od producenta.\",\"publisher\":{\"@id\":\"https:\/\/garazyki.pl\/de\/#organization\"},\"potentialAction\":[{\"@type\":\"SearchAction\",\"target\":{\"@type\":\"EntryPoint\",\"urlTemplate\":\"https:\/\/garazyki.pl\/de\/?s={search_term_string}\"},\"query-input\":{\"@type\":\"PropertyValueSpecification\",\"valueRequired\":true,\"valueName\":\"search_term_string\"}}],\"inLanguage\":\"de\"},{\"@type\":\"Organization\",\"@id\":\"https:\/\/garazyki.pl\/de\/#organization\",\"name\":\"Garazyki.pl Producent gara\u017cy i kontener\u00f3w biurowych i wiat\",\"url\":\"https:\/\/garazyki.pl\/de\/\",\"logo\":{\"@type\":\"ImageObject\",\"inLanguage\":\"de\",\"@id\":\"https:\/\/garazyki.pl\/de\/#\/schema\/logo\/image\/\",\"url\":\"https:\/\/garazyki.pl\/wp-content\/uploads\/2022\/02\/logo_garazyki_pl.png\",\"contentUrl\":\"https:\/\/garazyki.pl\/wp-content\/uploads\/2022\/02\/logo_garazyki_pl.png\",\"width\":120,\"height\":64,\"caption\":\"Garazyki.pl Producent gara\u017cy i kontener\u00f3w biurowych i wiat\"},\"image\":{\"@id\":\"https:\/\/garazyki.pl\/de\/#\/schema\/logo\/image\/\"},\"sameAs\":[\"https:\/\/www.facebook.com\/garazyki\",\"https:\/\/www.instagram.com\/garazyki.pl\/\",\"https:\/\/www.linkedin.com\/company\/alicja-garazyki\/\"]}]}<\/script>\n<!-- \/ Yoast SEO plugin. -->","yoast_head_json":{"title":"Vorbereitung des Garagenplatzes - Producent kontener\u00f3w biurowych, wiat \u015bmietnikowych, gara\u017ce z p\u0142ty warstwowej","robots":{"index":"index","follow":"follow","max-snippet":"max-snippet:-1","max-image-preview":"max-image-preview:large","max-video-preview":"max-video-preview:-1"},"canonical":"https:\/\/garazyki.pl\/de\/vorbereitung-des-garagenplatzes\/","og_locale":"de_DE","og_type":"article","og_title":"Vorbereitung des Garagenplatzes - Producent kontener\u00f3w biurowych, wiat \u015bmietnikowych, gara\u017ce z p\u0142ty warstwowej","og_description":"Der Untergrund muss nivelliert sein.Minimal sechs Betonbl\u00f6cke um den Rand herum,vier an den Ecken und die restlichen zwei in der Mitte der W\u00e4nde. Es kann auch ein Esstrichboden gegossen sein. Pflasterung eignet sich auch. Unteres Bild zeigt wie die Betonbl\u00f6cke f\u00fcr eine standard Blechgarage 3m x 5m platziert werden m\u00fcssen. Untergrund f\u00fcr die Blechgarage-Achtung Bei [&hellip;]","og_url":"https:\/\/garazyki.pl\/de\/vorbereitung-des-garagenplatzes\/","og_site_name":"Producent kontener\u00f3w biurowych, wiat \u015bmietnikowych, gara\u017ce z p\u0142ty warstwowej","article_publisher":"https:\/\/www.facebook.com\/garazyki","og_image":[{"url":"https:\/\/garazyki.pl\/wp-content\/uploads\/2022\/01\/podloze2.png","type":"","width":"","height":""}],"twitter_card":"summary_large_image","twitter_misc":{"Gesch\u00e4tzte Lesezeit":"1\u00a0Minute"},"schema":{"@context":"https:\/\/schema.org","@graph":[{"@type":"WebPage","@id":"https:\/\/garazyki.pl\/de\/vorbereitung-des-garagenplatzes\/","url":"https:\/\/garazyki.pl\/de\/vorbereitung-des-garagenplatzes\/","name":"Vorbereitung des Garagenplatzes - Producent kontener\u00f3w biurowych, wiat \u015bmietnikowych, gara\u017ce z p\u0142ty warstwowej","isPartOf":{"@id":"https:\/\/garazyki.pl\/de\/#website"},"primaryImageOfPage":{"@id":"https:\/\/garazyki.pl\/de\/vorbereitung-des-garagenplatzes\/#primaryimage"},"image":{"@id":"https:\/\/garazyki.pl\/de\/vorbereitung-des-garagenplatzes\/#primaryimage"},"thumbnailUrl":"https:\/\/garazyki.pl\/wp-content\/uploads\/2022\/01\/podloze2.png","datePublished":"2022-01-30T11:19:18+00:00","breadcrumb":{"@id":"https:\/\/garazyki.pl\/de\/vorbereitung-des-garagenplatzes\/#breadcrumb"},"inLanguage":"de","potentialAction":[{"@type":"ReadAction","target":["https:\/\/garazyki.pl\/de\/vorbereitung-des-garagenplatzes\/"]}]},{"@type":"ImageObject","inLanguage":"de","@id":"https:\/\/garazyki.pl\/de\/vorbereitung-des-garagenplatzes\/#primaryimage","url":"https:\/\/garazyki.pl\/wp-content\/uploads\/2022\/01\/podloze2.png","contentUrl":"https:\/\/garazyki.pl\/wp-content\/uploads\/2022\/01\/podloze2.png"},{"@type":"BreadcrumbList","@id":"https:\/\/garazyki.pl\/de\/vorbereitung-des-garagenplatzes\/#breadcrumb","itemListElement":[{"@type":"ListItem","position":1,"name":"Strona g\u0142\u00f3wna","item":"https:\/\/garazyki.pl\/de\/"},{"@type":"ListItem","position":2,"name":"Vorbereitung des Garagenplatzes"}]},{"@type":"WebSite","@id":"https:\/\/garazyki.pl\/de\/#website","url":"https:\/\/garazyki.pl\/de\/","name":"Producent kontener\u00f3w biurowych, wiat \u015bmietnikowych, gara\u017ce z p\u0142ty warstwowej","description":"Kontenery biurowe, wiaty \u015bmietnikowe, hale, gara\u017ce blaszane od producenta.","publisher":{"@id":"https:\/\/garazyki.pl\/de\/#organization"},"potentialAction":[{"@type":"SearchAction","target":{"@type":"EntryPoint","urlTemplate":"https:\/\/garazyki.pl\/de\/?s={search_term_string}"},"query-input":{"@type":"PropertyValueSpecification","valueRequired":true,"valueName":"search_term_string"}}],"inLanguage":"de"},{"@type":"Organization","@id":"https:\/\/garazyki.pl\/de\/#organization","name":"Garazyki.pl Producent gara\u017cy i kontener\u00f3w biurowych i wiat","url":"https:\/\/garazyki.pl\/de\/","logo":{"@type":"ImageObject","inLanguage":"de","@id":"https:\/\/garazyki.pl\/de\/#\/schema\/logo\/image\/","url":"https:\/\/garazyki.pl\/wp-content\/uploads\/2022\/02\/logo_garazyki_pl.png","contentUrl":"https:\/\/garazyki.pl\/wp-content\/uploads\/2022\/02\/logo_garazyki_pl.png","width":120,"height":64,"caption":"Garazyki.pl Producent gara\u017cy i kontener\u00f3w biurowych i wiat"},"image":{"@id":"https:\/\/garazyki.pl\/de\/#\/schema\/logo\/image\/"},"sameAs":["https:\/\/www.facebook.com\/garazyki","https:\/\/www.instagram.com\/garazyki.pl\/","https:\/\/www.linkedin.com\/company\/alicja-garazyki\/"]}]}},"_links":{"self":[{"href":"https:\/\/garazyki.pl\/de\/wp-json\/wp\/v2\/pages\/105135","targetHints":{"allow":["GET"]}}],"collection":[{"href":"https:\/\/garazyki.pl\/de\/wp-json\/wp\/v2\/pages"}],"about":[{"href":"https:\/\/garazyki.pl\/de\/wp-json\/wp\/v2\/types\/page"}],"author":[{"embeddable":true,"href":"https:\/\/garazyki.pl\/de\/wp-json\/wp\/v2\/users\/1"}],"replies":[{"embeddable":true,"href":"https:\/\/garazyki.pl\/de\/wp-json\/wp\/v2\/comments?post=105135"}],"version-history":[{"count":0,"href":"https:\/\/garazyki.pl\/de\/wp-json\/wp\/v2\/pages\/105135\/revisions"}],"wp:attachment":[{"href":"https:\/\/garazyki.pl\/de\/wp-json\/wp\/v2\/media?parent=105135"}],"curies":[{"name":"wp","href":"https:\/\/api.w.org\/{rel}","templated":true}]}}